{"id":9881,"date":"2023-08-29T20:16:25","date_gmt":"2023-08-29T17:16:25","guid":{"rendered":"https:\/\/mebee.com.tr\/?post_type=product&#038;p=9881"},"modified":"2025-09-18T11:58:11","modified_gmt":"2025-09-18T08:58:11","slug":"natural-bittim-soap","status":"publish","type":"product","link":"https:\/\/www.mebee.com.tr\/en\/product-2\/natural-bittim-soap","title":{"rendered":"Natural B\u0131tt\u0131m Soap"},"content":{"rendered":"","protected":false},"excerpt":{"rendered":"<p>It is a traditional product made from the oil of the small-grained wild pistachio (menengi\u00e7) that grows on B\u0131tt\u0131m trees. B\u0131tt\u0131m soap, which is a good cleanser for hair, is effective against hair loss and dandruff. It is used in the treatment of diseases like eczema, psoriasis, vitiligo, and fungal infections. With regular use, it prevents the formation of acne and pimples.<\/p>","protected":false},"featured_media":9883,"template":"","meta":{"_joinchat":[]},"product_brand":[],"product_cat":[83],"product_tag":[],"class_list":{"0":"post-9881","1":"product","2":"type-product","3":"status-publish","4":"has-post-thumbnail","6":"product_cat-organik-sabunlar","8":"first","9":"instock","10":"sale","11":"taxable","12":"shipping-taxable","13":"purchasable","14":"product-type-simple"},"_links":{"self":[{"href":"https:\/\/www.mebee.com.tr\/en\/wp-json\/wp\/v2\/product\/9881","targetHints":{"allow":["GET"]}}],"collection":[{"href":"https:\/\/www.mebee.com.tr\/en\/wp-json\/wp\/v2\/product"}],"about":[{"href":"https:\/\/www.mebee.com.tr\/en\/wp-json\/wp\/v2\/types\/product"}],"version-history":[{"count":0,"href":"https:\/\/www.mebee.com.tr\/en\/wp-json\/wp\/v2\/product\/9881\/revisions"}],"wp:featuredmedia":[{"embeddable":true,"href":"https:\/\/www.mebee.com.tr\/en\/wp-json\/wp\/v2\/media\/9883"}],"wp:attachment":[{"href":"https:\/\/www.mebee.com.tr\/en\/wp-json\/wp\/v2\/media?parent=9881"}],"wp:term":[{"taxonomy":"product_brand","embeddable":true,"href":"https:\/\/www.mebee.com.tr\/en\/wp-json\/wp\/v2\/product_brand?post=9881"},{"taxonomy":"product_cat","embeddable":true,"href":"https:\/\/www.mebee.com.tr\/en\/wp-json\/wp\/v2\/product_cat?post=9881"},{"taxonomy":"product_tag","embeddable":true,"href":"https:\/\/www.mebee.com.tr\/en\/wp-json\/wp\/v2\/product_tag?post=9881"}],"curies":[{"name":"wp","href":"https:\/\/api.w.org\/{rel}","templated":true}]}}