{"id":9628,"date":"2023-06-14T01:28:02","date_gmt":"2023-06-13T22:28:02","guid":{"rendered":"https:\/\/mebee.com.tr\/?post_type=product&#038;p=9628"},"modified":"2025-03-18T22:31:23","modified_gmt":"2025-03-18T19:31:23","slug":"parliament-blue-cotton-muslin-crop","status":"publish","type":"product","link":"https:\/\/www.mebee.com.tr\/en\/product-2\/parliament-blue-cotton-muslin-crop","title":{"rendered":"Parliament Blue Muslin Crop"},"content":{"rendered":"<p>Parlament Mavi M\u00fcslin Crop, enerjik ve ferah bir stil sunar. Parlament mavisinin derin ve canl\u0131 tonu, hafif ve nefes alabilen m\u00fcslin kuma\u015f\u0131yla birle\u015ferek hem g\u00f6z al\u0131c\u0131 hem de rahat bir kullan\u0131m sa\u011flar. Bu crop top, modern ve \u015f\u0131k bir siluet sergiler.<\/p>\n<p>K\u0131sa ve rahat kesimiyle \u00e7a\u011fda\u015f bir g\u00f6r\u00fcn\u00fcm sunan bu par\u00e7a, ister g\u00fcnl\u00fck kullan\u0131mda ister plajda veya yaz ak\u015famlar\u0131nda tercih edilebilir. Hafifli\u011fi ve yumu\u015fak dokusu sayesinde g\u00fcn boyu konforlu bir deneyim sunar. Parlament Mavi M\u00fcslin Crop, stilinizi canl\u0131 ve dinamik bir \u015fekilde tamamlar. Bu \u015f\u0131k ve rahat par\u00e7a, hem konfor hem de dikkat \u00e7ekici bir tarz arayanlar i\u00e7in m\u00fckemmel bir se\u00e7imdir. Gard\u0131robunuzda yaz mevsiminin vazge\u00e7ilmezlerinden biri olacak.<\/p>","protected":false},"excerpt":{"rendered":"<p>It is produced from 100% organic cotton and 4 layers of muslin. It is soft and light.<\/p>","protected":false},"featured_media":9643,"template":"","meta":{"_joinchat":[]},"product_brand":[],"product_cat":[79],"product_tag":[],"class_list":{"0":"post-9628","1":"product","2":"type-product","3":"status-publish","4":"has-post-thumbnail","6":"product_cat-muslin-crop","8":"first","9":"outofstock","10":"sale","11":"taxable","12":"shipping-taxable","13":"purchasable","14":"product-type-simple"},"_links":{"self":[{"href":"https:\/\/www.mebee.com.tr\/en\/wp-json\/wp\/v2\/product\/9628","targetHints":{"allow":["GET"]}}],"collection":[{"href":"https:\/\/www.mebee.com.tr\/en\/wp-json\/wp\/v2\/product"}],"about":[{"href":"https:\/\/www.mebee.com.tr\/en\/wp-json\/wp\/v2\/types\/product"}],"version-history":[{"count":1,"href":"https:\/\/www.mebee.com.tr\/en\/wp-json\/wp\/v2\/product\/9628\/revisions"}],"predecessor-version":[{"id":12858,"href":"https:\/\/www.mebee.com.tr\/en\/wp-json\/wp\/v2\/product\/9628\/revisions\/12858"}],"wp:featuredmedia":[{"embeddable":true,"href":"https:\/\/www.mebee.com.tr\/en\/wp-json\/wp\/v2\/media\/9643"}],"wp:attachment":[{"href":"https:\/\/www.mebee.com.tr\/en\/wp-json\/wp\/v2\/media?parent=9628"}],"wp:term":[{"taxonomy":"product_brand","embeddable":true,"href":"https:\/\/www.mebee.com.tr\/en\/wp-json\/wp\/v2\/product_brand?post=9628"},{"taxonomy":"product_cat","embeddable":true,"href":"https:\/\/www.mebee.com.tr\/en\/wp-json\/wp\/v2\/product_cat?post=9628"},{"taxonomy":"product_tag","embeddable":true,"href":"https:\/\/www.mebee.com.tr\/en\/wp-json\/wp\/v2\/product_tag?post=9628"}],"curies":[{"name":"wp","href":"https:\/\/api.w.org\/{rel}","templated":true}]}}