{"id":8614,"date":"2023-04-02T23:57:35","date_gmt":"2023-04-02T20:57:35","guid":{"rendered":"https:\/\/mebee.com.tr\/?post_type=product&#038;p=8614"},"modified":"2025-03-18T22:31:09","modified_gmt":"2025-03-18T19:31:09","slug":"cotton-muslin-kimono-blue-with-eye-patterned-stone-print","status":"publish","type":"product","link":"https:\/\/www.mebee.com.tr\/en\/product-2\/cotton-muslin-kimono-blue-with-eye-patterned-stone-print","title":{"rendered":"Eye Patterned Stone Printed Cotton Muslin Kimono Blue"},"content":{"rendered":"<p style=\"text-align: justify;\">Mavinin sakinle\u015ftirici tonlar\u0131yla bezeli G\u00f6z Desenli Ta\u015f Bask\u0131l\u0131 Pamuklu M\u00fcslin Kimono, denizin derinliklerini ve g\u00f6z motifiyle koruma hissini bir araya getiriyor. %100 pamuk m\u00fcslinin do\u011fal dokusu, sizi yumu\u015fac\u0131k sararken, mavi tonlar\u0131 ve g\u00f6z deseni ruhunuzu dinlendirir. Ta\u015f bask\u0131 detay\u0131, bu kimonoya otantik bir dokunu\u015f kat\u0131yor. Her giydi\u011finizde, denizin huzurlu dalgalar\u0131n\u0131 ve g\u00f6z motifiyle gelen koruyucu enerjiyi hissedin.<\/p>","protected":false},"excerpt":{"rendered":"<p>This incredibly soft, breathable wood print is the perfect cover-up for all your summer needs, from beaches to picnics in the park. It is produced from 100% organic cotton. Soft, light and quick-drying, it absorbs water better than a towel.<\/p>","protected":false},"featured_media":8617,"template":"","meta":{"_joinchat":[]},"product_brand":[],"product_cat":[70],"product_tag":[],"class_list":{"0":"post-8614","1":"product","2":"type-product","3":"status-publish","4":"has-post-thumbnail","6":"product_cat-muslin-kimono","8":"first","9":"instock","10":"sale","11":"taxable","12":"shipping-taxable","13":"purchasable","14":"product-type-simple"},"_links":{"self":[{"href":"https:\/\/www.mebee.com.tr\/en\/wp-json\/wp\/v2\/product\/8614","targetHints":{"allow":["GET"]}}],"collection":[{"href":"https:\/\/www.mebee.com.tr\/en\/wp-json\/wp\/v2\/product"}],"about":[{"href":"https:\/\/www.mebee.com.tr\/en\/wp-json\/wp\/v2\/types\/product"}],"version-history":[{"count":0,"href":"https:\/\/www.mebee.com.tr\/en\/wp-json\/wp\/v2\/product\/8614\/revisions"}],"wp:featuredmedia":[{"embeddable":true,"href":"https:\/\/www.mebee.com.tr\/en\/wp-json\/wp\/v2\/media\/8617"}],"wp:attachment":[{"href":"https:\/\/www.mebee.com.tr\/en\/wp-json\/wp\/v2\/media?parent=8614"}],"wp:term":[{"taxonomy":"product_brand","embeddable":true,"href":"https:\/\/www.mebee.com.tr\/en\/wp-json\/wp\/v2\/product_brand?post=8614"},{"taxonomy":"product_cat","embeddable":true,"href":"https:\/\/www.mebee.com.tr\/en\/wp-json\/wp\/v2\/product_cat?post=8614"},{"taxonomy":"product_tag","embeddable":true,"href":"https:\/\/www.mebee.com.tr\/en\/wp-json\/wp\/v2\/product_tag?post=8614"}],"curies":[{"name":"wp","href":"https:\/\/api.w.org\/{rel}","templated":true}]}}