{"id":11224,"date":"2024-02-11T01:53:50","date_gmt":"2024-02-10T22:53:50","guid":{"rendered":"https:\/\/mebee.com.tr\/urun\/palmiye-hardal-sarisi-kimono"},"modified":"2025-03-18T22:31:56","modified_gmt":"2025-03-18T19:31:56","slug":"palmiye-hardal-sarisi-kimono","status":"publish","type":"product","link":"https:\/\/www.mebee.com.tr\/en\/product-2\/palmiye-hardal-sarisi-kimono","title":{"rendered":"Palm Mustard Yellow Kimono"},"content":{"rendered":"<p>Hardal sar\u0131s\u0131n\u0131n s\u0131cak ve enerjik tonlar\u0131 ile palmiye desenlerinin egzotik cazibesini bir araya getiren Palmiye Hardal Sar\u0131s\u0131 Kimono, stilinize tropik ve sofistike bir dokunu\u015f kat\u0131yor. Bu \u015f\u0131k kimono, her an\u0131n\u0131za zarafet ve canl\u0131l\u0131k getirerek gard\u0131robunuzun en dikkat \u00e7ekici par\u00e7alar\u0131ndan biri olacak. Hem g\u00fcnl\u00fck kullan\u0131mda hem de \u00f6zel etkinliklerde tercih edebilece\u011finiz bu tasar\u0131m, rahatl\u0131\u011f\u0131 ve \u015f\u0131kl\u0131\u011f\u0131 bir arada sunuyor.<\/p>\n<p>Y\u00fcksek kaliteli ve hafif kuma\u015f\u0131, cildinize nazik\u00e7e dokunarak g\u00fcn boyu konfor sa\u011flar. Nefes alabilir yap\u0131s\u0131 sayesinde s\u0131cak havalarda serin kalman\u0131za yard\u0131mc\u0131 olurken, geni\u015f ve rahat kesimi ile modern ve zarif bir g\u00f6r\u00fcn\u00fcm sunar. Palmiye desenleri ve hardal sar\u0131s\u0131n\u0131n kombinasyonu, stilinize enerjik ve benzersiz bir dokunu\u015f katar.<\/p>\n<p>Bu kimono, hem g\u00fcnl\u00fck ya\u015famda hem de \u00f6zel etkinliklerde ideal bir par\u00e7a olarak kullan\u0131labilir. Plajda bikininizin \u00fczerine zarif bir \u00f6rt\u00fc olarak kullanabilir, \u015fehirde g\u00fcnl\u00fck k\u0131yafetlerinizin \u00fczerine giyerek stilinizi tamamlayabilirsiniz. Ayr\u0131ca evde rahat bir g\u00fcn ge\u00e7irirken de bu kimononun konforundan faydalanabilirsiniz.<\/p>","protected":false},"excerpt":{"rendered":"<p>Hardal sar\u0131s\u0131n\u0131n s\u0131cak ve enerjik tonlar\u0131 ile palmiye desenlerinin egzotik cazibesini bir araya getiren Palmiye Hardal Sar\u0131s\u0131 Kimono, stilinize tropik<\/p>","protected":false},"featured_media":11871,"template":"","meta":{"_joinchat":[]},"product_brand":[],"product_cat":[70],"product_tag":[],"class_list":{"0":"post-11224","1":"product","2":"type-product","3":"status-publish","4":"has-post-thumbnail","6":"product_cat-muslin-kimono","8":"first","9":"instock","10":"sale","11":"purchasable","12":"product-type-simple"},"_links":{"self":[{"href":"https:\/\/www.mebee.com.tr\/en\/wp-json\/wp\/v2\/product\/11224","targetHints":{"allow":["GET"]}}],"collection":[{"href":"https:\/\/www.mebee.com.tr\/en\/wp-json\/wp\/v2\/product"}],"about":[{"href":"https:\/\/www.mebee.com.tr\/en\/wp-json\/wp\/v2\/types\/product"}],"version-history":[{"count":0,"href":"https:\/\/www.mebee.com.tr\/en\/wp-json\/wp\/v2\/product\/11224\/revisions"}],"wp:featuredmedia":[{"embeddable":true,"href":"https:\/\/www.mebee.com.tr\/en\/wp-json\/wp\/v2\/media\/11871"}],"wp:attachment":[{"href":"https:\/\/www.mebee.com.tr\/en\/wp-json\/wp\/v2\/media?parent=11224"}],"wp:term":[{"taxonomy":"product_brand","embeddable":true,"href":"https:\/\/www.mebee.com.tr\/en\/wp-json\/wp\/v2\/product_brand?post=11224"},{"taxonomy":"product_cat","embeddable":true,"href":"https:\/\/www.mebee.com.tr\/en\/wp-json\/wp\/v2\/product_cat?post=11224"},{"taxonomy":"product_tag","embeddable":true,"href":"https:\/\/www.mebee.com.tr\/en\/wp-json\/wp\/v2\/product_tag?post=11224"}],"curies":[{"name":"wp","href":"https:\/\/api.w.org\/{rel}","templated":true}]}}