{"id":11212,"date":"2024-02-11T01:53:50","date_gmt":"2024-02-10T22:53:50","guid":{"rendered":"https:\/\/mebee.com.tr\/urun\/orange-eye-pantolonlu-kisa-kol-kimono"},"modified":"2025-03-18T22:31:56","modified_gmt":"2025-03-18T19:31:56","slug":"orange-eye-pantolonlu-kisa-kol-kimono","status":"publish","type":"product","link":"https:\/\/www.mebee.com.tr\/en\/product-2\/orange-eye-pantolonlu-kisa-kol-kimono","title":{"rendered":"Orange Eye Trousers Muslin Vest"},"content":{"rendered":"<p>Turuncunun canl\u0131 enerjisini g\u00f6z motiflerinin mistik cazibesiyle bulu\u015fturan Orange Eye Pantolonlu M\u00fcslin Yelek, benzersiz tarz\u0131n\u0131z\u0131 ortaya koymak i\u00e7in tasarland\u0131. Bu dikkat \u00e7ekici tak\u0131m, her an\u0131n\u0131za modern ve sofistike bir dokunu\u015f katarak gard\u0131robunuzun vazge\u00e7ilmez par\u00e7alar\u0131ndan biri olacak. G\u00fcnl\u00fck kullan\u0131mda veya \u00f6zel etkinliklerde tarz\u0131n\u0131za fark katmak i\u00e7in ideal bir se\u00e7imdir.<\/p>\n<p>Yumu\u015fak m\u00fcslin kuma\u015f\u0131, cildinize nazik\u00e7e dokunarak g\u00fcn boyu s\u00fcren rahatl\u0131k sunar. Nefes alabilir yap\u0131s\u0131 sayesinde s\u0131cak havalarda bile serin kalman\u0131za yard\u0131mc\u0131 olurken, pantolon ve yelek kombinasyonu ile \u015f\u0131kl\u0131\u011f\u0131 ve konforu bir araya getirir. Turuncu g\u00f6z motifleri, stilinize benzersiz ve enerjik bir dokunu\u015f katar.<\/p>\n<p>Bu tak\u0131m\u0131n pantolonu, geni\u015f ve rahat kesimi ile hareket \u00f6zg\u00fcrl\u00fc\u011f\u00fc sunar ve her ad\u0131mda kendinizi rahat hissetmenizi sa\u011flar. Yele\u011fi ise zarif kesimi ile feminen ve sofistike bir g\u00f6r\u00fcn\u00fcm yarat\u0131r. \u015eehirde g\u00fcnl\u00fck gezintilerde, arkada\u015f bulu\u015fmalar\u0131nda veya \u00f6zel davetlerde bu \u015f\u0131k tak\u0131m\u0131 tercih ederek dikkat \u00e7ekici bir stil yaratabilirsiniz. Ayr\u0131ca plajda veya tatilde \u015f\u0131kl\u0131\u011f\u0131n\u0131z\u0131 koruyarak rahat bir g\u00fcn ge\u00e7irebilirsiniz.<\/p>","protected":false},"excerpt":{"rendered":"<p>Turuncunun canl\u0131 enerjisini g\u00f6z motiflerinin mistik cazibesiyle bulu\u015fturan Orange Eye Pantolonlu M\u00fcslin Yelek, benzersiz tarz\u0131n\u0131z\u0131 ortaya koymak i\u00e7in tasarland\u0131. Bu<\/p>","protected":false},"featured_media":11808,"template":"","meta":{"_joinchat":[]},"product_brand":[],"product_cat":[70],"product_tag":[],"class_list":{"0":"post-11212","1":"product","2":"type-product","3":"status-publish","4":"has-post-thumbnail","6":"product_cat-muslin-kimono","8":"first","9":"instock","10":"sale","11":"purchasable","12":"product-type-simple"},"_links":{"self":[{"href":"https:\/\/www.mebee.com.tr\/en\/wp-json\/wp\/v2\/product\/11212","targetHints":{"allow":["GET"]}}],"collection":[{"href":"https:\/\/www.mebee.com.tr\/en\/wp-json\/wp\/v2\/product"}],"about":[{"href":"https:\/\/www.mebee.com.tr\/en\/wp-json\/wp\/v2\/types\/product"}],"version-history":[{"count":0,"href":"https:\/\/www.mebee.com.tr\/en\/wp-json\/wp\/v2\/product\/11212\/revisions"}],"wp:featuredmedia":[{"embeddable":true,"href":"https:\/\/www.mebee.com.tr\/en\/wp-json\/wp\/v2\/media\/11808"}],"wp:attachment":[{"href":"https:\/\/www.mebee.com.tr\/en\/wp-json\/wp\/v2\/media?parent=11212"}],"wp:term":[{"taxonomy":"product_brand","embeddable":true,"href":"https:\/\/www.mebee.com.tr\/en\/wp-json\/wp\/v2\/product_brand?post=11212"},{"taxonomy":"product_cat","embeddable":true,"href":"https:\/\/www.mebee.com.tr\/en\/wp-json\/wp\/v2\/product_cat?post=11212"},{"taxonomy":"product_tag","embeddable":true,"href":"https:\/\/www.mebee.com.tr\/en\/wp-json\/wp\/v2\/product_tag?post=11212"}],"curies":[{"name":"wp","href":"https:\/\/api.w.org\/{rel}","templated":true}]}}