{"id":11210,"date":"2024-02-11T01:53:50","date_gmt":"2024-02-10T22:53:50","guid":{"rendered":"https:\/\/mebee.com.tr\/urun\/orange-eye-orange-kimono"},"modified":"2025-03-18T22:31:55","modified_gmt":"2025-03-18T19:31:55","slug":"orange-eye-orange-kimono","status":"publish","type":"product","link":"https:\/\/www.mebee.com.tr\/en\/product-2\/orange-eye-orange-kimono","title":{"rendered":"Orange Eye Orange Kimono"},"content":{"rendered":"<p>Canl\u0131 turuncu g\u00f6z motiflerinin ve turuncu rengin enerjik tonlar\u0131yla tasarlanan Orange Eye Orange Kimono, stilinize modern ve dinamik bir dokunu\u015f kat\u0131yor. Bu \u015f\u0131k kimono, her an\u0131n\u0131za canl\u0131l\u0131k ve zarafet getirerek gard\u0131robunuzun en dikkat \u00e7ekici par\u00e7alar\u0131ndan biri olacak. Hem g\u00fcnl\u00fck kullan\u0131mda hem de \u00f6zel anlarda tercih edebilece\u011finiz bu tasar\u0131m, rahatl\u0131\u011f\u0131 ve \u015f\u0131kl\u0131\u011f\u0131 bir arada sunuyor.<\/p>\n<p>Y\u00fcksek kaliteli ve hafif kuma\u015f\u0131, cildinize yumu\u015fak bir dokunu\u015f sa\u011flar ve g\u00fcn boyu konfor sunar. Nefes alabilir yap\u0131s\u0131 sayesinde s\u0131cak havalarda serin kalman\u0131za yard\u0131mc\u0131 olurken, geni\u015f kesimi ile modern ve zarif bir g\u00f6r\u00fcn\u00fcm sunar. Turuncu g\u00f6z motifleri ve turuncu rengin kombinasyonu, stilinize benzersiz bir dokunu\u015f katar.<\/p>\n<p>Bu kimono, hem g\u00fcnl\u00fck ya\u015famda hem de \u00f6zel etkinliklerde ideal bir par\u00e7a olarak kullan\u0131labilir. Plajda bikininizin \u00fczerine zarif bir \u00f6rt\u00fc olarak kullanabilir veya \u015fehirde g\u00fcnl\u00fck k\u0131yafetlerinizin \u00fczerine giyerek stilinizi tamamlayabilirsiniz. Ayr\u0131ca evde rahat bir g\u00fcn ge\u00e7irirken de bu kimononun konforundan faydalanabilirsiniz.<\/p>","protected":false},"excerpt":{"rendered":"<p>Canl\u0131 turuncu g\u00f6z motiflerinin ve turuncu rengin enerjik tonlar\u0131yla tasarlanan Orange Eye Orange Kimono, stilinize modern ve dinamik bir dokunu\u015f<\/p>","protected":false},"featured_media":11802,"template":"","meta":{"_joinchat":[]},"product_brand":[],"product_cat":[70],"product_tag":[],"class_list":{"0":"post-11210","1":"product","2":"type-product","3":"status-publish","4":"has-post-thumbnail","6":"product_cat-muslin-kimono","8":"first","9":"instock","10":"sale","11":"purchasable","12":"product-type-simple"},"_links":{"self":[{"href":"https:\/\/www.mebee.com.tr\/en\/wp-json\/wp\/v2\/product\/11210","targetHints":{"allow":["GET"]}}],"collection":[{"href":"https:\/\/www.mebee.com.tr\/en\/wp-json\/wp\/v2\/product"}],"about":[{"href":"https:\/\/www.mebee.com.tr\/en\/wp-json\/wp\/v2\/types\/product"}],"version-history":[{"count":0,"href":"https:\/\/www.mebee.com.tr\/en\/wp-json\/wp\/v2\/product\/11210\/revisions"}],"wp:featuredmedia":[{"embeddable":true,"href":"https:\/\/www.mebee.com.tr\/en\/wp-json\/wp\/v2\/media\/11802"}],"wp:attachment":[{"href":"https:\/\/www.mebee.com.tr\/en\/wp-json\/wp\/v2\/media?parent=11210"}],"wp:term":[{"taxonomy":"product_brand","embeddable":true,"href":"https:\/\/www.mebee.com.tr\/en\/wp-json\/wp\/v2\/product_brand?post=11210"},{"taxonomy":"product_cat","embeddable":true,"href":"https:\/\/www.mebee.com.tr\/en\/wp-json\/wp\/v2\/product_cat?post=11210"},{"taxonomy":"product_tag","embeddable":true,"href":"https:\/\/www.mebee.com.tr\/en\/wp-json\/wp\/v2\/product_tag?post=11210"}],"curies":[{"name":"wp","href":"https:\/\/api.w.org\/{rel}","templated":true}]}}