{"id":11182,"date":"2024-02-11T01:53:26","date_gmt":"2024-02-10T22:53:26","guid":{"rendered":"https:\/\/mebee.com.tr\/urun\/mandala-sari-pantolonlu-kisa-kol-kimono"},"modified":"2025-03-18T22:31:51","modified_gmt":"2025-03-18T19:31:51","slug":"mandala-sari-pantolonlu-kisa-kol-kimono","status":"publish","type":"product","link":"https:\/\/www.mebee.com.tr\/en\/product-2\/mandala-sari-pantolonlu-kisa-kol-kimono","title":{"rendered":"Mandala Yellow Muslin Vest with Trousers"},"content":{"rendered":"<p>Canl\u0131 sar\u0131 tonlar\u0131 ve mandala desenlerinin b\u00fcy\u00fcleyici uyumu ile tasarlanan Mandala Sar\u0131 Pantolonlu M\u00fcslin Yelek, stilinize enerji ve zarif bir dokunu\u015f kat\u0131yor. Bu g\u00f6z al\u0131c\u0131 tak\u0131m, her an\u0131n\u0131za canl\u0131l\u0131k ve \u015f\u0131kl\u0131k getirerek gard\u0131robunuzun en dikkat \u00e7ekici par\u00e7alar\u0131ndan biri olacak. Hem g\u00fcnl\u00fck kullan\u0131mda hem de \u00f6zel anlarda tercih edebilece\u011finiz bu tasar\u0131m, rahatl\u0131\u011f\u0131 ve zarafeti bir arada sunuyor.<\/p>\n<p>Y\u00fcksek kaliteli m\u00fcslin kuma\u015f\u0131, cildinize yumu\u015fak bir dokunu\u015f sa\u011flar ve g\u00fcn boyu konfor sunar. Nefes alabilir yap\u0131s\u0131 ile s\u0131cak havalarda serin kalman\u0131za yard\u0131mc\u0131 olurken, mandala desenlerinin mistik ve estetik g\u00f6r\u00fcnt\u00fcs\u00fc ile modern bir stil yarat\u0131r. Sar\u0131n\u0131n enerjik tonu, her ortamda fark edilmenizi sa\u011flar ve stilinize benzersiz bir dokunu\u015f katar.<\/p>\n<p>Geni\u015f ve rahat kesimi ile pantolon, hareket \u00f6zg\u00fcrl\u00fc\u011f\u00fc sunarken yelek ise feminen ve \u015f\u0131k bir duru\u015f sergiler. Bu tak\u0131m, \u015fehirde gezintiye \u00e7\u0131karken, arkada\u015f bulu\u015fmalar\u0131nda veya \u00f6zel davetlerde rahatl\u0131kla tercih edilebilir. Ayr\u0131ca plajda veya tatilde de dikkat \u00e7ekici bir g\u00f6r\u00fcn\u00fcm elde etmenizi sa\u011flar.<\/p>","protected":false},"excerpt":{"rendered":"<p>Canl\u0131 sar\u0131 tonlar\u0131 ve mandala desenlerinin b\u00fcy\u00fcleyici uyumu ile tasarlanan Mandala Sar\u0131 Pantolonlu M\u00fcslin Yelek, stilinize enerji ve zarif bir<\/p>","protected":false},"featured_media":11666,"template":"","meta":{"_joinchat":[]},"product_brand":[],"product_cat":[70],"product_tag":[],"class_list":{"0":"post-11182","1":"product","2":"type-product","3":"status-publish","4":"has-post-thumbnail","6":"product_cat-muslin-kimono","8":"first","9":"instock","10":"sale","11":"purchasable","12":"product-type-simple"},"_links":{"self":[{"href":"https:\/\/www.mebee.com.tr\/en\/wp-json\/wp\/v2\/product\/11182","targetHints":{"allow":["GET"]}}],"collection":[{"href":"https:\/\/www.mebee.com.tr\/en\/wp-json\/wp\/v2\/product"}],"about":[{"href":"https:\/\/www.mebee.com.tr\/en\/wp-json\/wp\/v2\/types\/product"}],"version-history":[{"count":0,"href":"https:\/\/www.mebee.com.tr\/en\/wp-json\/wp\/v2\/product\/11182\/revisions"}],"wp:featuredmedia":[{"embeddable":true,"href":"https:\/\/www.mebee.com.tr\/en\/wp-json\/wp\/v2\/media\/11666"}],"wp:attachment":[{"href":"https:\/\/www.mebee.com.tr\/en\/wp-json\/wp\/v2\/media?parent=11182"}],"wp:term":[{"taxonomy":"product_brand","embeddable":true,"href":"https:\/\/www.mebee.com.tr\/en\/wp-json\/wp\/v2\/product_brand?post=11182"},{"taxonomy":"product_cat","embeddable":true,"href":"https:\/\/www.mebee.com.tr\/en\/wp-json\/wp\/v2\/product_cat?post=11182"},{"taxonomy":"product_tag","embeddable":true,"href":"https:\/\/www.mebee.com.tr\/en\/wp-json\/wp\/v2\/product_tag?post=11182"}],"curies":[{"name":"wp","href":"https:\/\/api.w.org\/{rel}","templated":true}]}}