{"id":11168,"date":"2024-02-11T01:53:26","date_gmt":"2024-02-10T22:53:26","guid":{"rendered":"https:\/\/mebee.com.tr\/urun\/lotus-eye-ekru-pantolonlu-kimono-takim"},"modified":"2024-05-25T14:48:20","modified_gmt":"2024-05-25T11:48:20","slug":"lotus-eye-ekru-pantolonlu-kimono-takim","status":"publish","type":"product","link":"https:\/\/www.mebee.com.tr\/en\/product-2\/lotus-eye-ekru-pantolonlu-kimono-takim","title":{"rendered":"Lotus Eye Ecru Trouser Kimono Set"},"content":{"rendered":"<p>Lotus motiflerinin zarafeti ve ekru renginin sade \u015f\u0131kl\u0131\u011f\u0131 ile tasarlanan Lotus Eye Ekru Pantolonlu Kimono Tak\u0131m, stilinize mistik ve sofistike bir dokunu\u015f kat\u0131yor. Bu zarif tak\u0131m, her an\u0131n\u0131za huzur ve \u015f\u0131kl\u0131k getirerek gard\u0131robunuzun en dikkat \u00e7ekici par\u00e7alar\u0131ndan biri olacak. Hem g\u00fcnl\u00fck kullan\u0131mda hem de \u00f6zel davetlerde tercih edebilece\u011finiz bu tasar\u0131m, rahatl\u0131\u011f\u0131 ve zarafeti bir arada sunuyor.<\/p>\n<p>Y\u00fcksek kaliteli ve hafif kuma\u015f\u0131, cildinize yumu\u015fak bir dokunu\u015f sa\u011flar ve g\u00fcn boyu konfor sunar. Nefes alabilir yap\u0131s\u0131 ile s\u0131cak havalarda serin kalman\u0131za yard\u0131mc\u0131 olurken, kimono ve pantolon kombinasyonu ile modern ve \u015f\u0131k bir g\u00f6r\u00fcn\u00fcm sunar. Lotus motifleri ve g\u00f6z detaylar\u0131 ile s\u00fcslenmi\u015f bu tak\u0131m, ekru renginin zarafeti ile birle\u015ferek benzersiz bir stil yarat\u0131r.<\/p>\n<p>Kimono offers freedom of movement and an elegant stance with its wide and comfortable cut. The trousers create a feminine and elegant silhouette. This suit can be easily preferred for a stroll around the city, meeting friends or special invitations. It also allows you to get a remarkable look on the beach or on holiday.<\/p>","protected":false},"excerpt":{"rendered":"<p>Lotus motiflerinin zarafeti ve ekru renginin sade \u015f\u0131kl\u0131\u011f\u0131 ile tasarlanan Lotus Eye Ekru Pantolonlu Kimono Tak\u0131m, stilinize mistik ve sofistike<\/p>","protected":false},"featured_media":11584,"template":"","meta":{"_joinchat":[]},"product_brand":[],"product_cat":[70],"product_tag":[],"class_list":{"0":"post-11168","1":"product","2":"type-product","3":"status-publish","4":"has-post-thumbnail","6":"product_cat-muslin-kimono","8":"first","9":"instock","10":"sale","11":"purchasable","12":"product-type-simple"},"_links":{"self":[{"href":"https:\/\/www.mebee.com.tr\/en\/wp-json\/wp\/v2\/product\/11168","targetHints":{"allow":["GET"]}}],"collection":[{"href":"https:\/\/www.mebee.com.tr\/en\/wp-json\/wp\/v2\/product"}],"about":[{"href":"https:\/\/www.mebee.com.tr\/en\/wp-json\/wp\/v2\/types\/product"}],"version-history":[{"count":0,"href":"https:\/\/www.mebee.com.tr\/en\/wp-json\/wp\/v2\/product\/11168\/revisions"}],"wp:featuredmedia":[{"embeddable":true,"href":"https:\/\/www.mebee.com.tr\/en\/wp-json\/wp\/v2\/media\/11584"}],"wp:attachment":[{"href":"https:\/\/www.mebee.com.tr\/en\/wp-json\/wp\/v2\/media?parent=11168"}],"wp:term":[{"taxonomy":"product_brand","embeddable":true,"href":"https:\/\/www.mebee.com.tr\/en\/wp-json\/wp\/v2\/product_brand?post=11168"},{"taxonomy":"product_cat","embeddable":true,"href":"https:\/\/www.mebee.com.tr\/en\/wp-json\/wp\/v2\/product_cat?post=11168"},{"taxonomy":"product_tag","embeddable":true,"href":"https:\/\/www.mebee.com.tr\/en\/wp-json\/wp\/v2\/product_tag?post=11168"}],"curies":[{"name":"wp","href":"https:\/\/api.w.org\/{rel}","templated":true}]}}