{"id":11152,"date":"2024-02-11T01:52:59","date_gmt":"2024-02-10T22:52:59","guid":{"rendered":"https:\/\/mebee.com.tr\/urun\/leopar-kimono"},"modified":"2025-03-18T22:31:48","modified_gmt":"2025-03-18T19:31:48","slug":"leopar-kimono","status":"publish","type":"product","link":"https:\/\/www.mebee.com.tr\/en\/product-2\/leopar-kimono","title":{"rendered":"Leopard Kimono"},"content":{"rendered":"<p>Cesur ve iddial\u0131 tarz\u0131n\u0131z\u0131 yans\u0131tman\u0131n en \u015f\u0131k yolu Leopar Kimono ile tan\u0131\u015f\u0131n. Bu \u00f6zel tasar\u0131m, leopar deseninin vah\u015fi cazibesiyle birle\u015ferek her an\u0131n\u0131za enerji ve \u015f\u0131kl\u0131k kat\u0131yor. Hem rahat hem de g\u00f6z al\u0131c\u0131 bu kimono, gard\u0131robunuzun en dikkat \u00e7ekici par\u00e7alar\u0131ndan biri olacak.<\/p>\n<p>Leopar Kimono, y\u00fcksek kaliteli ve hafif kuma\u015f\u0131 sayesinde cildinize yumu\u015fak bir dokunu\u015f sa\u011flar. Nefes alabilir yap\u0131s\u0131 ile s\u0131cak havalarda serin kalman\u0131za yard\u0131mc\u0131 olurken, geni\u015f kesimi ile hareket \u00f6zg\u00fcrl\u00fc\u011f\u00fc sunar. Hem g\u00fcnl\u00fck kullan\u0131mda hem de \u00f6zel anlara uyum sa\u011flayan bu kimono, tarz\u0131n\u0131za benzersiz bir dokunu\u015f katacak.<\/p>\n<p>The wild and sophisticated look of the leopard print harmonises with every outfit. You can complete your elegance by wearing it over your bikini on the beach, and create a bold style with jeans and t-shirt combinations in the city. You can also benefit from the comfort of this kimono while having a relaxed day at home. Thanks to its versatile usage feature, it allows you to make a difference in any environment.<\/p>","protected":false},"excerpt":{"rendered":"<p>Cesur ve iddial\u0131 tarz\u0131n\u0131z\u0131 yans\u0131tman\u0131n en \u015f\u0131k yolu Leopar Kimono ile tan\u0131\u015f\u0131n. Bu \u00f6zel tasar\u0131m, leopar deseninin vah\u015fi cazibesiyle birle\u015ferek<\/p>","protected":false},"featured_media":11520,"template":"","meta":{"_joinchat":[]},"product_brand":[],"product_cat":[70],"product_tag":[],"class_list":{"0":"post-11152","1":"product","2":"type-product","3":"status-publish","4":"has-post-thumbnail","6":"product_cat-muslin-kimono","8":"first","9":"instock","10":"sale","11":"purchasable","12":"product-type-simple"},"_links":{"self":[{"href":"https:\/\/www.mebee.com.tr\/en\/wp-json\/wp\/v2\/product\/11152","targetHints":{"allow":["GET"]}}],"collection":[{"href":"https:\/\/www.mebee.com.tr\/en\/wp-json\/wp\/v2\/product"}],"about":[{"href":"https:\/\/www.mebee.com.tr\/en\/wp-json\/wp\/v2\/types\/product"}],"version-history":[{"count":0,"href":"https:\/\/www.mebee.com.tr\/en\/wp-json\/wp\/v2\/product\/11152\/revisions"}],"wp:featuredmedia":[{"embeddable":true,"href":"https:\/\/www.mebee.com.tr\/en\/wp-json\/wp\/v2\/media\/11520"}],"wp:attachment":[{"href":"https:\/\/www.mebee.com.tr\/en\/wp-json\/wp\/v2\/media?parent=11152"}],"wp:term":[{"taxonomy":"product_brand","embeddable":true,"href":"https:\/\/www.mebee.com.tr\/en\/wp-json\/wp\/v2\/product_brand?post=11152"},{"taxonomy":"product_cat","embeddable":true,"href":"https:\/\/www.mebee.com.tr\/en\/wp-json\/wp\/v2\/product_cat?post=11152"},{"taxonomy":"product_tag","embeddable":true,"href":"https:\/\/www.mebee.com.tr\/en\/wp-json\/wp\/v2\/product_tag?post=11152"}],"curies":[{"name":"wp","href":"https:\/\/api.w.org\/{rel}","templated":true}]}}