{"id":11150,"date":"2024-02-11T01:52:59","date_gmt":"2024-02-10T22:52:59","guid":{"rendered":"https:\/\/mebee.com.tr\/urun\/jakarli-tiger-kimono"},"modified":"2025-03-18T22:31:48","modified_gmt":"2025-03-18T19:31:48","slug":"jakarli-tiger-kimono","status":"publish","type":"product","link":"https:\/\/www.mebee.com.tr\/en\/product-2\/jakarli-tiger-kimono","title":{"rendered":"Jacquard Tiger Kimono"},"content":{"rendered":"<p>Jakarl\u0131 Tiger Kimono ile \u015f\u0131kl\u0131\u011f\u0131 ve rahatl\u0131\u011f\u0131 bir arada ya\u015fay\u0131n. G\u00fc\u00e7 ve zarafeti simgeleyen kaplan motifiyle s\u00fcslenmi\u015f bu kimono, jakar desenleriyle g\u00f6z al\u0131c\u0131 bir g\u00f6r\u00fcn\u00fcm sunuyor. Her ortamda dikkat \u00e7eken bu par\u00e7a, stil sahibi kad\u0131nlar\u0131n gard\u0131robunun vazge\u00e7ilmezi olacak.<\/p>\n<p>Siyah rengin asaletini ve jakar kuma\u015f\u0131n sofistike dokusunu bir araya getiren Jakarl\u0131 Tiger Kimono, farkl\u0131 kombinlerle her an\u0131n\u0131za uyum sa\u011flar. Plajda, evde veya d\u0131\u015far\u0131da, bu kimono ile her zaman zarif ve rahat hissedeceksiniz.<\/p>","protected":false},"excerpt":{"rendered":"<p>Jakarl\u0131 Tiger Kimono ile \u015f\u0131kl\u0131\u011f\u0131 ve rahatl\u0131\u011f\u0131 bir arada ya\u015fay\u0131n. G\u00fc\u00e7 ve zarafeti simgeleyen kaplan motifiyle s\u00fcslenmi\u015f bu kimono, jakar<\/p>","protected":false},"featured_media":11505,"template":"","meta":{"_joinchat":[]},"product_brand":[],"product_cat":[157],"product_tag":[],"class_list":{"0":"post-11150","1":"product","2":"type-product","3":"status-publish","4":"has-post-thumbnail","6":"product_cat-jakarli-kimono","8":"first","9":"instock","10":"sale","11":"purchasable","12":"product-type-simple"},"_links":{"self":[{"href":"https:\/\/www.mebee.com.tr\/en\/wp-json\/wp\/v2\/product\/11150","targetHints":{"allow":["GET"]}}],"collection":[{"href":"https:\/\/www.mebee.com.tr\/en\/wp-json\/wp\/v2\/product"}],"about":[{"href":"https:\/\/www.mebee.com.tr\/en\/wp-json\/wp\/v2\/types\/product"}],"version-history":[{"count":0,"href":"https:\/\/www.mebee.com.tr\/en\/wp-json\/wp\/v2\/product\/11150\/revisions"}],"wp:featuredmedia":[{"embeddable":true,"href":"https:\/\/www.mebee.com.tr\/en\/wp-json\/wp\/v2\/media\/11505"}],"wp:attachment":[{"href":"https:\/\/www.mebee.com.tr\/en\/wp-json\/wp\/v2\/media?parent=11150"}],"wp:term":[{"taxonomy":"product_brand","embeddable":true,"href":"https:\/\/www.mebee.com.tr\/en\/wp-json\/wp\/v2\/product_brand?post=11150"},{"taxonomy":"product_cat","embeddable":true,"href":"https:\/\/www.mebee.com.tr\/en\/wp-json\/wp\/v2\/product_cat?post=11150"},{"taxonomy":"product_tag","embeddable":true,"href":"https:\/\/www.mebee.com.tr\/en\/wp-json\/wp\/v2\/product_tag?post=11150"}],"curies":[{"name":"wp","href":"https:\/\/api.w.org\/{rel}","templated":true}]}}