{"id":11148,"date":"2024-02-11T01:52:59","date_gmt":"2024-02-10T22:52:59","guid":{"rendered":"https:\/\/mebee.com.tr\/urun\/jakarli-tiger-antrasit-kimono"},"modified":"2025-03-18T22:31:48","modified_gmt":"2025-03-18T19:31:48","slug":"jakarli-tiger-antrasit-kimono","status":"publish","type":"product","link":"https:\/\/www.mebee.com.tr\/en\/product-2\/jakarli-tiger-antrasit-kimono","title":{"rendered":"Jacquard Tiger Anthracite Kimono"},"content":{"rendered":"<p>Jakarl\u0131 Tiger Antrasit Kimono ile zarafetin ve rahatl\u0131\u011f\u0131n keyfini \u00e7\u0131kar\u0131n. G\u00fcc\u00fcn ve asaletin sembol\u00fc olan kaplan motifiyle s\u00fcslenmi\u015f bu kimono, jakar desenleriyle modern ve sofistike bir g\u00f6r\u00fcn\u00fcm sunuyor. Antrasit rengin \u015f\u0131kl\u0131\u011f\u0131 ve sakinli\u011fi, her ortamda stilinizi \u00f6n plana \u00e7\u0131karacak.<\/p>\n<p>Y\u00fcksek kaliteli jakar kuma\u015ftan \u00fcretilen bu kimono, hafif yap\u0131s\u0131 ve rahat kesimi ile her mevsim kullan\u0131ma uygun. Plajda bikini \u00fcst\u00fcne, evde rahat bir sabahl\u0131k olarak veya d\u0131\u015far\u0131da \u015f\u0131k bir \u00fcst olarak tercih edebilirsiniz. Her kombinle uyum sa\u011flayan Jakarl\u0131 Tiger Antrasit Kimono, dolab\u0131n\u0131z\u0131n en g\u00f6zde par\u00e7alar\u0131ndan biri olacak.<\/p>","protected":false},"excerpt":{"rendered":"<p>Jakarl\u0131 Tiger Antrasit Kimono ile zarafetin ve rahatl\u0131\u011f\u0131n keyfini \u00e7\u0131kar\u0131n. G\u00fcc\u00fcn ve asaletin sembol\u00fc olan kaplan motifiyle s\u00fcslenmi\u015f bu kimono,<\/p>","protected":false},"featured_media":11496,"template":"","meta":{"_joinchat":[]},"product_brand":[],"product_cat":[157],"product_tag":[],"class_list":{"0":"post-11148","1":"product","2":"type-product","3":"status-publish","4":"has-post-thumbnail","6":"product_cat-jakarli-kimono","8":"first","9":"instock","10":"sale","11":"purchasable","12":"product-type-simple"},"_links":{"self":[{"href":"https:\/\/www.mebee.com.tr\/en\/wp-json\/wp\/v2\/product\/11148","targetHints":{"allow":["GET"]}}],"collection":[{"href":"https:\/\/www.mebee.com.tr\/en\/wp-json\/wp\/v2\/product"}],"about":[{"href":"https:\/\/www.mebee.com.tr\/en\/wp-json\/wp\/v2\/types\/product"}],"version-history":[{"count":0,"href":"https:\/\/www.mebee.com.tr\/en\/wp-json\/wp\/v2\/product\/11148\/revisions"}],"wp:featuredmedia":[{"embeddable":true,"href":"https:\/\/www.mebee.com.tr\/en\/wp-json\/wp\/v2\/media\/11496"}],"wp:attachment":[{"href":"https:\/\/www.mebee.com.tr\/en\/wp-json\/wp\/v2\/media?parent=11148"}],"wp:term":[{"taxonomy":"product_brand","embeddable":true,"href":"https:\/\/www.mebee.com.tr\/en\/wp-json\/wp\/v2\/product_brand?post=11148"},{"taxonomy":"product_cat","embeddable":true,"href":"https:\/\/www.mebee.com.tr\/en\/wp-json\/wp\/v2\/product_cat?post=11148"},{"taxonomy":"product_tag","embeddable":true,"href":"https:\/\/www.mebee.com.tr\/en\/wp-json\/wp\/v2\/product_tag?post=11148"}],"curies":[{"name":"wp","href":"https:\/\/api.w.org\/{rel}","templated":true}]}}