{"id":11142,"date":"2024-02-11T01:52:59","date_gmt":"2024-02-10T22:52:59","guid":{"rendered":"https:\/\/mebee.com.tr\/urun\/jakarli-pink-fil-chakra-antrasit-kimono"},"modified":"2025-03-18T22:31:47","modified_gmt":"2025-03-18T19:31:47","slug":"jacquard-pink-fil-chakra-anthracite-kimono","status":"publish","type":"product","link":"https:\/\/www.mebee.com.tr\/en\/product-2\/jacquard-pink-fil-chakra-anthracite-kimono","title":{"rendered":"Jacquard Pink Fil Chakra Anthracite Kimono"},"content":{"rendered":"<p>Add elegance and vibrancy to your style with the Jacquard Pink Elephant Chakra Anthracite Kimono. Decorated with an eye-catching pink elephant motif and elegant jacquard patterns, this kimono reflects the sophisticated and modern atmosphere of anthracite colour. Standing out with its elegance in any environment, this piece will be an indispensable part of your wardrobe.<\/p>\n<p>Jacquard Pink Fil Chakra Anthracite Kimono, made of high quality jacquard fabric, can be enjoyed in all seasons with its soft texture and comfortable cut. At the beach, at home or outdoors, you will always feel stylish and comfortable with this kimono.<\/p>","protected":false},"excerpt":{"rendered":"<p>Jakarl\u0131 Pink Fil Chakra Antrasit Kimono ile tarz\u0131n\u0131za zarafet ve canl\u0131l\u0131k kat\u0131n. G\u00f6z al\u0131c\u0131 pembe fil motifi ve zarif jakar<\/p>","protected":false},"featured_media":11462,"template":"","meta":{"_joinchat":[]},"product_brand":[],"product_cat":[157],"product_tag":[],"class_list":{"0":"post-11142","1":"product","2":"type-product","3":"status-publish","4":"has-post-thumbnail","6":"product_cat-jakarli-kimono","8":"first","9":"instock","10":"sale","11":"purchasable","12":"product-type-simple"},"_links":{"self":[{"href":"https:\/\/www.mebee.com.tr\/en\/wp-json\/wp\/v2\/product\/11142","targetHints":{"allow":["GET"]}}],"collection":[{"href":"https:\/\/www.mebee.com.tr\/en\/wp-json\/wp\/v2\/product"}],"about":[{"href":"https:\/\/www.mebee.com.tr\/en\/wp-json\/wp\/v2\/types\/product"}],"version-history":[{"count":0,"href":"https:\/\/www.mebee.com.tr\/en\/wp-json\/wp\/v2\/product\/11142\/revisions"}],"wp:featuredmedia":[{"embeddable":true,"href":"https:\/\/www.mebee.com.tr\/en\/wp-json\/wp\/v2\/media\/11462"}],"wp:attachment":[{"href":"https:\/\/www.mebee.com.tr\/en\/wp-json\/wp\/v2\/media?parent=11142"}],"wp:term":[{"taxonomy":"product_brand","embeddable":true,"href":"https:\/\/www.mebee.com.tr\/en\/wp-json\/wp\/v2\/product_brand?post=11142"},{"taxonomy":"product_cat","embeddable":true,"href":"https:\/\/www.mebee.com.tr\/en\/wp-json\/wp\/v2\/product_cat?post=11142"},{"taxonomy":"product_tag","embeddable":true,"href":"https:\/\/www.mebee.com.tr\/en\/wp-json\/wp\/v2\/product_tag?post=11142"}],"curies":[{"name":"wp","href":"https:\/\/api.w.org\/{rel}","templated":true}]}}