{"id":11138,"date":"2024-02-11T01:52:59","date_gmt":"2024-02-10T22:52:59","guid":{"rendered":"https:\/\/mebee.com.tr\/urun\/jakarli-moon-eye-mor-kimono"},"modified":"2025-03-18T22:31:47","modified_gmt":"2025-03-18T19:31:47","slug":"jacquard-moon-eye-purple-kimono-2","status":"publish","type":"product","link":"https:\/\/www.mebee.com.tr\/en\/product-2\/jacquard-moon-eye-purple-kimono-2","title":{"rendered":"Jacquard Moon Eye Purple Kimono"},"content":{"rendered":"<p>Jacquard Moon Eye Purple Kimono offers a mysterious and mesmerising style. The purple colour represents elegance and depth, while the moon eye motif adds a mystical atmosphere. Made of high quality jacquard fabric, this kimono offers both comfortable and stylish wear. This piece, which you can choose in all seasons, offers a wide range of uses from daily wear to special invitations. Jacquard Moon Eye Purple Kimono is a candidate to be a unique piece that will make a difference in your wardrobe.<\/p>","protected":false},"excerpt":{"rendered":"<p>Jakarl\u0131 Moon Eye Mor Kimono, gizemli ve b\u00fcy\u00fcleyici bir stil sunar. Mor renk, zarafet ve derinli\u011fi temsil ederken, ay g\u00f6z<\/p>","protected":false},"featured_media":11440,"template":"","meta":{"_joinchat":[]},"product_brand":[],"product_cat":[157],"product_tag":[],"class_list":{"0":"post-11138","1":"product","2":"type-product","3":"status-publish","4":"has-post-thumbnail","6":"product_cat-jakarli-kimono","8":"first","9":"instock","10":"sale","11":"purchasable","12":"product-type-simple"},"_links":{"self":[{"href":"https:\/\/www.mebee.com.tr\/en\/wp-json\/wp\/v2\/product\/11138","targetHints":{"allow":["GET"]}}],"collection":[{"href":"https:\/\/www.mebee.com.tr\/en\/wp-json\/wp\/v2\/product"}],"about":[{"href":"https:\/\/www.mebee.com.tr\/en\/wp-json\/wp\/v2\/types\/product"}],"version-history":[{"count":0,"href":"https:\/\/www.mebee.com.tr\/en\/wp-json\/wp\/v2\/product\/11138\/revisions"}],"wp:featuredmedia":[{"embeddable":true,"href":"https:\/\/www.mebee.com.tr\/en\/wp-json\/wp\/v2\/media\/11440"}],"wp:attachment":[{"href":"https:\/\/www.mebee.com.tr\/en\/wp-json\/wp\/v2\/media?parent=11138"}],"wp:term":[{"taxonomy":"product_brand","embeddable":true,"href":"https:\/\/www.mebee.com.tr\/en\/wp-json\/wp\/v2\/product_brand?post=11138"},{"taxonomy":"product_cat","embeddable":true,"href":"https:\/\/www.mebee.com.tr\/en\/wp-json\/wp\/v2\/product_cat?post=11138"},{"taxonomy":"product_tag","embeddable":true,"href":"https:\/\/www.mebee.com.tr\/en\/wp-json\/wp\/v2\/product_tag?post=11138"}],"curies":[{"name":"wp","href":"https:\/\/api.w.org\/{rel}","templated":true}]}}