{"id":11132,"date":"2024-02-11T01:52:59","date_gmt":"2024-02-10T22:52:59","guid":{"rendered":"https:\/\/mebee.com.tr\/urun\/jakarli-fil-chakra-turkuaz-kimono"},"modified":"2025-03-18T22:31:44","modified_gmt":"2025-03-18T19:31:44","slug":"jacquard-elephant-chakra-turquoise-kimono-2","status":"publish","type":"product","link":"https:\/\/www.mebee.com.tr\/en\/product-2\/jacquard-elephant-chakra-turquoise-kimono-2","title":{"rendered":"Jacquard Elephant Chakra Turquoise Kimono"},"content":{"rendered":"<p>Jacquard Elephant Chakra Turquoise Kimono offers a cool and refreshing style. The vibrancy and soothing tone of the turquoise colour, combined with the elephant chakra motif, provides both a visual feast and a meaningful touch. Made of high quality jacquard fabric, this kimono attracts attention with its rich patterns and offers all-day comfort thanks to its comfortable cut. Whether for the beach, everyday wear or a special evening event, the Jacquard Fil Chakra Turquoise Kimono will complement your style in a fresh and impressive way. Reflecting positive energy and elegance in any environment, this kimono will be one of the standout pieces in your wardrobe.<\/p>","protected":false},"excerpt":{"rendered":"<p>Jakarl\u0131 Fil Chakra Turkuaz Kimono, serin ve ferahlat\u0131c\u0131 bir tarz sunar. Turkuaz rengin canl\u0131l\u0131\u011f\u0131 ve huzur veren tonu, fil chakra<\/p>","protected":false},"featured_media":11402,"template":"","meta":{"_joinchat":[]},"product_brand":[],"product_cat":[157],"product_tag":[],"class_list":{"0":"post-11132","1":"product","2":"type-product","3":"status-publish","4":"has-post-thumbnail","6":"product_cat-jakarli-kimono","8":"first","9":"instock","10":"sale","11":"purchasable","12":"product-type-simple"},"_links":{"self":[{"href":"https:\/\/www.mebee.com.tr\/en\/wp-json\/wp\/v2\/product\/11132","targetHints":{"allow":["GET"]}}],"collection":[{"href":"https:\/\/www.mebee.com.tr\/en\/wp-json\/wp\/v2\/product"}],"about":[{"href":"https:\/\/www.mebee.com.tr\/en\/wp-json\/wp\/v2\/types\/product"}],"version-history":[{"count":0,"href":"https:\/\/www.mebee.com.tr\/en\/wp-json\/wp\/v2\/product\/11132\/revisions"}],"wp:featuredmedia":[{"embeddable":true,"href":"https:\/\/www.mebee.com.tr\/en\/wp-json\/wp\/v2\/media\/11402"}],"wp:attachment":[{"href":"https:\/\/www.mebee.com.tr\/en\/wp-json\/wp\/v2\/media?parent=11132"}],"wp:term":[{"taxonomy":"product_brand","embeddable":true,"href":"https:\/\/www.mebee.com.tr\/en\/wp-json\/wp\/v2\/product_brand?post=11132"},{"taxonomy":"product_cat","embeddable":true,"href":"https:\/\/www.mebee.com.tr\/en\/wp-json\/wp\/v2\/product_cat?post=11132"},{"taxonomy":"product_tag","embeddable":true,"href":"https:\/\/www.mebee.com.tr\/en\/wp-json\/wp\/v2\/product_tag?post=11132"}],"curies":[{"name":"wp","href":"https:\/\/api.w.org\/{rel}","templated":true}]}}