{"id":11076,"date":"2024-02-11T01:51:56","date_gmt":"2024-02-10T22:51:56","guid":{"rendered":"https:\/\/mebee.com.tr\/urun\/crop-sortlu-takim-haki"},"modified":"2025-03-18T22:31:36","modified_gmt":"2025-03-18T19:31:36","slug":"crop-sortlu-takim-haki","status":"publish","type":"product","link":"https:\/\/www.mebee.com.tr\/en\/product-2\/crop-sortlu-takim-haki","title":{"rendered":"Crop Shorts Suit Khaki"},"content":{"rendered":"<p>Crop \u015eortlu Tak\u0131m Haki, rahat ve \u015f\u0131k bir stil sunar. Haki rengin do\u011fal ve zamans\u0131z tonu, hafif ve nefes alabilen kuma\u015f\u0131yla birle\u015ferek hem g\u00f6rsel bir \u00e7ekicilik hem de \u00fcst d\u00fczey bir konfor sunar. Bu iki par\u00e7al\u0131 tak\u0131m, bir crop top ve \u015forttan olu\u015fur, her ikisi de modern ve rahat bir siluet sergiler.<\/p>\n<p>Crop top, k\u0131sa ve s\u0131k\u0131 kesimiyle \u00e7a\u011fda\u015f bir g\u00f6r\u00fcn\u00fcm sunarken, \u015fort y\u00fcksek belli ve rahat bir kesimle tamamlan\u0131r. \u0130ster g\u00fcnl\u00fck kullan\u0131mda ister a\u00e7\u0131k hava etkinliklerinde, Crop \u015eortlu Tak\u0131m Haki, stilinizi do\u011fal ve rahat bir \u015fekilde tamamlar. Bu \u015f\u0131k ve pratik tak\u0131m, hem konfor hem de stil aray\u0131\u015f\u0131nda olanlar i\u00e7in m\u00fckemmel bir se\u00e7imdir. Her ortamda zarif bir rahatl\u0131k sunan bu tak\u0131m, gard\u0131robunuzun en sevilen ve en \u00e7ok kullan\u0131lan par\u00e7alar\u0131ndan biri olacak.<\/p>","protected":false},"excerpt":{"rendered":"<p>Crop \u015eortlu Tak\u0131m Haki, rahat ve \u015f\u0131k bir stil sunar. Haki rengin do\u011fal ve zamans\u0131z tonu, hafif ve nefes alabilen<\/p>","protected":false},"featured_media":10818,"template":"","meta":{"_joinchat":[]},"product_brand":[],"product_cat":[79],"product_tag":[],"class_list":{"0":"post-11076","1":"product","2":"type-product","3":"status-publish","4":"has-post-thumbnail","6":"product_cat-muslin-crop","8":"first","9":"outofstock","10":"sale","11":"purchasable","12":"product-type-simple"},"_links":{"self":[{"href":"https:\/\/www.mebee.com.tr\/en\/wp-json\/wp\/v2\/product\/11076","targetHints":{"allow":["GET"]}}],"collection":[{"href":"https:\/\/www.mebee.com.tr\/en\/wp-json\/wp\/v2\/product"}],"about":[{"href":"https:\/\/www.mebee.com.tr\/en\/wp-json\/wp\/v2\/types\/product"}],"version-history":[{"count":1,"href":"https:\/\/www.mebee.com.tr\/en\/wp-json\/wp\/v2\/product\/11076\/revisions"}],"predecessor-version":[{"id":12842,"href":"https:\/\/www.mebee.com.tr\/en\/wp-json\/wp\/v2\/product\/11076\/revisions\/12842"}],"wp:featuredmedia":[{"embeddable":true,"href":"https:\/\/www.mebee.com.tr\/en\/wp-json\/wp\/v2\/media\/10818"}],"wp:attachment":[{"href":"https:\/\/www.mebee.com.tr\/en\/wp-json\/wp\/v2\/media?parent=11076"}],"wp:term":[{"taxonomy":"product_brand","embeddable":true,"href":"https:\/\/www.mebee.com.tr\/en\/wp-json\/wp\/v2\/product_brand?post=11076"},{"taxonomy":"product_cat","embeddable":true,"href":"https:\/\/www.mebee.com.tr\/en\/wp-json\/wp\/v2\/product_cat?post=11076"},{"taxonomy":"product_tag","embeddable":true,"href":"https:\/\/www.mebee.com.tr\/en\/wp-json\/wp\/v2\/product_tag?post=11076"}],"curies":[{"name":"wp","href":"https:\/\/api.w.org\/{rel}","templated":true}]}}