{"id":11068,"date":"2024-02-11T01:51:56","date_gmt":"2024-02-10T22:51:56","guid":{"rendered":"https:\/\/mebee.com.tr\/urun\/crop-sort-takim-siyah"},"modified":"2025-03-18T22:31:36","modified_gmt":"2025-03-18T19:31:36","slug":"crop-sort-takim-siyah","status":"publish","type":"product","link":"https:\/\/www.mebee.com.tr\/en\/product-2\/crop-sort-takim-siyah","title":{"rendered":"Crop Shorts Set Black"},"content":{"rendered":"<p>Crop \u015eort Tak\u0131m Siyah, \u015f\u0131k ve zamans\u0131z bir stil sunar. Siyah rengin sofistike ve klasik tonu, hafif ve rahat kuma\u015f\u0131yla birle\u015ferek hem g\u00f6rsel bir zarafet hem de \u00fcst d\u00fczey bir konfor sunar. Bu iki par\u00e7al\u0131 tak\u0131m, bir crop top ve \u015forttan olu\u015fur, her ikisi de modern ve \u015f\u0131k bir siluet sergiler.<\/p>\n<p>Crop top, d\u00fcz ve minimalist tasar\u0131m\u0131yla \u00e7a\u011fda\u015f bir havaya sahipken, \u015fort y\u00fcksek belli ve rahat bir kesimle tamamlan\u0131r. \u0130ster g\u00fcnd\u00fcz \u015fehirde dola\u015f\u0131rken ister ak\u015fam d\u0131\u015far\u0131 \u00e7\u0131karken, Crop \u015eort Tak\u0131m Siyah, stilinizi sofistike ve \u00e7arp\u0131c\u0131 bir \u015fekilde tamamlar. Bu \u015f\u0131k ve rahat tak\u0131m, hem rahatl\u0131k hem de dikkat \u00e7ekici bir tarz arayanlar i\u00e7in m\u00fckemmel bir se\u00e7imdir. Her durumda klasik bir \u015f\u0131kl\u0131k sunan bu tak\u0131m, gard\u0131robunuzun en sevilen ve en \u00e7ok kullan\u0131lan par\u00e7alar\u0131ndan biri olacak.<\/p>","protected":false},"excerpt":{"rendered":"<p>Crop \u015eort Tak\u0131m Siyah, \u015f\u0131k ve zamans\u0131z bir stil sunar. Siyah rengin sofistike ve klasik tonu, hafif ve rahat kuma\u015f\u0131yla<\/p>","protected":false},"featured_media":10767,"template":"","meta":{"_joinchat":[]},"product_brand":[],"product_cat":[79],"product_tag":[],"class_list":{"0":"post-11068","1":"product","2":"type-product","3":"status-publish","4":"has-post-thumbnail","6":"product_cat-muslin-crop","8":"first","9":"outofstock","10":"sale","11":"purchasable","12":"product-type-simple"},"_links":{"self":[{"href":"https:\/\/www.mebee.com.tr\/en\/wp-json\/wp\/v2\/product\/11068","targetHints":{"allow":["GET"]}}],"collection":[{"href":"https:\/\/www.mebee.com.tr\/en\/wp-json\/wp\/v2\/product"}],"about":[{"href":"https:\/\/www.mebee.com.tr\/en\/wp-json\/wp\/v2\/types\/product"}],"version-history":[{"count":1,"href":"https:\/\/www.mebee.com.tr\/en\/wp-json\/wp\/v2\/product\/11068\/revisions"}],"predecessor-version":[{"id":12838,"href":"https:\/\/www.mebee.com.tr\/en\/wp-json\/wp\/v2\/product\/11068\/revisions\/12838"}],"wp:featuredmedia":[{"embeddable":true,"href":"https:\/\/www.mebee.com.tr\/en\/wp-json\/wp\/v2\/media\/10767"}],"wp:attachment":[{"href":"https:\/\/www.mebee.com.tr\/en\/wp-json\/wp\/v2\/media?parent=11068"}],"wp:term":[{"taxonomy":"product_brand","embeddable":true,"href":"https:\/\/www.mebee.com.tr\/en\/wp-json\/wp\/v2\/product_brand?post=11068"},{"taxonomy":"product_cat","embeddable":true,"href":"https:\/\/www.mebee.com.tr\/en\/wp-json\/wp\/v2\/product_cat?post=11068"},{"taxonomy":"product_tag","embeddable":true,"href":"https:\/\/www.mebee.com.tr\/en\/wp-json\/wp\/v2\/product_tag?post=11068"}],"curies":[{"name":"wp","href":"https:\/\/api.w.org\/{rel}","templated":true}]}}