{"id":11060,"date":"2024-02-11T01:51:56","date_gmt":"2024-02-10T22:51:56","guid":{"rendered":"https:\/\/mebee.com.tr\/urun\/crop-etekli-takim-zumrut-yesili"},"modified":"2025-03-18T22:31:35","modified_gmt":"2025-03-18T19:31:35","slug":"crop-etekli-takim-zumrut-yesili","status":"publish","type":"product","link":"https:\/\/www.mebee.com.tr\/en\/product-2\/crop-etekli-takim-zumrut-yesili","title":{"rendered":"Crop Skirted Suit Emerald Green"},"content":{"rendered":"<p>Crop Etekli Tak\u0131m Z\u00fcmr\u00fct Ye\u015fili, \u015f\u0131kl\u0131\u011f\u0131 ve zarafeti bir arada sunan, g\u00f6z al\u0131c\u0131 bir se\u00e7enektir. Z\u00fcmr\u00fct ye\u015fili rengin derin ve asil tonu, hafif ve ak\u0131c\u0131 kuma\u015f\u0131yla birle\u015ferek hem estetik bir g\u00f6r\u00fcn\u00fcm hem de konforlu bir kullan\u0131m sunar. Bu iki par\u00e7al\u0131 tak\u0131m, bir crop top ve etekten olu\u015fur, her ikisi de sofistike bir siluet sergiler.<\/p>\n<p>Crop top, k\u0131sa ve s\u0131k\u0131 tasar\u0131m\u0131yla modern bir \u00e7izgiye sahiptir, etek ise y\u00fcksek belli ve midi boyda, zarif bir d\u00f6k\u00fcml\u00fc yap\u0131ya sahiptir. \u0130ster \u00f6zel bir davette ister \u015f\u0131k bir ak\u015fam yeme\u011finde, Crop Etekli Tak\u0131m Z\u00fcmr\u00fct Ye\u015fili, stilinizi zarif ve \u00e7arp\u0131c\u0131 bir \u015fekilde tamamlar. Bu zarif tak\u0131m, hem rahatl\u0131k hem de g\u00f6steri\u015fli bir tarz arayanlar i\u00e7in m\u00fckemmel bir se\u00e7enektir. Her ortamda sofistike bir \u015f\u0131kl\u0131k sunan bu tak\u0131m, gard\u0131robunuzun en dikkat \u00e7ekici par\u00e7alar\u0131ndan biri olacak.<\/p>","protected":false},"excerpt":{"rendered":"<p>Crop Etekli Tak\u0131m Z\u00fcmr\u00fct Ye\u015fili, \u015f\u0131kl\u0131\u011f\u0131 ve zarafeti bir arada sunan, g\u00f6z al\u0131c\u0131 bir se\u00e7enektir. Z\u00fcmr\u00fct ye\u015fili rengin derin ve<\/p>","protected":false},"featured_media":10725,"template":"","meta":{"_joinchat":[]},"product_brand":[],"product_cat":[79],"product_tag":[],"class_list":{"0":"post-11060","1":"product","2":"type-product","3":"status-publish","4":"has-post-thumbnail","6":"product_cat-muslin-crop","8":"first","9":"outofstock","10":"sale","11":"purchasable","12":"product-type-simple"},"_links":{"self":[{"href":"https:\/\/www.mebee.com.tr\/en\/wp-json\/wp\/v2\/product\/11060","targetHints":{"allow":["GET"]}}],"collection":[{"href":"https:\/\/www.mebee.com.tr\/en\/wp-json\/wp\/v2\/product"}],"about":[{"href":"https:\/\/www.mebee.com.tr\/en\/wp-json\/wp\/v2\/types\/product"}],"version-history":[{"count":1,"href":"https:\/\/www.mebee.com.tr\/en\/wp-json\/wp\/v2\/product\/11060\/revisions"}],"predecessor-version":[{"id":12833,"href":"https:\/\/www.mebee.com.tr\/en\/wp-json\/wp\/v2\/product\/11060\/revisions\/12833"}],"wp:featuredmedia":[{"embeddable":true,"href":"https:\/\/www.mebee.com.tr\/en\/wp-json\/wp\/v2\/media\/10725"}],"wp:attachment":[{"href":"https:\/\/www.mebee.com.tr\/en\/wp-json\/wp\/v2\/media?parent=11060"}],"wp:term":[{"taxonomy":"product_brand","embeddable":true,"href":"https:\/\/www.mebee.com.tr\/en\/wp-json\/wp\/v2\/product_brand?post=11060"},{"taxonomy":"product_cat","embeddable":true,"href":"https:\/\/www.mebee.com.tr\/en\/wp-json\/wp\/v2\/product_cat?post=11060"},{"taxonomy":"product_tag","embeddable":true,"href":"https:\/\/www.mebee.com.tr\/en\/wp-json\/wp\/v2\/product_tag?post=11060"}],"curies":[{"name":"wp","href":"https:\/\/api.w.org\/{rel}","templated":true}]}}