{"id":11058,"date":"2024-02-11T01:51:56","date_gmt":"2024-02-10T22:51:56","guid":{"rendered":"https:\/\/mebee.com.tr\/urun\/crop-etekli-takim-yavruagzi"},"modified":"2025-03-18T22:31:35","modified_gmt":"2025-03-18T19:31:35","slug":"crop-skirt-suit-yavruagzi-2","status":"publish","type":"product","link":"https:\/\/www.mebee.com.tr\/en\/product-2\/crop-skirt-suit-yavruagzi-2","title":{"rendered":"Crop Skirted Suit Kitten"},"content":{"rendered":"<p>Crop Etekli Tak\u0131m Yavrua\u011fz\u0131, zarif ve romantik bir stil sunar. Yavrua\u011fz\u0131 rengin yumu\u015fak ve narin tonu, hafif ve zarif kuma\u015f\u0131yla birle\u015ferek hem estetik bir g\u00f6r\u00fcn\u00fcm hem de rahat bir kullan\u0131m sunar. Bu iki par\u00e7al\u0131 tak\u0131m, bir crop top ve midi boy etekten olu\u015fur, her ikisi de feminen bir siluet sergiler.<\/p>\n<p>Crop top, d\u00fcz ve sade tasar\u0131m\u0131yla \u00e7a\u011fda\u015f bir havaya sahipken, etek y\u00fcksek belli ve A-line kesimi ile \u015f\u0131k ve d\u00f6k\u00fcml\u00fc bir yap\u0131 sunar. \u0130ster g\u00fcnl\u00fck kullan\u0131mda ister \u00f6zel bir etkinlikte, Crop Etekli Tak\u0131m Yavrua\u011fz\u0131, stilinizi nazik ve zarif bir \u015fekilde tamamlar. Bu zarif tak\u0131m, hem konfor hem de sofistike bir tarz arayanlar i\u00e7in m\u00fckemmel bir se\u00e7imdir. Her ortamda feminen bir \u015f\u0131kl\u0131k sunan bu tak\u0131m, gard\u0131robunuzda \u00f6ne \u00e7\u0131kan par\u00e7alardan biri olacak.<\/p>","protected":false},"excerpt":{"rendered":"<p>Crop Etekli Tak\u0131m Yavrua\u011fz\u0131, zarif ve romantik bir stil sunar. Yavrua\u011fz\u0131 rengin yumu\u015fak ve narin tonu, hafif ve zarif kuma\u015f\u0131yla<\/p>","protected":false},"featured_media":10712,"template":"","meta":{"_joinchat":[]},"product_brand":[],"product_cat":[79],"product_tag":[],"class_list":{"0":"post-11058","1":"product","2":"type-product","3":"status-publish","4":"has-post-thumbnail","6":"product_cat-muslin-crop","8":"first","9":"outofstock","10":"sale","11":"purchasable","12":"product-type-simple"},"_links":{"self":[{"href":"https:\/\/www.mebee.com.tr\/en\/wp-json\/wp\/v2\/product\/11058","targetHints":{"allow":["GET"]}}],"collection":[{"href":"https:\/\/www.mebee.com.tr\/en\/wp-json\/wp\/v2\/product"}],"about":[{"href":"https:\/\/www.mebee.com.tr\/en\/wp-json\/wp\/v2\/types\/product"}],"version-history":[{"count":1,"href":"https:\/\/www.mebee.com.tr\/en\/wp-json\/wp\/v2\/product\/11058\/revisions"}],"predecessor-version":[{"id":12834,"href":"https:\/\/www.mebee.com.tr\/en\/wp-json\/wp\/v2\/product\/11058\/revisions\/12834"}],"wp:featuredmedia":[{"embeddable":true,"href":"https:\/\/www.mebee.com.tr\/en\/wp-json\/wp\/v2\/media\/10712"}],"wp:attachment":[{"href":"https:\/\/www.mebee.com.tr\/en\/wp-json\/wp\/v2\/media?parent=11058"}],"wp:term":[{"taxonomy":"product_brand","embeddable":true,"href":"https:\/\/www.mebee.com.tr\/en\/wp-json\/wp\/v2\/product_brand?post=11058"},{"taxonomy":"product_cat","embeddable":true,"href":"https:\/\/www.mebee.com.tr\/en\/wp-json\/wp\/v2\/product_cat?post=11058"},{"taxonomy":"product_tag","embeddable":true,"href":"https:\/\/www.mebee.com.tr\/en\/wp-json\/wp\/v2\/product_tag?post=11058"}],"curies":[{"name":"wp","href":"https:\/\/api.w.org\/{rel}","templated":true}]}}