{"id":11018,"date":"2024-02-11T01:51:22","date_gmt":"2024-02-10T22:51:22","guid":{"rendered":"https:\/\/mebee.com.tr\/urun\/blue-eye-siyah-pantolonlu-kisa-kol-kimono"},"modified":"2025-03-18T22:31:30","modified_gmt":"2025-03-18T19:31:30","slug":"blue-eye-short-sleeve-kimono-with-black-trousers","status":"publish","type":"product","link":"https:\/\/www.mebee.com.tr\/en\/product-2\/blue-eye-short-sleeve-kimono-with-black-trousers","title":{"rendered":"Blue Eye Black Trousers Muslin Vest"},"content":{"rendered":"<p>Blue Eye Black Trousers and Muslin Vest combines elegance and comfort, adding an elegant touch to the modern woman's wardrobe. Combining the nobility of black with blue details, this unique set adds sophistication to every moment. This suit, which will make you eye-catching both in daily wear and special invitations, helps you reflect your style in the best way.<\/p>\n<p>Its soft and lightweight muslin fabric provides all-day comfort by gently touching your skin. Thanks to its breathable structure, it can be worn easily in all seasons. The wide cut of the trousers and the elegant design of the vest allow you to move comfortably and emphasise your elegance.<\/p>\n<p>Blue Eye Black Trouser Muslin Vest draws attention with its versatile use. You can choose it in many different situations, from business meetings to daily outings, from special invitations to a comfortable day at home. The classic and elegant look of black combined with blue details creates a sophisticated style in any environment.<\/p>","protected":false},"excerpt":{"rendered":"<p>Blue Eye Siyah Pantolonlu M\u00fcslin Yelek, \u015f\u0131kl\u0131\u011f\u0131 ve rahatl\u0131\u011f\u0131 bir araya getirerek modern kad\u0131n\u0131n gard\u0131robuna zarif bir dokunu\u015f kat\u0131yor. Siyah\u0131n<\/p>","protected":false},"featured_media":10480,"template":"","meta":{"_joinchat":[]},"product_brand":[],"product_cat":[70],"product_tag":[],"class_list":{"0":"post-11018","1":"product","2":"type-product","3":"status-publish","4":"has-post-thumbnail","6":"product_cat-muslin-kimono","8":"first","9":"instock","10":"sale","11":"purchasable","12":"product-type-simple"},"_links":{"self":[{"href":"https:\/\/www.mebee.com.tr\/en\/wp-json\/wp\/v2\/product\/11018","targetHints":{"allow":["GET"]}}],"collection":[{"href":"https:\/\/www.mebee.com.tr\/en\/wp-json\/wp\/v2\/product"}],"about":[{"href":"https:\/\/www.mebee.com.tr\/en\/wp-json\/wp\/v2\/types\/product"}],"version-history":[{"count":0,"href":"https:\/\/www.mebee.com.tr\/en\/wp-json\/wp\/v2\/product\/11018\/revisions"}],"wp:featuredmedia":[{"embeddable":true,"href":"https:\/\/www.mebee.com.tr\/en\/wp-json\/wp\/v2\/media\/10480"}],"wp:attachment":[{"href":"https:\/\/www.mebee.com.tr\/en\/wp-json\/wp\/v2\/media?parent=11018"}],"wp:term":[{"taxonomy":"product_brand","embeddable":true,"href":"https:\/\/www.mebee.com.tr\/en\/wp-json\/wp\/v2\/product_brand?post=11018"},{"taxonomy":"product_cat","embeddable":true,"href":"https:\/\/www.mebee.com.tr\/en\/wp-json\/wp\/v2\/product_cat?post=11018"},{"taxonomy":"product_tag","embeddable":true,"href":"https:\/\/www.mebee.com.tr\/en\/wp-json\/wp\/v2\/product_tag?post=11018"}],"curies":[{"name":"wp","href":"https:\/\/api.w.org\/{rel}","templated":true}]}}