{"id":9890,"date":"2023-08-29T20:19:43","date_gmt":"2023-08-29T17:19:43","guid":{"rendered":"https:\/\/mebee.com.tr\/?post_type=product&#038;p=9890"},"modified":"2025-09-18T12:02:00","modified_gmt":"2025-09-18T09:02:00","slug":"dogal-tuz-sabunu","status":"publish","type":"product","link":"https:\/\/www.mebee.com.tr\/de\/produkt\/dogal-tuz-sabunu","title":{"rendered":"Nat\u00fcrliche Salzseife"},"content":{"rendered":"","protected":false},"excerpt":{"rendered":"<p>Tuz k\u00f6t\u00fc koku olu\u015fumunu engeller. Bu nedenle koku yapan b\u00f6lgelerinize kullanabilirsiniz.\u00a0Akne, sivilce, sedef, mantar ve egzama gibi cilt hastal\u0131klar\u0131na iyi gelir.\u00a0Sa\u00e7ta olu\u015fan kepeklenmeleri sonland\u0131r\u0131r.\u00a0Bakterileri \u00f6ld\u00fcrerek derinlemesine temizlik sa\u011flar.<\/p>","protected":false},"featured_media":9891,"template":"","meta":{"_joinchat":[]},"product_brand":[],"product_cat":[83],"product_tag":[],"class_list":{"0":"post-9890","1":"product","2":"type-product","3":"status-publish","4":"has-post-thumbnail","6":"product_cat-organik-sabunlar","8":"first","9":"instock","10":"sale","11":"taxable","12":"shipping-taxable","13":"purchasable","14":"product-type-simple"},"_links":{"self":[{"href":"https:\/\/www.mebee.com.tr\/de\/wp-json\/wp\/v2\/product\/9890","targetHints":{"allow":["GET"]}}],"collection":[{"href":"https:\/\/www.mebee.com.tr\/de\/wp-json\/wp\/v2\/product"}],"about":[{"href":"https:\/\/www.mebee.com.tr\/de\/wp-json\/wp\/v2\/types\/product"}],"version-history":[{"count":0,"href":"https:\/\/www.mebee.com.tr\/de\/wp-json\/wp\/v2\/product\/9890\/revisions"}],"wp:featuredmedia":[{"embeddable":true,"href":"https:\/\/www.mebee.com.tr\/de\/wp-json\/wp\/v2\/media\/9891"}],"wp:attachment":[{"href":"https:\/\/www.mebee.com.tr\/de\/wp-json\/wp\/v2\/media?parent=9890"}],"wp:term":[{"taxonomy":"product_brand","embeddable":true,"href":"https:\/\/www.mebee.com.tr\/de\/wp-json\/wp\/v2\/product_brand?post=9890"},{"taxonomy":"product_cat","embeddable":true,"href":"https:\/\/www.mebee.com.tr\/de\/wp-json\/wp\/v2\/product_cat?post=9890"},{"taxonomy":"product_tag","embeddable":true,"href":"https:\/\/www.mebee.com.tr\/de\/wp-json\/wp\/v2\/product_tag?post=9890"}],"curies":[{"name":"wp","href":"https:\/\/api.w.org\/{rel}","templated":true}]}}