{"id":9886,"date":"2023-08-29T20:18:00","date_gmt":"2023-08-29T17:18:00","guid":{"rendered":"https:\/\/mebee.com.tr\/?post_type=product&#038;p=9886"},"modified":"2025-09-18T11:59:24","modified_gmt":"2025-09-18T08:59:24","slug":"dogal-kahveli-sabunu","status":"publish","type":"product","link":"https:\/\/www.mebee.com.tr\/de\/produkt\/dogal-kahveli-sabunu","title":{"rendered":"Nat\u00fcrliche Kaffeeseife"},"content":{"rendered":"","protected":false},"excerpt":{"rendered":"<p>Kahve sabunu i\u00e7erisindeki minik kahve tanecikleri ciltte peeling etkisi yaratarak \u00f6l\u00fc derinin at\u0131lmas\u0131na, cildinizin daha rahat nefes almas\u0131na ve kan dola\u015f\u0131m\u0131n\u0131n h\u0131zlanmas\u0131na yard\u0131mc\u0131 olur.<\/p>","protected":false},"featured_media":9888,"template":"","meta":{"_joinchat":[]},"product_brand":[],"product_cat":[83],"product_tag":[],"class_list":{"0":"post-9886","1":"product","2":"type-product","3":"status-publish","4":"has-post-thumbnail","6":"product_cat-organik-sabunlar","8":"first","9":"instock","10":"sale","11":"taxable","12":"shipping-taxable","13":"purchasable","14":"product-type-simple"},"_links":{"self":[{"href":"https:\/\/www.mebee.com.tr\/de\/wp-json\/wp\/v2\/product\/9886","targetHints":{"allow":["GET"]}}],"collection":[{"href":"https:\/\/www.mebee.com.tr\/de\/wp-json\/wp\/v2\/product"}],"about":[{"href":"https:\/\/www.mebee.com.tr\/de\/wp-json\/wp\/v2\/types\/product"}],"version-history":[{"count":0,"href":"https:\/\/www.mebee.com.tr\/de\/wp-json\/wp\/v2\/product\/9886\/revisions"}],"wp:featuredmedia":[{"embeddable":true,"href":"https:\/\/www.mebee.com.tr\/de\/wp-json\/wp\/v2\/media\/9888"}],"wp:attachment":[{"href":"https:\/\/www.mebee.com.tr\/de\/wp-json\/wp\/v2\/media?parent=9886"}],"wp:term":[{"taxonomy":"product_brand","embeddable":true,"href":"https:\/\/www.mebee.com.tr\/de\/wp-json\/wp\/v2\/product_brand?post=9886"},{"taxonomy":"product_cat","embeddable":true,"href":"https:\/\/www.mebee.com.tr\/de\/wp-json\/wp\/v2\/product_cat?post=9886"},{"taxonomy":"product_tag","embeddable":true,"href":"https:\/\/www.mebee.com.tr\/de\/wp-json\/wp\/v2\/product_tag?post=9886"}],"curies":[{"name":"wp","href":"https:\/\/api.w.org\/{rel}","templated":true}]}}