{"id":9881,"date":"2023-08-29T20:16:25","date_gmt":"2023-08-29T17:16:25","guid":{"rendered":"https:\/\/mebee.com.tr\/?post_type=product&#038;p=9881"},"modified":"2025-09-18T11:58:11","modified_gmt":"2025-09-18T08:58:11","slug":"naturseife-bittim-2","status":"publish","type":"product","link":"https:\/\/www.mebee.com.tr\/de\/produkt\/naturseife-bittim-2","title":{"rendered":"Nat\u00fcrliche B\u0131tt\u0131m-Seife"},"content":{"rendered":"","protected":false},"excerpt":{"rendered":"<p>Es handelt sich um ein traditionelles Produkt, das aus dem \u00d6l der kleink\u00f6rnigen wilden N\u00fcsse (menengi\u00e7) der b\u0131tt\u0131m-B\u00e4ume hergestellt wird. Die B\u0131tt\u0131m-Seife ist ein gutes Reinigungsmittel f\u00fcr das Haar und wirkt gegen Haarausfall und Schuppenbildung. Sie wird bei der Behandlung von Krankheiten wie Ekzemen, Schuppenflechte, Vitiligo und Pilzerkrankungen eingesetzt. Es verhindert Akne und Akne Bildung bei regelm\u00e4\u00dfiger Anwendung.<\/p>","protected":false},"featured_media":9883,"template":"","meta":{"_joinchat":[]},"product_brand":[],"product_cat":[83],"product_tag":[],"class_list":{"0":"post-9881","1":"product","2":"type-product","3":"status-publish","4":"has-post-thumbnail","6":"product_cat-organik-sabunlar","8":"first","9":"instock","10":"sale","11":"taxable","12":"shipping-taxable","13":"purchasable","14":"product-type-simple"},"_links":{"self":[{"href":"https:\/\/www.mebee.com.tr\/de\/wp-json\/wp\/v2\/product\/9881","targetHints":{"allow":["GET"]}}],"collection":[{"href":"https:\/\/www.mebee.com.tr\/de\/wp-json\/wp\/v2\/product"}],"about":[{"href":"https:\/\/www.mebee.com.tr\/de\/wp-json\/wp\/v2\/types\/product"}],"version-history":[{"count":0,"href":"https:\/\/www.mebee.com.tr\/de\/wp-json\/wp\/v2\/product\/9881\/revisions"}],"wp:featuredmedia":[{"embeddable":true,"href":"https:\/\/www.mebee.com.tr\/de\/wp-json\/wp\/v2\/media\/9883"}],"wp:attachment":[{"href":"https:\/\/www.mebee.com.tr\/de\/wp-json\/wp\/v2\/media?parent=9881"}],"wp:term":[{"taxonomy":"product_brand","embeddable":true,"href":"https:\/\/www.mebee.com.tr\/de\/wp-json\/wp\/v2\/product_brand?post=9881"},{"taxonomy":"product_cat","embeddable":true,"href":"https:\/\/www.mebee.com.tr\/de\/wp-json\/wp\/v2\/product_cat?post=9881"},{"taxonomy":"product_tag","embeddable":true,"href":"https:\/\/www.mebee.com.tr\/de\/wp-json\/wp\/v2\/product_tag?post=9881"}],"curies":[{"name":"wp","href":"https:\/\/api.w.org\/{rel}","templated":true}]}}