{"id":9874,"date":"2023-08-29T20:13:14","date_gmt":"2023-08-29T17:13:14","guid":{"rendered":"https:\/\/mebee.com.tr\/?post_type=product&#038;p=9874"},"modified":"2025-09-18T11:59:41","modified_gmt":"2025-09-18T08:59:41","slug":"kakao-naturseife-2","status":"publish","type":"product","link":"https:\/\/www.mebee.com.tr\/de\/produkt\/kakao-naturseife-2","title":{"rendered":"Nat\u00fcrliche Kakao-Seife"},"content":{"rendered":"","protected":false},"excerpt":{"rendered":"<p>Aufgrund seiner n\u00e4hrenden, aufbauenden und feuchtigkeitsspendenden Eigenschaften ist es ein guter Schutz f\u00fcr die Haut. Es ist wirksam bei der Beseitigung von Rissen auf der Haut. Verhindert Schuppenbildung auf der Haut. N\u00e4hrt und beruhigt die Haut. Sie sorgt f\u00fcr den gew\u00fcnschten Feuchtigkeitshaushalt der Haut und ist eine ideale Br\u00e4unungsseife vor und nach der Sonne.<\/p>","protected":false},"featured_media":9875,"template":"","meta":{"_joinchat":[]},"product_brand":[],"product_cat":[83],"product_tag":[],"class_list":{"0":"post-9874","1":"product","2":"type-product","3":"status-publish","4":"has-post-thumbnail","6":"product_cat-organik-sabunlar","8":"first","9":"instock","10":"sale","11":"taxable","12":"shipping-taxable","13":"purchasable","14":"product-type-simple"},"_links":{"self":[{"href":"https:\/\/www.mebee.com.tr\/de\/wp-json\/wp\/v2\/product\/9874","targetHints":{"allow":["GET"]}}],"collection":[{"href":"https:\/\/www.mebee.com.tr\/de\/wp-json\/wp\/v2\/product"}],"about":[{"href":"https:\/\/www.mebee.com.tr\/de\/wp-json\/wp\/v2\/types\/product"}],"version-history":[{"count":0,"href":"https:\/\/www.mebee.com.tr\/de\/wp-json\/wp\/v2\/product\/9874\/revisions"}],"wp:featuredmedia":[{"embeddable":true,"href":"https:\/\/www.mebee.com.tr\/de\/wp-json\/wp\/v2\/media\/9875"}],"wp:attachment":[{"href":"https:\/\/www.mebee.com.tr\/de\/wp-json\/wp\/v2\/media?parent=9874"}],"wp:term":[{"taxonomy":"product_brand","embeddable":true,"href":"https:\/\/www.mebee.com.tr\/de\/wp-json\/wp\/v2\/product_brand?post=9874"},{"taxonomy":"product_cat","embeddable":true,"href":"https:\/\/www.mebee.com.tr\/de\/wp-json\/wp\/v2\/product_cat?post=9874"},{"taxonomy":"product_tag","embeddable":true,"href":"https:\/\/www.mebee.com.tr\/de\/wp-json\/wp\/v2\/product_tag?post=9874"}],"curies":[{"name":"wp","href":"https:\/\/api.w.org\/{rel}","templated":true}]}}