{"id":9862,"date":"2023-08-29T20:07:19","date_gmt":"2023-08-29T17:07:19","guid":{"rendered":"https:\/\/mebee.com.tr\/?post_type=product&#038;p=9862"},"modified":"2025-09-18T12:01:41","modified_gmt":"2025-09-18T09:01:41","slug":"dogal-sirke-limon-sabunu","status":"publish","type":"product","link":"https:\/\/www.mebee.com.tr\/de\/produkt\/dogal-sirke-limon-sabunu","title":{"rendered":"Nat\u00fcrliche Essig-Zitronen-Seife"},"content":{"rendered":"","protected":false},"excerpt":{"rendered":"<p>Cildi ayd\u0131nlat\u0131r, p\u00fcr\u00fczs\u00fczle\u015ftirir. Akne ve sivilcelerin \u00f6nlenmesinde ve yay\u0131lmas\u0131nda etkilidir. Sa\u00e7larda kullan\u0131ld\u0131\u011f\u0131nda parlakl\u0131k sa\u011flar ve ayn\u0131 zamanda dolgunluk verir.<\/p>","protected":false},"featured_media":9863,"template":"","meta":{"_joinchat":[]},"product_brand":[],"product_cat":[83],"product_tag":[],"class_list":{"0":"post-9862","1":"product","2":"type-product","3":"status-publish","4":"has-post-thumbnail","6":"product_cat-organik-sabunlar","8":"first","9":"instock","10":"sale","11":"taxable","12":"shipping-taxable","13":"purchasable","14":"product-type-simple"},"_links":{"self":[{"href":"https:\/\/www.mebee.com.tr\/de\/wp-json\/wp\/v2\/product\/9862","targetHints":{"allow":["GET"]}}],"collection":[{"href":"https:\/\/www.mebee.com.tr\/de\/wp-json\/wp\/v2\/product"}],"about":[{"href":"https:\/\/www.mebee.com.tr\/de\/wp-json\/wp\/v2\/types\/product"}],"version-history":[{"count":0,"href":"https:\/\/www.mebee.com.tr\/de\/wp-json\/wp\/v2\/product\/9862\/revisions"}],"wp:featuredmedia":[{"embeddable":true,"href":"https:\/\/www.mebee.com.tr\/de\/wp-json\/wp\/v2\/media\/9863"}],"wp:attachment":[{"href":"https:\/\/www.mebee.com.tr\/de\/wp-json\/wp\/v2\/media?parent=9862"}],"wp:term":[{"taxonomy":"product_brand","embeddable":true,"href":"https:\/\/www.mebee.com.tr\/de\/wp-json\/wp\/v2\/product_brand?post=9862"},{"taxonomy":"product_cat","embeddable":true,"href":"https:\/\/www.mebee.com.tr\/de\/wp-json\/wp\/v2\/product_cat?post=9862"},{"taxonomy":"product_tag","embeddable":true,"href":"https:\/\/www.mebee.com.tr\/de\/wp-json\/wp\/v2\/product_tag?post=9862"}],"curies":[{"name":"wp","href":"https:\/\/api.w.org\/{rel}","templated":true}]}}