{"id":9698,"date":"2023-06-17T11:32:58","date_gmt":"2023-06-17T08:32:58","guid":{"rendered":"https:\/\/mebee.com.tr\/?post_type=product&#038;p=9698"},"modified":"2025-03-18T22:31:24","modified_gmt":"2025-03-18T19:31:24","slug":"classic-pamuklu-muslin-kimono-sari","status":"publish","type":"product","link":"https:\/\/www.mebee.com.tr\/de\/produkt\/classic-pamuklu-muslin-kimono-sari","title":{"rendered":"Klassischer Baumwolle Musselin Kimono Gelb"},"content":{"rendered":"<p style=\"text-align: justify;\"><span style=\"font-size: 11.0pt;\">G\u00fcne\u015fin s\u0131cak ve enerjik tonlar\u0131na selam duran Classic Pamuklu M\u00fcslin Kimono Sar\u0131, zamans\u0131z bir zarafeti temsil eder. %100 pamuk m\u00fcslinin do\u011fal ve nefes alabilen dokusu, canl\u0131 sar\u0131 tonuyla birle\u015ferek hem konforlu hem de sofistike bir deneyim sunar. Klasi\u011fin e\u015fsiz dokunu\u015flar\u0131, bu m\u00fcslin kimononun \u00f6zg\u00fcnl\u00fc\u011f\u00fcn\u00fc \u00f6n plana \u00e7\u0131kar\u0131r. Her an\u0131n\u0131zda, Classic pamuklu m\u00fcslin kimono tasar\u0131m\u0131 ile hem geleneksel hem de modern bir \u015f\u0131kl\u0131\u011f\u0131 yakalay\u0131n.<\/span><\/p>","protected":false},"excerpt":{"rendered":"<p>Bu inan\u0131lmaz yumu\u015fak, nefes alabilen ah\u015fap bask\u0131l\u0131 \u00fcr\u00fcn\u00fcm\u00fcz, plajlardan parktaki pikniklere kadar t\u00fcm yaz ihtiya\u00e7lar\u0131n\u0131z i\u00e7in m\u00fckemmel bir \u00f6rt\u00fcd\u00fcr. %100 organik pamuktan \u00fcretilmektedir. Yumu\u015fak, hafif ve \u00e7abuk kurur, suyu bir havludan daha iyi emer.<\/p>","protected":false},"featured_media":9710,"template":"","meta":{"_joinchat":[]},"product_brand":[],"product_cat":[70],"product_tag":[],"class_list":{"0":"post-9698","1":"product","2":"type-product","3":"status-publish","4":"has-post-thumbnail","6":"product_cat-muslin-kimono","8":"first","9":"instock","10":"sale","11":"taxable","12":"shipping-taxable","13":"purchasable","14":"product-type-simple"},"_links":{"self":[{"href":"https:\/\/www.mebee.com.tr\/de\/wp-json\/wp\/v2\/product\/9698","targetHints":{"allow":["GET"]}}],"collection":[{"href":"https:\/\/www.mebee.com.tr\/de\/wp-json\/wp\/v2\/product"}],"about":[{"href":"https:\/\/www.mebee.com.tr\/de\/wp-json\/wp\/v2\/types\/product"}],"version-history":[{"count":0,"href":"https:\/\/www.mebee.com.tr\/de\/wp-json\/wp\/v2\/product\/9698\/revisions"}],"wp:featuredmedia":[{"embeddable":true,"href":"https:\/\/www.mebee.com.tr\/de\/wp-json\/wp\/v2\/media\/9710"}],"wp:attachment":[{"href":"https:\/\/www.mebee.com.tr\/de\/wp-json\/wp\/v2\/media?parent=9698"}],"wp:term":[{"taxonomy":"product_brand","embeddable":true,"href":"https:\/\/www.mebee.com.tr\/de\/wp-json\/wp\/v2\/product_brand?post=9698"},{"taxonomy":"product_cat","embeddable":true,"href":"https:\/\/www.mebee.com.tr\/de\/wp-json\/wp\/v2\/product_cat?post=9698"},{"taxonomy":"product_tag","embeddable":true,"href":"https:\/\/www.mebee.com.tr\/de\/wp-json\/wp\/v2\/product_tag?post=9698"}],"curies":[{"name":"wp","href":"https:\/\/api.w.org\/{rel}","templated":true}]}}