{"id":9672,"date":"2023-06-17T11:10:50","date_gmt":"2023-06-17T08:10:50","guid":{"rendered":"https:\/\/mebee.com.tr\/?post_type=product&#038;p=9672"},"modified":"2025-03-18T22:31:24","modified_gmt":"2025-03-18T19:31:24","slug":"classic-pamuklu-muslin-kimono-takim","status":"publish","type":"product","link":"https:\/\/www.mebee.com.tr\/de\/produkt\/classic-pamuklu-muslin-kimono-takim","title":{"rendered":"Kimono-Set aus klassischem Baumwoll-Musselin"},"content":{"rendered":"<p style=\"text-align: justify;\">Zamans\u0131z bir \u015f\u0131kl\u0131\u011f\u0131 ve konforu bir araya getiren Classic Pamuklu M\u00fcslin Kimono Tak\u0131m, her an\u0131n\u0131za asalet katar. %100 pamuk m\u00fcslinin do\u011fal ve nefes alabilen dokusu, kimononun zarif tasar\u0131m\u0131yla m\u00fckemmel bir uyum i\u00e7indedir. Tak\u0131m\u0131n tamamlay\u0131c\u0131 par\u00e7alar\u0131, hem ev i\u00e7inde hem de d\u0131\u015f\u0131nda sofistike bir deneyim sunar. Klasi\u011fin e\u015fsiz dokunu\u015flar\u0131, bu m\u00fcslin kimono tak\u0131m\u0131n\u0131n \u00f6zg\u00fcnl\u00fc\u011f\u00fcn\u00fc ve \u015f\u0131kl\u0131\u011f\u0131n\u0131 vurgular. Her g\u00fcn\u00fcn\u00fczde, Classic pamuklu m\u00fcslin kimono tak\u0131m\u0131 ile kusursuz bir uyumu ve zarafeti yakalay\u0131n.<\/p>","protected":false},"excerpt":{"rendered":"<p>Bu inan\u0131lmaz yumu\u015fak, nefes alabilen ah\u015fap bask\u0131l\u0131 \u00fcr\u00fcn\u00fcm\u00fcz, plajlardan parktaki pikniklere kadar t\u00fcm yaz ihtiya\u00e7lar\u0131n\u0131z i\u00e7in m\u00fckemmel bir \u00f6rt\u00fcd\u00fcr. %100 organik pamuktan \u00fcretilmektedir. Yumu\u015fak, hafif ve \u00e7abuk kurur, suyu bir havludan daha iyi emer.<\/p>","protected":false},"featured_media":9684,"template":"","meta":{"_joinchat":[]},"product_brand":[],"product_cat":[70],"product_tag":[],"class_list":{"0":"post-9672","1":"product","2":"type-product","3":"status-publish","4":"has-post-thumbnail","6":"product_cat-muslin-kimono","8":"first","9":"instock","10":"sale","11":"taxable","12":"shipping-taxable","13":"purchasable","14":"product-type-simple"},"_links":{"self":[{"href":"https:\/\/www.mebee.com.tr\/de\/wp-json\/wp\/v2\/product\/9672","targetHints":{"allow":["GET"]}}],"collection":[{"href":"https:\/\/www.mebee.com.tr\/de\/wp-json\/wp\/v2\/product"}],"about":[{"href":"https:\/\/www.mebee.com.tr\/de\/wp-json\/wp\/v2\/types\/product"}],"version-history":[{"count":0,"href":"https:\/\/www.mebee.com.tr\/de\/wp-json\/wp\/v2\/product\/9672\/revisions"}],"wp:featuredmedia":[{"embeddable":true,"href":"https:\/\/www.mebee.com.tr\/de\/wp-json\/wp\/v2\/media\/9684"}],"wp:attachment":[{"href":"https:\/\/www.mebee.com.tr\/de\/wp-json\/wp\/v2\/media?parent=9672"}],"wp:term":[{"taxonomy":"product_brand","embeddable":true,"href":"https:\/\/www.mebee.com.tr\/de\/wp-json\/wp\/v2\/product_brand?post=9672"},{"taxonomy":"product_cat","embeddable":true,"href":"https:\/\/www.mebee.com.tr\/de\/wp-json\/wp\/v2\/product_cat?post=9672"},{"taxonomy":"product_tag","embeddable":true,"href":"https:\/\/www.mebee.com.tr\/de\/wp-json\/wp\/v2\/product_tag?post=9672"}],"curies":[{"name":"wp","href":"https:\/\/api.w.org\/{rel}","templated":true}]}}