{"id":9628,"date":"2023-06-14T01:28:02","date_gmt":"2023-06-13T22:28:02","guid":{"rendered":"https:\/\/mebee.com.tr\/?post_type=product&#038;p=9628"},"modified":"2025-03-18T22:31:23","modified_gmt":"2025-03-18T19:31:23","slug":"parlament-blau-musselin-ernte-2","status":"publish","type":"product","link":"https:\/\/www.mebee.com.tr\/de\/produkt\/parlament-blau-musselin-ernte-2","title":{"rendered":"Parlament Blau Musselin Crop"},"content":{"rendered":"<p>Parlament Blue Muslin Crop bietet einen energiegeladenen und frischen Stil. Der tiefe und lebendige Farbton des Parlamentsblaus in Kombination mit dem leichten und atmungsaktiven Musselin-Stoff macht es sowohl zu einem Blickfang als auch angenehm zu tragen. Dieses Crop-Top zeigt eine moderne und stilvolle Silhouette.<\/p>\n<p>Mit seinem kurzen und bequemen Schnitt bietet dieses Kleidungsst\u00fcck einen modernen Look und kann im Alltag, am Strand oder an Sommerabenden getragen werden. Dank seiner Leichtigkeit und weichen Textur bietet es den ganzen Tag \u00fcber ein angenehmes Tragegef\u00fchl. Parlament Blue Muslin Crop erg\u00e4nzt Ihren Stil auf eine lebendige und dynamische Weise. Dieses stilvolle und gem\u00fctliche Kleidungsst\u00fcck ist die perfekte Wahl f\u00fcr alle, die sowohl Komfort als auch einen auff\u00e4lligen Stil suchen. Es wird eines der unverzichtbaren Teile der Sommersaison in Ihrem Kleiderschrank sein.<\/p>","protected":false},"excerpt":{"rendered":"<p>%100 organik pamuktan ve 4 kat m\u00fcslinden \u00fcretilmektedir. Yumu\u015fak ve hafiftir.<\/p>","protected":false},"featured_media":9643,"template":"","meta":{"_joinchat":[]},"product_brand":[],"product_cat":[79],"product_tag":[],"class_list":{"0":"post-9628","1":"product","2":"type-product","3":"status-publish","4":"has-post-thumbnail","6":"product_cat-muslin-crop","8":"first","9":"outofstock","10":"sale","11":"taxable","12":"shipping-taxable","13":"purchasable","14":"product-type-simple"},"_links":{"self":[{"href":"https:\/\/www.mebee.com.tr\/de\/wp-json\/wp\/v2\/product\/9628","targetHints":{"allow":["GET"]}}],"collection":[{"href":"https:\/\/www.mebee.com.tr\/de\/wp-json\/wp\/v2\/product"}],"about":[{"href":"https:\/\/www.mebee.com.tr\/de\/wp-json\/wp\/v2\/types\/product"}],"version-history":[{"count":1,"href":"https:\/\/www.mebee.com.tr\/de\/wp-json\/wp\/v2\/product\/9628\/revisions"}],"predecessor-version":[{"id":12858,"href":"https:\/\/www.mebee.com.tr\/de\/wp-json\/wp\/v2\/product\/9628\/revisions\/12858"}],"wp:featuredmedia":[{"embeddable":true,"href":"https:\/\/www.mebee.com.tr\/de\/wp-json\/wp\/v2\/media\/9643"}],"wp:attachment":[{"href":"https:\/\/www.mebee.com.tr\/de\/wp-json\/wp\/v2\/media?parent=9628"}],"wp:term":[{"taxonomy":"product_brand","embeddable":true,"href":"https:\/\/www.mebee.com.tr\/de\/wp-json\/wp\/v2\/product_brand?post=9628"},{"taxonomy":"product_cat","embeddable":true,"href":"https:\/\/www.mebee.com.tr\/de\/wp-json\/wp\/v2\/product_cat?post=9628"},{"taxonomy":"product_tag","embeddable":true,"href":"https:\/\/www.mebee.com.tr\/de\/wp-json\/wp\/v2\/product_tag?post=9628"}],"curies":[{"name":"wp","href":"https:\/\/api.w.org\/{rel}","templated":true}]}}