{"id":9612,"date":"2023-06-14T01:22:00","date_gmt":"2023-06-13T22:22:00","guid":{"rendered":"https:\/\/mebee.com.tr\/?post_type=product&#038;p=9612"},"modified":"2025-03-18T22:31:23","modified_gmt":"2025-03-18T19:31:23","slug":"sari-pamuklu-muslin-crop","status":"publish","type":"product","link":"https:\/\/www.mebee.com.tr\/de\/produkt\/sari-pamuklu-muslin-crop","title":{"rendered":"Gelbe Baumwolle Musselin Crop"},"content":{"rendered":"<p style=\"text-align: justify;\">Yaz\u0131n s\u0131cak g\u00fcnlerinde ferahl\u0131k ve \u015f\u0131kl\u0131k arayanlar i\u00e7in ideal bir se\u00e7enek olan Pamuklu M\u00fcslin Crop, gard\u0131robunuzun vazge\u00e7ilmez bir par\u00e7as\u0131 olacak. %100 pamuk m\u00fcslinin hafif ve nefes alabilen dokusu, sizi g\u00fcn boyu serin tutarken, crop tasar\u0131m\u0131 da modern bir stil sunar. Hem rahat hem de trend bir g\u00f6r\u00fcn\u00fcm i\u00e7in bu crop \u00fcr\u00fcn\u00fc, y\u00fcksek bel pantolon veya eteklerle kombinleyebilirsiniz. Her giydi\u011finizde, pamuklu m\u00fcslin cropun do\u011fal dokusunu ve \u015f\u0131k tasar\u0131m\u0131n\u0131 hissedin.<\/p>","protected":false},"excerpt":{"rendered":"<p>%100 organik pamuktan ve 4 kat m\u00fcslinden \u00fcretilmektedir. Yumu\u015fak ve hafiftir.<\/p>","protected":false},"featured_media":9625,"template":"","meta":{"_joinchat":[]},"product_brand":[],"product_cat":[79],"product_tag":[],"class_list":{"0":"post-9612","1":"product","2":"type-product","3":"status-publish","4":"has-post-thumbnail","6":"product_cat-muslin-crop","8":"first","9":"outofstock","10":"sale","11":"taxable","12":"shipping-taxable","13":"purchasable","14":"product-type-simple"},"_links":{"self":[{"href":"https:\/\/www.mebee.com.tr\/de\/wp-json\/wp\/v2\/product\/9612","targetHints":{"allow":["GET"]}}],"collection":[{"href":"https:\/\/www.mebee.com.tr\/de\/wp-json\/wp\/v2\/product"}],"about":[{"href":"https:\/\/www.mebee.com.tr\/de\/wp-json\/wp\/v2\/types\/product"}],"version-history":[{"count":1,"href":"https:\/\/www.mebee.com.tr\/de\/wp-json\/wp\/v2\/product\/9612\/revisions"}],"predecessor-version":[{"id":12860,"href":"https:\/\/www.mebee.com.tr\/de\/wp-json\/wp\/v2\/product\/9612\/revisions\/12860"}],"wp:featuredmedia":[{"embeddable":true,"href":"https:\/\/www.mebee.com.tr\/de\/wp-json\/wp\/v2\/media\/9625"}],"wp:attachment":[{"href":"https:\/\/www.mebee.com.tr\/de\/wp-json\/wp\/v2\/media?parent=9612"}],"wp:term":[{"taxonomy":"product_brand","embeddable":true,"href":"https:\/\/www.mebee.com.tr\/de\/wp-json\/wp\/v2\/product_brand?post=9612"},{"taxonomy":"product_cat","embeddable":true,"href":"https:\/\/www.mebee.com.tr\/de\/wp-json\/wp\/v2\/product_cat?post=9612"},{"taxonomy":"product_tag","embeddable":true,"href":"https:\/\/www.mebee.com.tr\/de\/wp-json\/wp\/v2\/product_tag?post=9612"}],"curies":[{"name":"wp","href":"https:\/\/api.w.org\/{rel}","templated":true}]}}