{"id":9571,"date":"2023-06-14T00:59:01","date_gmt":"2023-06-13T21:59:01","guid":{"rendered":"https:\/\/mebee.com.tr\/?post_type=product&#038;p=9571"},"modified":"2025-03-18T22:31:20","modified_gmt":"2025-03-18T19:31:20","slug":"mandala-baumwoll-musselin-bademantel-2","status":"publish","type":"product","link":"https:\/\/www.mebee.com.tr\/de\/produkt\/mandala-baumwoll-musselin-bademantel-2","title":{"rendered":"Mandala Baumwolle Musselin Bademantel"},"content":{"rendered":"<p style=\"text-align: justify;\">Mandala Pamuklu M\u00fcslin Bornoz, sizi bir yolculu\u011fa davet ediyor. Mandala desenlerinin b\u00fcy\u00fcl\u00fc d\u00fcnyas\u0131, %100 pamuk m\u00fcslinin yumu\u015fakl\u0131\u011f\u0131 ve do\u011fal dokusuyla bulu\u015fuyor. Bu bornoz, banyo sonras\u0131 veya rahat bir sabah\u0131n ba\u015flang\u0131c\u0131nda sizi sararak rahatlaman\u0131z\u0131 sa\u011flar. Hem \u015f\u0131k hem de fonksiyonel olan Mandala Pamuklu M\u00fcslin Bornoz, hem zihninizi hem de bedeninizi s\u0131cac\u0131k bir huzura g\u00f6t\u00fcr\u00fcr.<\/p>","protected":false},"excerpt":{"rendered":"<p>Bu inan\u0131lmaz yumu\u015fak, nefes alabilen \u00fcr\u00fcn\u00fcm\u00fcz, plajlardan parktaki pikniklere kadar t\u00fcm yaz ihtiya\u00e7lar\u0131n\u0131z i\u00e7in m\u00fckemmel bir \u00f6rt\u00fcd\u00fcr. %100 organik pamuktan \u00fcretilmektedir. Yumu\u015fak, hafif ve \u00e7abuk kurur, suyu bir havludan daha iyi emer.<\/p>","protected":false},"featured_media":9577,"template":"","meta":{"_joinchat":[]},"product_brand":[],"product_cat":[81],"product_tag":[],"class_list":{"0":"post-9571","1":"product","2":"type-product","3":"status-publish","4":"has-post-thumbnail","6":"product_cat-muslin-bornoz","8":"first","9":"instock","10":"sale","11":"taxable","12":"shipping-taxable","13":"purchasable","14":"product-type-simple"},"_links":{"self":[{"href":"https:\/\/www.mebee.com.tr\/de\/wp-json\/wp\/v2\/product\/9571","targetHints":{"allow":["GET"]}}],"collection":[{"href":"https:\/\/www.mebee.com.tr\/de\/wp-json\/wp\/v2\/product"}],"about":[{"href":"https:\/\/www.mebee.com.tr\/de\/wp-json\/wp\/v2\/types\/product"}],"version-history":[{"count":0,"href":"https:\/\/www.mebee.com.tr\/de\/wp-json\/wp\/v2\/product\/9571\/revisions"}],"wp:featuredmedia":[{"embeddable":true,"href":"https:\/\/www.mebee.com.tr\/de\/wp-json\/wp\/v2\/media\/9577"}],"wp:attachment":[{"href":"https:\/\/www.mebee.com.tr\/de\/wp-json\/wp\/v2\/media?parent=9571"}],"wp:term":[{"taxonomy":"product_brand","embeddable":true,"href":"https:\/\/www.mebee.com.tr\/de\/wp-json\/wp\/v2\/product_brand?post=9571"},{"taxonomy":"product_cat","embeddable":true,"href":"https:\/\/www.mebee.com.tr\/de\/wp-json\/wp\/v2\/product_cat?post=9571"},{"taxonomy":"product_tag","embeddable":true,"href":"https:\/\/www.mebee.com.tr\/de\/wp-json\/wp\/v2\/product_tag?post=9571"}],"curies":[{"name":"wp","href":"https:\/\/api.w.org\/{rel}","templated":true}]}}