{"id":9495,"date":"2023-06-13T23:53:04","date_gmt":"2023-06-13T20:53:04","guid":{"rendered":"https:\/\/mebee.com.tr\/?post_type=product&#038;p=9495"},"modified":"2025-03-18T22:31:19","modified_gmt":"2025-03-18T19:31:19","slug":"bademantel-aus-rosa-baumwollmusselin-2","status":"publish","type":"product","link":"https:\/\/www.mebee.com.tr\/de\/produkt\/bademantel-aus-rosa-baumwollmusselin-2","title":{"rendered":"Pinky Baumwolle Musselin Bademantel"},"content":{"rendered":"<p style=\"text-align: justify;\">Pamuklu M\u00fcslin Bornoz, sizi do\u011fan\u0131n yumu\u015fak dokunu\u015fuyla kucaklar. %100 pamuk m\u00fcslinin hafif ve nefes alabilen \u00f6zelli\u011fi, cildinizle m\u00fckemmel bir uyum i\u00e7inde, size g\u00fcn boyu ferahl\u0131k sunar. Bir banyo sonras\u0131 ya da rahat bir ak\u015famda, bu bornozun s\u0131cak ve konforlu kucaklamas\u0131yla g\u00fcn\u00fcn stresinden ar\u0131n\u0131rken ayn\u0131 zamanda \u015f\u0131kl\u0131\u011f\u0131n\u0131zdan \u00f6d\u00fcn vermezsiniz. Hem rahatl\u0131k hem de estetik sunan bu bornoz, ev konforunuzun vazge\u00e7ilmez bir par\u00e7as\u0131d\u0131r.<\/p>","protected":false},"excerpt":{"rendered":"<p>Bu inan\u0131lmaz yumu\u015fak, nefes alabilen \u00fcr\u00fcn\u00fcm\u00fcz, plajlardan parktaki pikniklere kadar t\u00fcm yaz ihtiya\u00e7lar\u0131n\u0131z i\u00e7in m\u00fckemmel bir \u00f6rt\u00fcd\u00fcr. %100 organik pamuktan \u00fcretilmektedir. Yumu\u015fak, hafif ve \u00e7abuk kurur, suyu bir havludan daha iyi emer.<\/p>","protected":false},"featured_media":9510,"template":"","meta":{"_joinchat":[]},"product_brand":[],"product_cat":[81],"product_tag":[],"class_list":{"0":"post-9495","1":"product","2":"type-product","3":"status-publish","4":"has-post-thumbnail","6":"product_cat-muslin-bornoz","8":"first","9":"instock","10":"sale","11":"taxable","12":"shipping-taxable","13":"purchasable","14":"product-type-simple"},"_links":{"self":[{"href":"https:\/\/www.mebee.com.tr\/de\/wp-json\/wp\/v2\/product\/9495","targetHints":{"allow":["GET"]}}],"collection":[{"href":"https:\/\/www.mebee.com.tr\/de\/wp-json\/wp\/v2\/product"}],"about":[{"href":"https:\/\/www.mebee.com.tr\/de\/wp-json\/wp\/v2\/types\/product"}],"version-history":[{"count":0,"href":"https:\/\/www.mebee.com.tr\/de\/wp-json\/wp\/v2\/product\/9495\/revisions"}],"wp:featuredmedia":[{"embeddable":true,"href":"https:\/\/www.mebee.com.tr\/de\/wp-json\/wp\/v2\/media\/9510"}],"wp:attachment":[{"href":"https:\/\/www.mebee.com.tr\/de\/wp-json\/wp\/v2\/media?parent=9495"}],"wp:term":[{"taxonomy":"product_brand","embeddable":true,"href":"https:\/\/www.mebee.com.tr\/de\/wp-json\/wp\/v2\/product_brand?post=9495"},{"taxonomy":"product_cat","embeddable":true,"href":"https:\/\/www.mebee.com.tr\/de\/wp-json\/wp\/v2\/product_cat?post=9495"},{"taxonomy":"product_tag","embeddable":true,"href":"https:\/\/www.mebee.com.tr\/de\/wp-json\/wp\/v2\/product_tag?post=9495"}],"curies":[{"name":"wp","href":"https:\/\/api.w.org\/{rel}","templated":true}]}}