{"id":9347,"date":"2023-06-13T21:58:14","date_gmt":"2023-06-13T18:58:14","guid":{"rendered":"https:\/\/mebee.com.tr\/?post_type=product&#038;p=9347"},"modified":"2025-03-18T22:31:16","modified_gmt":"2025-03-18T19:31:16","slug":"colorful-eyes-tas-baskili-pamuklu-muslin-kimono","status":"publish","type":"product","link":"https:\/\/www.mebee.com.tr\/de\/produkt\/colorful-eyes-tas-baskili-pamuklu-muslin-kimono","title":{"rendered":"Bunte Augen Stein gedruckt Baumwolle Musselin Kimono"},"content":{"rendered":"<p style=\"text-align: justify;\">Renklerin b\u00fcy\u00fcs\u00fc ve gizemin derinliklerini bir araya getiren Colorful Eyes Ta\u015f Bask\u0131l\u0131 Pamuklu M\u00fcslin Kimono, sizi farkl\u0131 k\u00fclt\u00fcrlerin dokunu\u015flar\u0131yla bulu\u015fturur. %100 pamuk m\u00fcslinin do\u011fal ve nefes alabilen dokusu, renkli g\u00f6z motiflerinin etkileyici zarifli\u011fiyle birle\u015ferek hem konforlu hem de dikkat \u00e7ekici bir deneyim sunar. Colorful Eyes&#8217;\u0131n e\u015fsiz dokunu\u015flar\u0131, bu m\u00fcslin kimononun \u00f6zg\u00fcnl\u00fc\u011f\u00fcn\u00fc vurgular. Her an\u0131n\u0131zda, Colorful Eyes ta\u015f bask\u0131l\u0131 pamuklu m\u00fcslin kimono tasar\u0131m\u0131 ile hem geleneksel hem de modern bir \u015f\u0131kl\u0131\u011f\u0131 yakalay\u0131n.<\/p>","protected":false},"excerpt":{"rendered":"<p>Bu inan\u0131lmaz yumu\u015fak, nefes alabilen ah\u015fap bask\u0131l\u0131 \u00fcr\u00fcn\u00fcm\u00fcz, plajlardan parktaki pikniklere kadar t\u00fcm yaz ihtiya\u00e7lar\u0131n\u0131z i\u00e7in m\u00fckemmel bir \u00f6rt\u00fcd\u00fcr. %100 organik pamuktan \u00fcretilmektedir. Yumu\u015fak, hafif ve \u00e7abuk kurur, suyu bir havludan daha iyi emer.<\/p>","protected":false},"featured_media":9354,"template":"","meta":{"_joinchat":[]},"product_brand":[],"product_cat":[70],"product_tag":[],"class_list":{"0":"post-9347","1":"product","2":"type-product","3":"status-publish","4":"has-post-thumbnail","6":"product_cat-muslin-kimono","8":"first","9":"outofstock","10":"sale","11":"taxable","12":"shipping-taxable","13":"purchasable","14":"product-type-simple"},"_links":{"self":[{"href":"https:\/\/www.mebee.com.tr\/de\/wp-json\/wp\/v2\/product\/9347","targetHints":{"allow":["GET"]}}],"collection":[{"href":"https:\/\/www.mebee.com.tr\/de\/wp-json\/wp\/v2\/product"}],"about":[{"href":"https:\/\/www.mebee.com.tr\/de\/wp-json\/wp\/v2\/types\/product"}],"version-history":[{"count":0,"href":"https:\/\/www.mebee.com.tr\/de\/wp-json\/wp\/v2\/product\/9347\/revisions"}],"wp:featuredmedia":[{"embeddable":true,"href":"https:\/\/www.mebee.com.tr\/de\/wp-json\/wp\/v2\/media\/9354"}],"wp:attachment":[{"href":"https:\/\/www.mebee.com.tr\/de\/wp-json\/wp\/v2\/media?parent=9347"}],"wp:term":[{"taxonomy":"product_brand","embeddable":true,"href":"https:\/\/www.mebee.com.tr\/de\/wp-json\/wp\/v2\/product_brand?post=9347"},{"taxonomy":"product_cat","embeddable":true,"href":"https:\/\/www.mebee.com.tr\/de\/wp-json\/wp\/v2\/product_cat?post=9347"},{"taxonomy":"product_tag","embeddable":true,"href":"https:\/\/www.mebee.com.tr\/de\/wp-json\/wp\/v2\/product_tag?post=9347"}],"curies":[{"name":"wp","href":"https:\/\/api.w.org\/{rel}","templated":true}]}}