{"id":9235,"date":"2023-06-13T19:42:04","date_gmt":"2023-06-13T16:42:04","guid":{"rendered":"https:\/\/mebee.com.tr\/?post_type=product&#038;p=9235"},"modified":"2025-03-18T22:31:15","modified_gmt":"2025-03-18T19:31:15","slug":"blue-eye-pamuklu-muslin-sorf-pancosu","status":"publish","type":"product","link":"https:\/\/www.mebee.com.tr\/de\/produkt\/blue-eye-pamuklu-muslin-sorf-pancosu","title":{"rendered":"Blaues Auge Baumwolle Musselin Surf Poncho"},"content":{"rendered":"<p style=\"text-align: justify;\">Denizin mavili\u011fini ve g\u00f6z motifinin derinli\u011fini bir araya getiren Blue Eye Pamuklu M\u00fcslin S\u00f6rf Pan\u00e7osu, plajda ve s\u00f6rf sonras\u0131 i\u00e7in m\u00fckemmel bir se\u00e7enek. %100 pamuk m\u00fcslinin hafif ve nefes alabilen dokusu, sizi tuzlu suyun ard\u0131ndan h\u0131zla kuruturken, mavi g\u00f6z detay\u0131yla stilinizi \u00f6ne \u00e7\u0131kar\u0131r. Hem fonksiyonel hem de estetik bir tasar\u0131m sunan bu pan\u00e7o, deniz kenar\u0131nda ge\u00e7irdi\u011finiz anlar\u0131n vazge\u00e7ilmezi olacak. Her giydi\u011finizde, denizin serinli\u011fini ve g\u00f6z motifinin koruyucu enerjisini hissedin.<\/p>","protected":false},"excerpt":{"rendered":"<p>Bu inan\u0131lmaz yumu\u015fak, nefes alabilen ah\u015fap bask\u0131l\u0131 \u00fcr\u00fcn\u00fcm\u00fcz, plajlardan parktaki pikniklere kadar t\u00fcm yaz ihtiya\u00e7lar\u0131n\u0131z i\u00e7in m\u00fckemmel bir \u00f6rt\u00fcd\u00fcr. %100 organik pamuktan \u00fcretilmektedir. Yumu\u015fak, hafif ve \u00e7abuk kurur, suyu bir havludan daha iyi emer.<\/p>","protected":false},"featured_media":9247,"template":"","meta":{"_joinchat":[]},"product_brand":[],"product_cat":[80],"product_tag":[],"class_list":{"0":"post-9235","1":"product","2":"type-product","3":"status-publish","4":"has-post-thumbnail","6":"product_cat-muslin-panco","8":"first","9":"instock","10":"sale","11":"taxable","12":"shipping-taxable","13":"purchasable","14":"product-type-simple"},"_links":{"self":[{"href":"https:\/\/www.mebee.com.tr\/de\/wp-json\/wp\/v2\/product\/9235","targetHints":{"allow":["GET"]}}],"collection":[{"href":"https:\/\/www.mebee.com.tr\/de\/wp-json\/wp\/v2\/product"}],"about":[{"href":"https:\/\/www.mebee.com.tr\/de\/wp-json\/wp\/v2\/types\/product"}],"version-history":[{"count":0,"href":"https:\/\/www.mebee.com.tr\/de\/wp-json\/wp\/v2\/product\/9235\/revisions"}],"wp:featuredmedia":[{"embeddable":true,"href":"https:\/\/www.mebee.com.tr\/de\/wp-json\/wp\/v2\/media\/9247"}],"wp:attachment":[{"href":"https:\/\/www.mebee.com.tr\/de\/wp-json\/wp\/v2\/media?parent=9235"}],"wp:term":[{"taxonomy":"product_brand","embeddable":true,"href":"https:\/\/www.mebee.com.tr\/de\/wp-json\/wp\/v2\/product_brand?post=9235"},{"taxonomy":"product_cat","embeddable":true,"href":"https:\/\/www.mebee.com.tr\/de\/wp-json\/wp\/v2\/product_cat?post=9235"},{"taxonomy":"product_tag","embeddable":true,"href":"https:\/\/www.mebee.com.tr\/de\/wp-json\/wp\/v2\/product_tag?post=9235"}],"curies":[{"name":"wp","href":"https:\/\/api.w.org\/{rel}","templated":true}]}}