{"id":9223,"date":"2023-06-13T19:34:13","date_gmt":"2023-06-13T16:34:13","guid":{"rendered":"https:\/\/mebee.com.tr\/?post_type=product&#038;p=9223"},"modified":"2025-03-18T22:31:15","modified_gmt":"2025-03-18T19:31:15","slug":"blue-eye-pamuklu-muslin-kimono-siyah","status":"publish","type":"product","link":"https:\/\/www.mebee.com.tr\/de\/produkt\/blue-eye-pamuklu-muslin-kimono-siyah","title":{"rendered":"Blue Eye Baumwolle Musselin Kimono Schwarz"},"content":{"rendered":"<p style=\"text-align: justify;\">Medeniyetler boyunca koruyucu bir sembol olarak kabul edilen mavi g\u00f6z motifinin b\u00fcy\u00fcs\u00fcn\u00fc ta\u015f\u0131yan Blue Eye Pamuklu M\u00fcslin Kimono hem geleneksel bir dokunu\u015f hem de modern bir \u015f\u0131kl\u0131k sunar. %100 pamuk m\u00fcslinin do\u011fal ve nefes alabilen dokusu, mavi g\u00f6z deseninin etkileyici zarifli\u011fiyle birle\u015ferek hem konforlu hem de dikkat \u00e7ekici bir deneyim vaat eder. Blue Eye&#8217;\u0131n e\u015fsiz dokunu\u015flar\u0131, bu m\u00fcslin kimononun \u00f6zg\u00fcnl\u00fc\u011f\u00fcn\u00fc vurgular. Her an\u0131n\u0131zda, Blue Eye pamuklu m\u00fcslin kimono tasar\u0131m\u0131 ile gelenekselin ve modernin m\u00fckemmel uyumunu ya\u015fay\u0131n.<\/p>","protected":false},"excerpt":{"rendered":"<p>Bu inan\u0131lmaz yumu\u015fak, nefes alabilen ah\u015fap bask\u0131l\u0131 \u00fcr\u00fcn\u00fcm\u00fcz, plajlardan parktaki pikniklere kadar t\u00fcm yaz ihtiya\u00e7lar\u0131n\u0131z i\u00e7in m\u00fckemmel bir \u00f6rt\u00fcd\u00fcr. %100 organik pamuktan \u00fcretilmektedir. Yumu\u015fak, hafif ve \u00e7abuk kurur, suyu bir havludan daha iyi emer.<\/p>","protected":false},"featured_media":9228,"template":"","meta":{"_joinchat":[]},"product_brand":[],"product_cat":[70],"product_tag":[],"class_list":{"0":"post-9223","1":"product","2":"type-product","3":"status-publish","4":"has-post-thumbnail","6":"product_cat-muslin-kimono","8":"first","9":"instock","10":"sale","11":"taxable","12":"shipping-taxable","13":"purchasable","14":"product-type-simple"},"_links":{"self":[{"href":"https:\/\/www.mebee.com.tr\/de\/wp-json\/wp\/v2\/product\/9223","targetHints":{"allow":["GET"]}}],"collection":[{"href":"https:\/\/www.mebee.com.tr\/de\/wp-json\/wp\/v2\/product"}],"about":[{"href":"https:\/\/www.mebee.com.tr\/de\/wp-json\/wp\/v2\/types\/product"}],"version-history":[{"count":0,"href":"https:\/\/www.mebee.com.tr\/de\/wp-json\/wp\/v2\/product\/9223\/revisions"}],"wp:featuredmedia":[{"embeddable":true,"href":"https:\/\/www.mebee.com.tr\/de\/wp-json\/wp\/v2\/media\/9228"}],"wp:attachment":[{"href":"https:\/\/www.mebee.com.tr\/de\/wp-json\/wp\/v2\/media?parent=9223"}],"wp:term":[{"taxonomy":"product_brand","embeddable":true,"href":"https:\/\/www.mebee.com.tr\/de\/wp-json\/wp\/v2\/product_brand?post=9223"},{"taxonomy":"product_cat","embeddable":true,"href":"https:\/\/www.mebee.com.tr\/de\/wp-json\/wp\/v2\/product_cat?post=9223"},{"taxonomy":"product_tag","embeddable":true,"href":"https:\/\/www.mebee.com.tr\/de\/wp-json\/wp\/v2\/product_tag?post=9223"}],"curies":[{"name":"wp","href":"https:\/\/api.w.org\/{rel}","templated":true}]}}