{"id":9144,"date":"2023-06-13T17:21:14","date_gmt":"2023-06-13T14:21:14","guid":{"rendered":"https:\/\/mebee.com.tr\/?post_type=product&#038;p=9144"},"modified":"2025-03-18T22:31:11","modified_gmt":"2025-03-18T19:31:11","slug":"arinna-stone-bedruckter-baumwollkimono-schwarz-2","status":"publish","type":"product","link":"https:\/\/www.mebee.com.tr\/de\/produkt\/arinna-stone-bedruckter-baumwollkimono-schwarz-2","title":{"rendered":"Arinna Stone Bedruckter Kimono aus Baumwolle Schwarz"},"content":{"rendered":"<p style=\"text-align: justify;\"><span style=\"font-size: 11.0pt;\">Gece g\u00f6\u011f\u00fcn\u00fcn derinliklerinden esinlenen Arinna Ta\u015f Bask\u0131l\u0131 Pamuklu Kimono Siyah, gizemli ve asil bir \u015f\u0131kl\u0131k sunar. %100 pamu\u011fun do\u011fal ve nefes alabilen dokusu, ta\u015f bask\u0131n\u0131n sofistike zarifli\u011fiyle bulu\u015farak hem konforlu hem de stil sahibi bir deneyim vaat eder. Siyah\u0131n verdi\u011fi asalet ve derinlik, bu kimononun e\u015fsizli\u011fini vurgular. \u00d6zel gecelerde ya da \u015fehirdeki herhangi bir an\u0131n\u0131zda, Arinna ta\u015f bask\u0131l\u0131 pamuklu kimono tasar\u0131m\u0131 ile \u015f\u0131kl\u0131\u011f\u0131n\u0131z\u0131 bir ad\u0131m \u00f6ne ta\u015f\u0131y\u0131n.<\/span><\/p>","protected":false},"excerpt":{"rendered":"<p>Bu inan\u0131lmaz yumu\u015fak, nefes alabilen ah\u015fap bask\u0131l\u0131 \u00fcr\u00fcn\u00fcm\u00fcz, plajlardan parktaki pikniklere kadar t\u00fcm yaz ihtiya\u00e7lar\u0131n\u0131z i\u00e7in m\u00fckemmel bir \u00f6rt\u00fcd\u00fcr. %100 organik pamuktan \u00fcretilmektedir. Yumu\u015fak, hafif ve \u00e7abuk kurur, suyu bir havludan daha iyi emer.<\/p>","protected":false},"featured_media":9148,"template":"","meta":{"_joinchat":[]},"product_brand":[],"product_cat":[70],"product_tag":[],"class_list":{"0":"post-9144","1":"product","2":"type-product","3":"status-publish","4":"has-post-thumbnail","6":"product_cat-muslin-kimono","8":"first","9":"instock","10":"sale","11":"taxable","12":"shipping-taxable","13":"purchasable","14":"product-type-simple"},"_links":{"self":[{"href":"https:\/\/www.mebee.com.tr\/de\/wp-json\/wp\/v2\/product\/9144","targetHints":{"allow":["GET"]}}],"collection":[{"href":"https:\/\/www.mebee.com.tr\/de\/wp-json\/wp\/v2\/product"}],"about":[{"href":"https:\/\/www.mebee.com.tr\/de\/wp-json\/wp\/v2\/types\/product"}],"version-history":[{"count":0,"href":"https:\/\/www.mebee.com.tr\/de\/wp-json\/wp\/v2\/product\/9144\/revisions"}],"wp:featuredmedia":[{"embeddable":true,"href":"https:\/\/www.mebee.com.tr\/de\/wp-json\/wp\/v2\/media\/9148"}],"wp:attachment":[{"href":"https:\/\/www.mebee.com.tr\/de\/wp-json\/wp\/v2\/media?parent=9144"}],"wp:term":[{"taxonomy":"product_brand","embeddable":true,"href":"https:\/\/www.mebee.com.tr\/de\/wp-json\/wp\/v2\/product_brand?post=9144"},{"taxonomy":"product_cat","embeddable":true,"href":"https:\/\/www.mebee.com.tr\/de\/wp-json\/wp\/v2\/product_cat?post=9144"},{"taxonomy":"product_tag","embeddable":true,"href":"https:\/\/www.mebee.com.tr\/de\/wp-json\/wp\/v2\/product_tag?post=9144"}],"curies":[{"name":"wp","href":"https:\/\/api.w.org\/{rel}","templated":true}]}}