{"id":9130,"date":"2023-06-13T17:16:02","date_gmt":"2023-06-13T14:16:02","guid":{"rendered":"https:\/\/mebee.com.tr\/?post_type=product&#038;p=9130"},"modified":"2025-09-18T11:54:28","modified_gmt":"2025-09-18T08:54:28","slug":"arinna-tas-baskili-pamuklu-muslin-kimono","status":"publish","type":"product","link":"https:\/\/www.mebee.com.tr\/de\/produkt\/arinna-tas-baskili-pamuklu-muslin-kimono","title":{"rendered":"Arinna Stone Bedruckter Baumwolle Musselin Kimono"},"content":{"rendered":"<p>Antik \u00e7a\u011flar\u0131n gizemini modern dokunu\u015flarla bulu\u015fturan Arinna Ta\u015f Bask\u0131l\u0131 Pamuklu M\u00fcslin Kimono hem tarihi bir dokunu\u015f hem de \u00e7a\u011fda\u015f bir \u015f\u0131kl\u0131k sunar. %100 pamuk m\u00fcslinin do\u011fal ve nefes alabilen dokusu, ta\u015f bask\u0131n\u0131n sofistike zarifli\u011fiyle harmanlanarak hem konforlu hem de stil sahibi bir deneyim vaat eder. Arinna&#8217;n\u0131n efsanevi dokunu\u015flar\u0131, bu m\u00fcslin kimononun e\u015fsizli\u011fini vurgular. Her an\u0131n\u0131zda, Arinna ta\u015f bask\u0131l\u0131 pamuklu m\u00fcslin kimono tasar\u0131m\u0131 ile tarihin ve \u015f\u0131kl\u0131\u011f\u0131n birle\u015fimini ya\u015fay\u0131n.<\/p>","protected":false},"excerpt":{"rendered":"<p>Bu inan\u0131lmaz yumu\u015fak, nefes alabilen ah\u015fap bask\u0131l\u0131 \u00fcr\u00fcn\u00fcm\u00fcz, plajlardan parktaki pikniklere kadar t\u00fcm yaz ihtiya\u00e7lar\u0131n\u0131z i\u00e7in m\u00fckemmel bir \u00f6rt\u00fcd\u00fcr. %100 organik pamuktan \u00fcretilmektedir. Yumu\u015fak, hafif ve \u00e7abuk kurur, suyu bir havludan daha iyi emer.<\/p>","protected":false},"featured_media":9136,"template":"","meta":{"_joinchat":[]},"product_brand":[],"product_cat":[70],"product_tag":[],"class_list":{"0":"post-9130","1":"product","2":"type-product","3":"status-publish","4":"has-post-thumbnail","6":"product_cat-muslin-kimono","8":"first","9":"instock","10":"sale","11":"taxable","12":"shipping-taxable","13":"purchasable","14":"product-type-simple"},"_links":{"self":[{"href":"https:\/\/www.mebee.com.tr\/de\/wp-json\/wp\/v2\/product\/9130","targetHints":{"allow":["GET"]}}],"collection":[{"href":"https:\/\/www.mebee.com.tr\/de\/wp-json\/wp\/v2\/product"}],"about":[{"href":"https:\/\/www.mebee.com.tr\/de\/wp-json\/wp\/v2\/types\/product"}],"version-history":[{"count":0,"href":"https:\/\/www.mebee.com.tr\/de\/wp-json\/wp\/v2\/product\/9130\/revisions"}],"wp:featuredmedia":[{"embeddable":true,"href":"https:\/\/www.mebee.com.tr\/de\/wp-json\/wp\/v2\/media\/9136"}],"wp:attachment":[{"href":"https:\/\/www.mebee.com.tr\/de\/wp-json\/wp\/v2\/media?parent=9130"}],"wp:term":[{"taxonomy":"product_brand","embeddable":true,"href":"https:\/\/www.mebee.com.tr\/de\/wp-json\/wp\/v2\/product_brand?post=9130"},{"taxonomy":"product_cat","embeddable":true,"href":"https:\/\/www.mebee.com.tr\/de\/wp-json\/wp\/v2\/product_cat?post=9130"},{"taxonomy":"product_tag","embeddable":true,"href":"https:\/\/www.mebee.com.tr\/de\/wp-json\/wp\/v2\/product_tag?post=9130"}],"curies":[{"name":"wp","href":"https:\/\/api.w.org\/{rel}","templated":true}]}}