{"id":8974,"date":"2023-05-31T21:48:49","date_gmt":"2023-05-31T18:48:49","guid":{"rendered":"https:\/\/mebee.com.tr\/?post_type=product&#038;p=8974"},"modified":"2025-03-18T22:31:11","modified_gmt":"2025-03-18T19:31:11","slug":"hitite-gemusterte-stein-gedruckt-baumwolle-musselin-kimono-grun-anzug-2","status":"publish","type":"product","link":"https:\/\/www.mebee.com.tr\/de\/produkt\/hitite-gemusterte-stein-gedruckt-baumwolle-musselin-kimono-grun-anzug-2","title":{"rendered":"Hittite gemustert Stein gedruckt Baumwolle Musselin Kimono Gr\u00fcn Set"},"content":{"rendered":"<p style=\"text-align: justify;\">Das Set Kimono aus Baumwoll-Musselin mit Hethitermuster und Steindruck in Gr\u00fcn kombiniert historische Elemente mit einer modernen Silhouette. Die leuchtenden Gr\u00fcnt\u00f6ne der Natur verbinden sich mit hethitischen Motiven zu einer auff\u00e4lligen \u00c4sthetik und nehmen Sie mit auf eine Reise in die Tiefen der Geschichte. Dieser Anzug ist nicht nur ein modisches Statement, sondern auch der Tr\u00e4ger einer Geschichte und eines Erbes. Sp\u00fcren Sie jedes Mal, wenn Sie ihn tragen, die Spuren der antiken Zivilisation und die Energie der Natur.<\/p>","protected":false},"excerpt":{"rendered":"<p>Bu inan\u0131lmaz yumu\u015fak, nefes alabilen ah\u015fap bask\u0131l\u0131 \u00fcr\u00fcn\u00fcm\u00fcz, plajlardan parktaki pikniklere kadar t\u00fcm yaz ihtiya\u00e7lar\u0131n\u0131z i\u00e7in m\u00fckemmel bir \u00f6rt\u00fcd\u00fcr. %100 organik pamuktan \u00fcretilmektedir. Yumu\u015fak, hafif ve \u00e7abuk kurur, suyu bir havludan daha iyi emer.<\/p>","protected":false},"featured_media":8976,"template":"","meta":{"_joinchat":[]},"product_brand":[],"product_cat":[70],"product_tag":[],"class_list":{"0":"post-8974","1":"product","2":"type-product","3":"status-publish","4":"has-post-thumbnail","6":"product_cat-muslin-kimono","8":"first","9":"instock","10":"sale","11":"taxable","12":"shipping-taxable","13":"purchasable","14":"product-type-simple"},"_links":{"self":[{"href":"https:\/\/www.mebee.com.tr\/de\/wp-json\/wp\/v2\/product\/8974","targetHints":{"allow":["GET"]}}],"collection":[{"href":"https:\/\/www.mebee.com.tr\/de\/wp-json\/wp\/v2\/product"}],"about":[{"href":"https:\/\/www.mebee.com.tr\/de\/wp-json\/wp\/v2\/types\/product"}],"version-history":[{"count":0,"href":"https:\/\/www.mebee.com.tr\/de\/wp-json\/wp\/v2\/product\/8974\/revisions"}],"wp:featuredmedia":[{"embeddable":true,"href":"https:\/\/www.mebee.com.tr\/de\/wp-json\/wp\/v2\/media\/8976"}],"wp:attachment":[{"href":"https:\/\/www.mebee.com.tr\/de\/wp-json\/wp\/v2\/media?parent=8974"}],"wp:term":[{"taxonomy":"product_brand","embeddable":true,"href":"https:\/\/www.mebee.com.tr\/de\/wp-json\/wp\/v2\/product_brand?post=8974"},{"taxonomy":"product_cat","embeddable":true,"href":"https:\/\/www.mebee.com.tr\/de\/wp-json\/wp\/v2\/product_cat?post=8974"},{"taxonomy":"product_tag","embeddable":true,"href":"https:\/\/www.mebee.com.tr\/de\/wp-json\/wp\/v2\/product_tag?post=8974"}],"curies":[{"name":"wp","href":"https:\/\/api.w.org\/{rel}","templated":true}]}}