{"id":8960,"date":"2023-05-31T20:14:15","date_gmt":"2023-05-31T17:14:15","guid":{"rendered":"https:\/\/mebee.com.tr\/?post_type=product&#038;p=8960"},"modified":"2025-03-18T22:31:11","modified_gmt":"2025-03-18T19:31:11","slug":"gobeklitepe-tas-baskili-pamuklu-muslin-kimono-yesil","status":"publish","type":"product","link":"https:\/\/www.mebee.com.tr\/de\/produkt\/gobeklitepe-tas-baskili-pamuklu-muslin-kimono-yesil","title":{"rendered":"Gobeklitepe Stone Bedruckter Baumwolle Musselin Kimono Gr\u00fcn"},"content":{"rendered":"<p>Tarihin ve modan\u0131n e\u015fsiz birle\u015fimine ad\u0131m at\u0131n; G\u00f6beklitepe Ta\u015f Bask\u0131l\u0131 Pamuklu M\u00fcslin Kimono ile Ye\u015fil&#8217;in b\u00fcy\u00fcs\u00fcn\u00fc ya\u015fay\u0131n. Bu \u00f6zg\u00fcn par\u00e7a, d\u00fcnyan\u0131n en eski tap\u0131naklar\u0131ndan biri olan G\u00f6beklitepe&#8217;nin antik cazibesini, %100 pamuk m\u00fcslinin yumu\u015fac\u0131k dokusuyla bulu\u015fturuyor. Canl\u0131 ye\u015fil tonu, karma\u015f\u0131k ta\u015f desenleriyle m\u00fckemmel bir \u015fekilde tamamlan\u0131yor, ge\u00e7mi\u015fi ve \u015fimdiki zaman\u0131 harika bir \u015fekilde bir araya getiriyor. Do\u011fal pamu\u011fun konforunda kendinizi sar\u0131n ve zengin miras\u0131m\u0131z\u0131n hikayesini anlatan bu tasar\u0131m\u0131 sergileyin.<\/p>","protected":false},"excerpt":{"rendered":"<p>Ke\u015ffedildi\u011fi g\u00fcnden beri s\u0131rr\u0131 \u00e7\u00f6z\u00fclememi\u015f G\u00f6beklitepe&#8217;nin e\u015fsiz fig\u00fcrleri, Mebee Kimono ile bu yaz \u00fczerinde. Bu inan\u0131lmaz yumu\u015fak, nefes alabilen ah\u015fap bask\u0131l\u0131 \u00fcr\u00fcn\u00fcm\u00fcz, plajlardan parktaki pikniklere kadar t\u00fcm yaz ihtiya\u00e7lar\u0131n\u0131z i\u00e7in m\u00fckemmel bir \u00f6rt\u00fcd\u00fcr. %100 organik pamuktan \u00fcretilmektedir. Yumu\u015fak, hafif ve \u00e7abuk kurur, suyu bir havludan daha iyi emer.<\/p>","protected":false},"featured_media":8966,"template":"","meta":{"_joinchat":[]},"product_brand":[],"product_cat":[70],"product_tag":[],"class_list":{"0":"post-8960","1":"product","2":"type-product","3":"status-publish","4":"has-post-thumbnail","6":"product_cat-muslin-kimono","8":"first","9":"instock","10":"sale","11":"taxable","12":"shipping-taxable","13":"purchasable","14":"product-type-simple"},"_links":{"self":[{"href":"https:\/\/www.mebee.com.tr\/de\/wp-json\/wp\/v2\/product\/8960","targetHints":{"allow":["GET"]}}],"collection":[{"href":"https:\/\/www.mebee.com.tr\/de\/wp-json\/wp\/v2\/product"}],"about":[{"href":"https:\/\/www.mebee.com.tr\/de\/wp-json\/wp\/v2\/types\/product"}],"version-history":[{"count":0,"href":"https:\/\/www.mebee.com.tr\/de\/wp-json\/wp\/v2\/product\/8960\/revisions"}],"wp:featuredmedia":[{"embeddable":true,"href":"https:\/\/www.mebee.com.tr\/de\/wp-json\/wp\/v2\/media\/8966"}],"wp:attachment":[{"href":"https:\/\/www.mebee.com.tr\/de\/wp-json\/wp\/v2\/media?parent=8960"}],"wp:term":[{"taxonomy":"product_brand","embeddable":true,"href":"https:\/\/www.mebee.com.tr\/de\/wp-json\/wp\/v2\/product_brand?post=8960"},{"taxonomy":"product_cat","embeddable":true,"href":"https:\/\/www.mebee.com.tr\/de\/wp-json\/wp\/v2\/product_cat?post=8960"},{"taxonomy":"product_tag","embeddable":true,"href":"https:\/\/www.mebee.com.tr\/de\/wp-json\/wp\/v2\/product_tag?post=8960"}],"curies":[{"name":"wp","href":"https:\/\/api.w.org\/{rel}","templated":true}]}}