{"id":8668,"date":"2023-04-05T20:38:20","date_gmt":"2023-04-05T17:38:20","guid":{"rendered":"https:\/\/mebee.com.tr\/?post_type=product&#038;p=8668"},"modified":"2025-03-18T22:31:10","modified_gmt":"2025-03-18T19:31:10","slug":"indischer-druck-baumwolle-musselin-kimono-grun-2","status":"publish","type":"product","link":"https:\/\/www.mebee.com.tr\/de\/produkt\/indischer-druck-baumwolle-musselin-kimono-grun-2","title":{"rendered":"Indischer gemusterter Stein bedruckter Baumwolle Musselin Kimono Gr\u00fcn"},"content":{"rendered":"<p style=\"text-align: justify;\">Hint k\u00fclt\u00fcr\u00fcn\u00fcn zengin ve renkli motifleri, bu kimono ile do\u011fan\u0131n huzurlu ye\u015fil tonlar\u0131na dokunu\u015f kat\u0131yor. Ta\u015f bask\u0131n\u0131n derin ve otantik dokusu, Hint desenleriyle birle\u015ferek, mistik bir atmosfer ve tarihin izlerini g\u00fcn\u00fcm\u00fcze ta\u015f\u0131yor. %100 pamuk m\u00fcslin malzemesi, v\u00fccudunuzu nazik\u00e7e sararak g\u00fcn boyu rahatl\u0131k sunar. Bu kimono, sadece bir giysi de\u011fil, ayn\u0131 zamanda k\u00fclt\u00fcr\u00fcn ve do\u011fan\u0131n m\u00fckemmel birlikteli\u011finin bir yans\u0131mas\u0131d\u0131r.<\/p>","protected":false},"excerpt":{"rendered":"<p>Bu inan\u0131lmaz yumu\u015fak, nefes alabilen ah\u015fap bask\u0131l\u0131 \u00fcr\u00fcn\u00fcm\u00fcz, plajlardan parktaki pikniklere kadar t\u00fcm yaz ihtiya\u00e7lar\u0131n\u0131z i\u00e7in m\u00fckemmel bir \u00f6rt\u00fcd\u00fcr. %100 organik pamuktan \u00fcretilmektedir. Yumu\u015fak, hafif ve \u00e7abuk kurur, suyu bir havludan daha iyi emer.<\/p>","protected":false},"featured_media":8672,"template":"","meta":{"_joinchat":[]},"product_brand":[],"product_cat":[70],"product_tag":[],"class_list":{"0":"post-8668","1":"product","2":"type-product","3":"status-publish","4":"has-post-thumbnail","6":"product_cat-muslin-kimono","8":"first","9":"instock","10":"sale","11":"taxable","12":"shipping-taxable","13":"purchasable","14":"product-type-simple"},"_links":{"self":[{"href":"https:\/\/www.mebee.com.tr\/de\/wp-json\/wp\/v2\/product\/8668","targetHints":{"allow":["GET"]}}],"collection":[{"href":"https:\/\/www.mebee.com.tr\/de\/wp-json\/wp\/v2\/product"}],"about":[{"href":"https:\/\/www.mebee.com.tr\/de\/wp-json\/wp\/v2\/types\/product"}],"version-history":[{"count":0,"href":"https:\/\/www.mebee.com.tr\/de\/wp-json\/wp\/v2\/product\/8668\/revisions"}],"wp:featuredmedia":[{"embeddable":true,"href":"https:\/\/www.mebee.com.tr\/de\/wp-json\/wp\/v2\/media\/8672"}],"wp:attachment":[{"href":"https:\/\/www.mebee.com.tr\/de\/wp-json\/wp\/v2\/media?parent=8668"}],"wp:term":[{"taxonomy":"product_brand","embeddable":true,"href":"https:\/\/www.mebee.com.tr\/de\/wp-json\/wp\/v2\/product_brand?post=8668"},{"taxonomy":"product_cat","embeddable":true,"href":"https:\/\/www.mebee.com.tr\/de\/wp-json\/wp\/v2\/product_cat?post=8668"},{"taxonomy":"product_tag","embeddable":true,"href":"https:\/\/www.mebee.com.tr\/de\/wp-json\/wp\/v2\/product_tag?post=8668"}],"curies":[{"name":"wp","href":"https:\/\/api.w.org\/{rel}","templated":true}]}}