{"id":8620,"date":"2023-04-03T00:04:38","date_gmt":"2023-04-02T21:04:38","guid":{"rendered":"https:\/\/mebee.com.tr\/?post_type=product&#038;p=8620"},"modified":"2025-03-18T22:31:09","modified_gmt":"2025-03-18T19:31:09","slug":"goz-desenli-tas-baskili-pamuklu-muslin-kimono-yesil","status":"publish","type":"product","link":"https:\/\/www.mebee.com.tr\/de\/produkt\/goz-desenli-tas-baskili-pamuklu-muslin-kimono-yesil","title":{"rendered":"Gr\u00fcner Kimono aus Baumwollmusselin mit Augenmuster und Steindruck"},"content":{"rendered":"<p style=\"text-align: justify;\">Do\u011fan\u0131n canl\u0131 ye\u015filiyle s\u00fcslenmi\u015f G\u00f6z Desenli Ta\u015f Bask\u0131l\u0131 Pamuklu M\u00fcslin Kimono, do\u011fan\u0131n tazeli\u011fi ve g\u00f6z motifiyle koruma hissini bir araya getiriyor. %100 pamuk m\u00fcslinin do\u011fal dokusu, sizi rahatl\u0131kla sararken, ye\u015filin enerjisi ve g\u00f6z deseni sizi do\u011fan\u0131n kucaklay\u0131c\u0131 kollar\u0131nda hissettirir. Ta\u015f bask\u0131 detay\u0131, bu kimonoya otantik bir dokunu\u015f kat\u0131yor. Her giydi\u011finizde, do\u011fan\u0131n canland\u0131r\u0131c\u0131 g\u00fcc\u00fcn\u00fc ve g\u00f6z motifiyle gelen koruyucu enerjiyi hissedin.<\/p>","protected":false},"excerpt":{"rendered":"<p>Bu inan\u0131lmaz yumu\u015fak, nefes alabilen ah\u015fap bask\u0131l\u0131 \u00fcr\u00fcn\u00fcm\u00fcz, plajlardan parktaki pikniklere kadar t\u00fcm yaz ihtiya\u00e7lar\u0131n\u0131z i\u00e7in m\u00fckemmel bir \u00f6rt\u00fcd\u00fcr. %100 organik pamuktan \u00fcretilmektedir. Yumu\u015fak, hafif ve \u00e7abuk kurur, suyu bir havludan daha iyi emer.<\/p>","protected":false},"featured_media":8892,"template":"","meta":{"_joinchat":[]},"product_brand":[],"product_cat":[70],"product_tag":[],"class_list":{"0":"post-8620","1":"product","2":"type-product","3":"status-publish","4":"has-post-thumbnail","6":"product_cat-muslin-kimono","8":"first","9":"instock","10":"sale","11":"taxable","12":"shipping-taxable","13":"purchasable","14":"product-type-simple"},"_links":{"self":[{"href":"https:\/\/www.mebee.com.tr\/de\/wp-json\/wp\/v2\/product\/8620","targetHints":{"allow":["GET"]}}],"collection":[{"href":"https:\/\/www.mebee.com.tr\/de\/wp-json\/wp\/v2\/product"}],"about":[{"href":"https:\/\/www.mebee.com.tr\/de\/wp-json\/wp\/v2\/types\/product"}],"version-history":[{"count":0,"href":"https:\/\/www.mebee.com.tr\/de\/wp-json\/wp\/v2\/product\/8620\/revisions"}],"wp:featuredmedia":[{"embeddable":true,"href":"https:\/\/www.mebee.com.tr\/de\/wp-json\/wp\/v2\/media\/8892"}],"wp:attachment":[{"href":"https:\/\/www.mebee.com.tr\/de\/wp-json\/wp\/v2\/media?parent=8620"}],"wp:term":[{"taxonomy":"product_brand","embeddable":true,"href":"https:\/\/www.mebee.com.tr\/de\/wp-json\/wp\/v2\/product_brand?post=8620"},{"taxonomy":"product_cat","embeddable":true,"href":"https:\/\/www.mebee.com.tr\/de\/wp-json\/wp\/v2\/product_cat?post=8620"},{"taxonomy":"product_tag","embeddable":true,"href":"https:\/\/www.mebee.com.tr\/de\/wp-json\/wp\/v2\/product_tag?post=8620"}],"curies":[{"name":"wp","href":"https:\/\/api.w.org\/{rel}","templated":true}]}}