{"id":8607,"date":"2023-04-02T23:51:41","date_gmt":"2023-04-02T20:51:41","guid":{"rendered":"https:\/\/mebee.com.tr\/?post_type=product&#038;p=8607"},"modified":"2025-03-18T22:31:09","modified_gmt":"2025-03-18T19:31:09","slug":"aqua-tas-baskili-pamuklu-kimono-siyah","status":"publish","type":"product","link":"https:\/\/www.mebee.com.tr\/de\/produkt\/aqua-tas-baskili-pamuklu-kimono-siyah","title":{"rendered":"Aqua Stone Bedruckter Baumwoll-Kimono Schwarz"},"content":{"rendered":"<p style=\"text-align: justify;\">Denizin sakinle\u015ftirici tonlar\u0131ndan ilham alarak tasarlanan Aqua Ta\u015f Bask\u0131l\u0131 Pamuklu Kimono, yaz\u0131n t\u00fcm hafifli\u011fi ve ferahl\u0131\u011f\u0131yla sizi sarar. %100 pamu\u011fun do\u011fal ve nefes alabilen dokusu, ta\u015f bask\u0131n\u0131n zarifli\u011fiyle bulu\u015farak hem konforlu hem de stil sahibi bir deneyim sunar. M\u00fcslinin verdi\u011fi huzurlu ve yumu\u015fak doku, bu kimononun e\u015fsizli\u011fini vurgular. S\u0131cak yaz g\u00fcnlerinde ya da deniz kenar\u0131ndaki serin ak\u015famlarda, Aqua ta\u015f bask\u0131l\u0131 pamuklu kimono tasar\u0131m\u0131 ile \u015f\u0131kl\u0131\u011f\u0131n\u0131z\u0131 bir ad\u0131m \u00f6ne ta\u015f\u0131y\u0131n.<\/p>","protected":false},"excerpt":{"rendered":"<p>Bu inan\u0131lmaz yumu\u015fak, nefes alabilen ah\u015fap bask\u0131l\u0131 \u00fcr\u00fcn\u00fcm\u00fcz, plajlardan parktaki pikniklere kadar t\u00fcm yaz ihtiya\u00e7lar\u0131n\u0131z i\u00e7in m\u00fckemmel bir \u00f6rt\u00fcd\u00fcr. %100 organik pamuktan \u00fcretilmektedir. Yumu\u015fak, hafif ve \u00e7abuk kurur, suyu bir havludan daha iyi emer.<\/p>","protected":false},"featured_media":9093,"template":"","meta":{"_joinchat":[]},"product_brand":[],"product_cat":[70],"product_tag":[],"class_list":{"0":"post-8607","1":"product","2":"type-product","3":"status-publish","4":"has-post-thumbnail","6":"product_cat-muslin-kimono","8":"first","9":"instock","10":"sale","11":"taxable","12":"shipping-taxable","13":"purchasable","14":"product-type-simple"},"_links":{"self":[{"href":"https:\/\/www.mebee.com.tr\/de\/wp-json\/wp\/v2\/product\/8607","targetHints":{"allow":["GET"]}}],"collection":[{"href":"https:\/\/www.mebee.com.tr\/de\/wp-json\/wp\/v2\/product"}],"about":[{"href":"https:\/\/www.mebee.com.tr\/de\/wp-json\/wp\/v2\/types\/product"}],"version-history":[{"count":0,"href":"https:\/\/www.mebee.com.tr\/de\/wp-json\/wp\/v2\/product\/8607\/revisions"}],"wp:featuredmedia":[{"embeddable":true,"href":"https:\/\/www.mebee.com.tr\/de\/wp-json\/wp\/v2\/media\/9093"}],"wp:attachment":[{"href":"https:\/\/www.mebee.com.tr\/de\/wp-json\/wp\/v2\/media?parent=8607"}],"wp:term":[{"taxonomy":"product_brand","embeddable":true,"href":"https:\/\/www.mebee.com.tr\/de\/wp-json\/wp\/v2\/product_brand?post=8607"},{"taxonomy":"product_cat","embeddable":true,"href":"https:\/\/www.mebee.com.tr\/de\/wp-json\/wp\/v2\/product_cat?post=8607"},{"taxonomy":"product_tag","embeddable":true,"href":"https:\/\/www.mebee.com.tr\/de\/wp-json\/wp\/v2\/product_tag?post=8607"}],"curies":[{"name":"wp","href":"https:\/\/api.w.org\/{rel}","templated":true}]}}