{"id":12288,"date":"2023-04-05T16:14:33","date_gmt":"2023-04-05T13:14:33","guid":{"rendered":"https:\/\/mebee.com.tr\/urun\/beyaz-desenli-muslin-elbise-2"},"modified":"2025-03-18T22:31:58","modified_gmt":"2025-03-18T19:31:58","slug":"weis-gemustertes-musselin-kleid-2-2","status":"publish","type":"product","link":"https:\/\/www.mebee.com.tr\/de\/produkt\/weis-gemustertes-musselin-kleid-2-2","title":{"rendered":"Wei\u00dfes gemustertes Musselin-Kleid"},"content":{"rendered":"<p style=\"text-align: justify;\">Beyaz Desenli M\u00fcslin Elbise, yaz\u0131n t\u00fcm hafifli\u011fi ve ferahl\u0131\u011f\u0131yla sizi sarar. %100 m\u00fcslin kuma\u015f\u0131n do\u011fal ve nefes alabilen dokusu, s\u0131cak g\u00fcnlerde bile serin kalman\u0131z\u0131 sa\u011flar. Elbisenin \u00fczerindeki zarif desenler, beyaz\u0131n asaletiyle m\u00fckemmel bir uyum i\u00e7inde, hem g\u00fcnd\u00fcz hem de gece \u015f\u0131kl\u0131\u011f\u0131 i\u00e7in idealdir. Bu elbise, sadece bir giysi de\u011fil, ayn\u0131 zamanda yaz\u0131n rahatl\u0131\u011f\u0131n\u0131 ve esteti\u011fini bir araya getiren bir sanat eseridir.<\/p>","protected":false},"excerpt":{"rendered":"<p>Bu inan\u0131lmaz yumu\u015fak, nefes alabilen ah\u015fap bask\u0131l\u0131 \u00fcr\u00fcn\u00fcm\u00fcz, plajlardan parktaki pikniklere kadar t\u00fcm yaz ihtiya\u00e7lar\u0131n\u0131z i\u00e7in m\u00fckemmel bir \u00f6rt\u00fcd\u00fcr. %100 organik pamuktan \u00fcretilmektedir. Yumu\u015fak, hafif ve \u00e7abuk kurur, suyu bir havludan daha iyi emer.<\/p>","protected":false},"featured_media":12289,"template":"","meta":{"_joinchat":[]},"product_brand":[],"product_cat":[76],"product_tag":[],"class_list":{"0":"post-12288","1":"product","2":"type-product","3":"status-publish","4":"has-post-thumbnail","6":"product_cat-muslin-elbise","8":"first","9":"outofstock","10":"sale","11":"taxable","12":"shipping-taxable","13":"purchasable","14":"product-type-simple"},"_links":{"self":[{"href":"https:\/\/www.mebee.com.tr\/de\/wp-json\/wp\/v2\/product\/12288","targetHints":{"allow":["GET"]}}],"collection":[{"href":"https:\/\/www.mebee.com.tr\/de\/wp-json\/wp\/v2\/product"}],"about":[{"href":"https:\/\/www.mebee.com.tr\/de\/wp-json\/wp\/v2\/types\/product"}],"version-history":[{"count":0,"href":"https:\/\/www.mebee.com.tr\/de\/wp-json\/wp\/v2\/product\/12288\/revisions"}],"wp:featuredmedia":[{"embeddable":true,"href":"https:\/\/www.mebee.com.tr\/de\/wp-json\/wp\/v2\/media\/12289"}],"wp:attachment":[{"href":"https:\/\/www.mebee.com.tr\/de\/wp-json\/wp\/v2\/media?parent=12288"}],"wp:term":[{"taxonomy":"product_brand","embeddable":true,"href":"https:\/\/www.mebee.com.tr\/de\/wp-json\/wp\/v2\/product_brand?post=12288"},{"taxonomy":"product_cat","embeddable":true,"href":"https:\/\/www.mebee.com.tr\/de\/wp-json\/wp\/v2\/product_cat?post=12288"},{"taxonomy":"product_tag","embeddable":true,"href":"https:\/\/www.mebee.com.tr\/de\/wp-json\/wp\/v2\/product_tag?post=12288"}],"curies":[{"name":"wp","href":"https:\/\/api.w.org\/{rel}","templated":true}]}}