{"id":11218,"date":"2024-02-11T01:53:50","date_gmt":"2024-02-10T22:53:50","guid":{"rendered":"https:\/\/mebee.com.tr\/urun\/orange-eye-siyah-kimono"},"modified":"2025-03-18T22:31:56","modified_gmt":"2025-03-18T19:31:56","slug":"orange-eye-siyah-kimono","status":"publish","type":"product","link":"https:\/\/www.mebee.com.tr\/de\/produkt\/orange-eye-siyah-kimono","title":{"rendered":"Orange Eye Siyah Kimono"},"content":{"rendered":"<p>Canl\u0131 turuncu g\u00f6z motiflerinin enerjisi ve siyah\u0131n zamans\u0131z zarafetiyle tasarlanan Orange Eye Siyah Kimono, stilinize modern ve sofistike bir dokunu\u015f kat\u0131yor. Bu \u015f\u0131k kimono, her an\u0131n\u0131za zarafet ve canl\u0131l\u0131k getirerek gard\u0131robunuzun en dikkat \u00e7ekici par\u00e7alar\u0131ndan biri olacak. Hem g\u00fcnl\u00fck kullan\u0131mda hem de \u00f6zel etkinliklerde tercih edebilece\u011finiz bu tasar\u0131m, rahatl\u0131\u011f\u0131 ve \u015f\u0131kl\u0131\u011f\u0131 bir arada sunuyor.<\/p>\n<p>Y\u00fcksek kaliteli ve hafif kuma\u015f\u0131, cildinize nazik\u00e7e dokunarak g\u00fcn boyu konfor sa\u011flar. Nefes alabilir yap\u0131s\u0131 sayesinde s\u0131cak havalarda serin kalman\u0131za yard\u0131mc\u0131 olurken, geni\u015f ve rahat kesimi ile modern ve zarif bir g\u00f6r\u00fcn\u00fcm sunar. Turuncu g\u00f6z motifleri ve siyah rengin kombinasyonu, stilinize enerjik ve sofistike bir dokunu\u015f katar.<\/p>\n<p>Dieser Kimono ist das ideale Kleidungsst\u00fcck sowohl f\u00fcr den Alltag als auch f\u00fcr besondere Anl\u00e4sse. Sie k\u00f6nnen ihn als eleganten \u00dcberwurf \u00fcber Ihrem Bikini am Strand verwenden oder ihn \u00fcber Ihren t\u00e4glichen Outfits in der Stadt tragen, um Ihren Stil zu vervollst\u00e4ndigen. Sie k\u00f6nnen den Kimono auch f\u00fcr einen gem\u00fctlichen Tag zu Hause nutzen.<\/p>","protected":false},"excerpt":{"rendered":"<p>Canl\u0131 turuncu g\u00f6z motiflerinin enerjisi ve siyah\u0131n zamans\u0131z zarafetiyle tasarlanan Orange Eye Siyah Kimono, stilinize modern ve sofistike bir dokunu\u015f<\/p>","protected":false},"featured_media":11844,"template":"","meta":{"_joinchat":[]},"product_brand":[],"product_cat":[70],"product_tag":[],"class_list":{"0":"post-11218","1":"product","2":"type-product","3":"status-publish","4":"has-post-thumbnail","6":"product_cat-muslin-kimono","8":"first","9":"instock","10":"sale","11":"purchasable","12":"product-type-simple"},"_links":{"self":[{"href":"https:\/\/www.mebee.com.tr\/de\/wp-json\/wp\/v2\/product\/11218","targetHints":{"allow":["GET"]}}],"collection":[{"href":"https:\/\/www.mebee.com.tr\/de\/wp-json\/wp\/v2\/product"}],"about":[{"href":"https:\/\/www.mebee.com.tr\/de\/wp-json\/wp\/v2\/types\/product"}],"version-history":[{"count":0,"href":"https:\/\/www.mebee.com.tr\/de\/wp-json\/wp\/v2\/product\/11218\/revisions"}],"wp:featuredmedia":[{"embeddable":true,"href":"https:\/\/www.mebee.com.tr\/de\/wp-json\/wp\/v2\/media\/11844"}],"wp:attachment":[{"href":"https:\/\/www.mebee.com.tr\/de\/wp-json\/wp\/v2\/media?parent=11218"}],"wp:term":[{"taxonomy":"product_brand","embeddable":true,"href":"https:\/\/www.mebee.com.tr\/de\/wp-json\/wp\/v2\/product_brand?post=11218"},{"taxonomy":"product_cat","embeddable":true,"href":"https:\/\/www.mebee.com.tr\/de\/wp-json\/wp\/v2\/product_cat?post=11218"},{"taxonomy":"product_tag","embeddable":true,"href":"https:\/\/www.mebee.com.tr\/de\/wp-json\/wp\/v2\/product_tag?post=11218"}],"curies":[{"name":"wp","href":"https:\/\/api.w.org\/{rel}","templated":true}]}}