{"id":11208,"date":"2024-02-11T01:53:50","date_gmt":"2024-02-10T22:53:50","guid":{"rendered":"https:\/\/mebee.com.tr\/urun\/orange-eye-kisa-pembe-kimono"},"modified":"2025-03-18T22:31:55","modified_gmt":"2025-03-18T19:31:55","slug":"orange-eye-kisa-pembe-kimono","status":"publish","type":"product","link":"https:\/\/www.mebee.com.tr\/de\/produkt\/orange-eye-kisa-pembe-kimono","title":{"rendered":"Orange Eye Kurzer rosa Kimono"},"content":{"rendered":"<p>Canl\u0131 turuncu g\u00f6z motiflerinin enerjisi ve pembe tonlar\u0131n\u0131n zarif uyumu ile tasarlanan Orange Eye K\u0131sa Pembe Kimono, stilinize modern ve dinamik bir dokunu\u015f kat\u0131yor. Bu \u015f\u0131k k\u0131sa kimono, her an\u0131n\u0131za canl\u0131l\u0131k ve zarafet getirerek gard\u0131robunuzun en dikkat \u00e7ekici par\u00e7alar\u0131ndan biri olacak. Hem g\u00fcnl\u00fck kullan\u0131mda hem de \u00f6zel anlarda tercih edebilece\u011finiz bu tasar\u0131m, rahatl\u0131\u011f\u0131 ve \u015f\u0131kl\u0131\u011f\u0131 bir arada sunuyor.<\/p>\n<p>Y\u00fcksek kaliteli ve hafif kuma\u015f\u0131, cildinize yumu\u015fak bir dokunu\u015f sa\u011flar ve g\u00fcn boyu konfor sunar. Nefes alabilir yap\u0131s\u0131 sayesinde s\u0131cak havalarda serin kalman\u0131za yard\u0131mc\u0131 olurken, k\u0131sa kesimi ile modern ve zarif bir g\u00f6r\u00fcn\u00fcm sunar. Turuncu g\u00f6z motifleri ve pembe rengin kombinasyonu, stilinize benzersiz bir dokunu\u015f katar.<\/p>\n<p>Dieser kurze Kimono ist das ideale Kleidungsst\u00fcck sowohl f\u00fcr den Alltag als auch f\u00fcr besondere Anl\u00e4sse. Tragen Sie ihn als eleganten \u00dcberwurf \u00fcber Ihrem Bikini am Strand oder tragen Sie ihn \u00fcber Ihren Freizeitoutfits in der Stadt, um Ihren Stil zu vervollst\u00e4ndigen. Sie k\u00f6nnen auch den Komfort dieses Kimonos f\u00fcr einen gem\u00fctlichen Tag zu Hause nutzen.<\/p>","protected":false},"excerpt":{"rendered":"<p>Canl\u0131 turuncu g\u00f6z motiflerinin enerjisi ve pembe tonlar\u0131n\u0131n zarif uyumu ile tasarlanan Orange Eye K\u0131sa Pembe Kimono, stilinize modern ve<\/p>","protected":false},"featured_media":11785,"template":"","meta":{"_joinchat":[]},"product_brand":[],"product_cat":[70],"product_tag":[],"class_list":{"0":"post-11208","1":"product","2":"type-product","3":"status-publish","4":"has-post-thumbnail","6":"product_cat-muslin-kimono","8":"first","9":"instock","10":"sale","11":"purchasable","12":"product-type-simple"},"_links":{"self":[{"href":"https:\/\/www.mebee.com.tr\/de\/wp-json\/wp\/v2\/product\/11208","targetHints":{"allow":["GET"]}}],"collection":[{"href":"https:\/\/www.mebee.com.tr\/de\/wp-json\/wp\/v2\/product"}],"about":[{"href":"https:\/\/www.mebee.com.tr\/de\/wp-json\/wp\/v2\/types\/product"}],"version-history":[{"count":0,"href":"https:\/\/www.mebee.com.tr\/de\/wp-json\/wp\/v2\/product\/11208\/revisions"}],"wp:featuredmedia":[{"embeddable":true,"href":"https:\/\/www.mebee.com.tr\/de\/wp-json\/wp\/v2\/media\/11785"}],"wp:attachment":[{"href":"https:\/\/www.mebee.com.tr\/de\/wp-json\/wp\/v2\/media?parent=11208"}],"wp:term":[{"taxonomy":"product_brand","embeddable":true,"href":"https:\/\/www.mebee.com.tr\/de\/wp-json\/wp\/v2\/product_brand?post=11208"},{"taxonomy":"product_cat","embeddable":true,"href":"https:\/\/www.mebee.com.tr\/de\/wp-json\/wp\/v2\/product_cat?post=11208"},{"taxonomy":"product_tag","embeddable":true,"href":"https:\/\/www.mebee.com.tr\/de\/wp-json\/wp\/v2\/product_tag?post=11208"}],"curies":[{"name":"wp","href":"https:\/\/api.w.org\/{rel}","templated":true}]}}