{"id":11190,"date":"2024-02-11T01:53:26","date_gmt":"2024-02-10T22:53:26","guid":{"rendered":"https:\/\/mebee.com.tr\/urun\/moon-woman-kimono"},"modified":"2025-03-18T22:31:51","modified_gmt":"2025-03-18T19:31:51","slug":"moon-woman-kimono","status":"publish","type":"product","link":"https:\/\/www.mebee.com.tr\/de\/produkt\/moon-woman-kimono","title":{"rendered":"Mondfrau Kimono"},"content":{"rendered":"<p>Ay \u0131\u015f\u0131\u011f\u0131n\u0131n zarafeti ve mistik havas\u0131 ile tasarlanan Moon Woman Kimono, stilinize sofistike ve b\u00fcy\u00fcleyici bir dokunu\u015f kat\u0131yor. Bu \u015f\u0131k kimono, her an\u0131n\u0131za dinginlik ve \u015f\u0131kl\u0131k getirerek gard\u0131robunuzun en dikkat \u00e7ekici par\u00e7alar\u0131ndan biri olacak. Hem g\u00fcnl\u00fck kullan\u0131mda hem de \u00f6zel davetlerde tercih edebilece\u011finiz bu tasar\u0131m, rahatl\u0131\u011f\u0131 ve zarafeti bir arada sunuyor.<\/p>\n<p>Y\u00fcksek kaliteli ve hafif kuma\u015f\u0131, cildinize yumu\u015fak bir dokunu\u015f sa\u011flar ve g\u00fcn boyu konfor sunar. Nefes alabilir yap\u0131s\u0131 ile her mevsimde rahatl\u0131kla giyilebilir. Moon Woman Kimono&#8217;nun zarif kesimi ve detaylar\u0131, ay \u0131\u015f\u0131\u011f\u0131n\u0131n b\u00fcy\u00fcleyici etkisini stilinize yans\u0131tarak benzersiz bir g\u00f6r\u00fcn\u00fcm yarat\u0131r.<\/p>\n<p>Dank seines weiten und bequemen Schnitts ist es sowohl f\u00fcr den Alltag als auch f\u00fcr besondere Anl\u00e4sse ideal geeignet. Sie k\u00f6nnen ihn als eleganten \u00dcberwurf \u00fcber Ihrem Bikini am Strand verwenden oder ihn \u00fcber Ihren t\u00e4glichen Outfits in der Stadt tragen, um Ihren Stil zu vervollst\u00e4ndigen. Sie k\u00f6nnen den Komfort dieses Kimonos auch f\u00fcr einen entspannten Tag zu Hause nutzen.<\/p>","protected":false},"excerpt":{"rendered":"<p>Ay \u0131\u015f\u0131\u011f\u0131n\u0131n zarafeti ve mistik havas\u0131 ile tasarlanan Moon Woman Kimono, stilinize sofistike ve b\u00fcy\u00fcleyici bir dokunu\u015f kat\u0131yor. Bu \u015f\u0131k<\/p>","protected":false},"featured_media":11712,"template":"","meta":{"_joinchat":[]},"product_brand":[],"product_cat":[70],"product_tag":[],"class_list":{"0":"post-11190","1":"product","2":"type-product","3":"status-publish","4":"has-post-thumbnail","6":"product_cat-muslin-kimono","8":"first","9":"instock","10":"sale","11":"purchasable","12":"product-type-simple"},"_links":{"self":[{"href":"https:\/\/www.mebee.com.tr\/de\/wp-json\/wp\/v2\/product\/11190","targetHints":{"allow":["GET"]}}],"collection":[{"href":"https:\/\/www.mebee.com.tr\/de\/wp-json\/wp\/v2\/product"}],"about":[{"href":"https:\/\/www.mebee.com.tr\/de\/wp-json\/wp\/v2\/types\/product"}],"version-history":[{"count":0,"href":"https:\/\/www.mebee.com.tr\/de\/wp-json\/wp\/v2\/product\/11190\/revisions"}],"wp:featuredmedia":[{"embeddable":true,"href":"https:\/\/www.mebee.com.tr\/de\/wp-json\/wp\/v2\/media\/11712"}],"wp:attachment":[{"href":"https:\/\/www.mebee.com.tr\/de\/wp-json\/wp\/v2\/media?parent=11190"}],"wp:term":[{"taxonomy":"product_brand","embeddable":true,"href":"https:\/\/www.mebee.com.tr\/de\/wp-json\/wp\/v2\/product_brand?post=11190"},{"taxonomy":"product_cat","embeddable":true,"href":"https:\/\/www.mebee.com.tr\/de\/wp-json\/wp\/v2\/product_cat?post=11190"},{"taxonomy":"product_tag","embeddable":true,"href":"https:\/\/www.mebee.com.tr\/de\/wp-json\/wp\/v2\/product_tag?post=11190"}],"curies":[{"name":"wp","href":"https:\/\/api.w.org\/{rel}","templated":true}]}}