{"id":11148,"date":"2024-02-11T01:52:59","date_gmt":"2024-02-10T22:52:59","guid":{"rendered":"https:\/\/mebee.com.tr\/urun\/jakarli-tiger-antrasit-kimono"},"modified":"2025-03-18T22:31:48","modified_gmt":"2025-03-18T19:31:48","slug":"jacquard-tiger-anthrazit-kimono-2","status":"publish","type":"product","link":"https:\/\/www.mebee.com.tr\/de\/produkt\/jacquard-tiger-anthrazit-kimono-2","title":{"rendered":"Jacquard Tiger Anthrazit Kimono"},"content":{"rendered":"<p>Genie\u00dfen Sie Eleganz und Komfort mit dem Jacquard-Tiger-Kimono in Anthrazit. Verziert mit einem Tigermotiv, dem Symbol f\u00fcr Macht und Adel, bietet dieser Kimono einen modernen und raffinierten Look mit Jacquard-Muster. Die Eleganz und Ruhe der Farbe Anthrazit unterstreicht Ihren Stil in jeder Umgebung.<\/p>\n<p>Dieser Kimono aus hochwertigem Jacquard-Stoff ist mit seiner leichten Struktur und seinem bequemen Schnitt f\u00fcr alle Jahreszeiten geeignet. Sie k\u00f6nnen ihn \u00fcber einem Bikini am Strand, als kuscheligen Morgenmantel zu Hause oder als stilvolles Oberteil drau\u00dfen w\u00e4hlen. Der Jacquard Tiger Anthrazit Kimono, der mit jeder Kombination harmoniert, wird eines der beliebtesten St\u00fccke Ihrer Garderobe sein.<\/p>","protected":false},"excerpt":{"rendered":"<p>Jakarl\u0131 Tiger Antrasit Kimono ile zarafetin ve rahatl\u0131\u011f\u0131n keyfini \u00e7\u0131kar\u0131n. G\u00fcc\u00fcn ve asaletin sembol\u00fc olan kaplan motifiyle s\u00fcslenmi\u015f bu kimono,<\/p>","protected":false},"featured_media":11496,"template":"","meta":{"_joinchat":[]},"product_brand":[],"product_cat":[157],"product_tag":[],"class_list":{"0":"post-11148","1":"product","2":"type-product","3":"status-publish","4":"has-post-thumbnail","6":"product_cat-jakarli-kimono","8":"first","9":"instock","10":"sale","11":"purchasable","12":"product-type-simple"},"_links":{"self":[{"href":"https:\/\/www.mebee.com.tr\/de\/wp-json\/wp\/v2\/product\/11148","targetHints":{"allow":["GET"]}}],"collection":[{"href":"https:\/\/www.mebee.com.tr\/de\/wp-json\/wp\/v2\/product"}],"about":[{"href":"https:\/\/www.mebee.com.tr\/de\/wp-json\/wp\/v2\/types\/product"}],"version-history":[{"count":0,"href":"https:\/\/www.mebee.com.tr\/de\/wp-json\/wp\/v2\/product\/11148\/revisions"}],"wp:featuredmedia":[{"embeddable":true,"href":"https:\/\/www.mebee.com.tr\/de\/wp-json\/wp\/v2\/media\/11496"}],"wp:attachment":[{"href":"https:\/\/www.mebee.com.tr\/de\/wp-json\/wp\/v2\/media?parent=11148"}],"wp:term":[{"taxonomy":"product_brand","embeddable":true,"href":"https:\/\/www.mebee.com.tr\/de\/wp-json\/wp\/v2\/product_brand?post=11148"},{"taxonomy":"product_cat","embeddable":true,"href":"https:\/\/www.mebee.com.tr\/de\/wp-json\/wp\/v2\/product_cat?post=11148"},{"taxonomy":"product_tag","embeddable":true,"href":"https:\/\/www.mebee.com.tr\/de\/wp-json\/wp\/v2\/product_tag?post=11148"}],"curies":[{"name":"wp","href":"https:\/\/api.w.org\/{rel}","templated":true}]}}