{"id":11144,"date":"2024-02-11T01:52:59","date_gmt":"2024-02-10T22:52:59","guid":{"rendered":"https:\/\/mebee.com.tr\/urun\/jakarli-red-eye-kimono"},"modified":"2025-03-18T22:31:48","modified_gmt":"2025-03-18T19:31:48","slug":"jakarli-red-eye-kimono","status":"publish","type":"product","link":"https:\/\/www.mebee.com.tr\/de\/produkt\/jakarli-red-eye-kimono","title":{"rendered":"Jacquard-Kimono mit rotem Auge"},"content":{"rendered":"<p>Jakarl\u0131 Red Eye Kimono ile dikkat \u00e7ekici ve \u015f\u0131k bir g\u00f6r\u00fcn\u00fcm elde edin. B\u00fcy\u00fcleyici k\u0131rm\u0131z\u0131 g\u00f6z motifi ve zarif jakar desenleriyle tasarlanan bu kimono, benzersiz bir stil sunar. Her ortamda fark yaratmak isteyenler i\u00e7in m\u00fckemmel bir se\u00e7im olan bu kimono, dolab\u0131n\u0131z\u0131n en \u00f6zel par\u00e7alar\u0131ndan biri olacak.<\/p>\n<p>Y\u00fcksek kaliteli jakar kuma\u015ftan \u00fcretilen Jakarl\u0131 Red Eye Kimono, yumu\u015fak dokusu ve rahat kesimi ile her mevsim keyifle kullan\u0131labilir. \u0130ster plajda, ister evde, isterseniz de d\u0131\u015far\u0131da \u015f\u0131k bir \u00fcst olarak tercih edebilirsiniz. \u00c7ok y\u00f6nl\u00fc kullan\u0131m imkan\u0131 sunan bu kimono, her an\u0131n\u0131za uyum sa\u011flar.<\/p>","protected":false},"excerpt":{"rendered":"<p>Jakarl\u0131 Red Eye Kimono ile dikkat \u00e7ekici ve \u015f\u0131k bir g\u00f6r\u00fcn\u00fcm elde edin. B\u00fcy\u00fcleyici k\u0131rm\u0131z\u0131 g\u00f6z motifi ve zarif jakar<\/p>","protected":false},"featured_media":11473,"template":"","meta":{"_joinchat":[]},"product_brand":[],"product_cat":[157],"product_tag":[],"class_list":{"0":"post-11144","1":"product","2":"type-product","3":"status-publish","4":"has-post-thumbnail","6":"product_cat-jakarli-kimono","8":"first","9":"instock","10":"sale","11":"purchasable","12":"product-type-simple"},"_links":{"self":[{"href":"https:\/\/www.mebee.com.tr\/de\/wp-json\/wp\/v2\/product\/11144","targetHints":{"allow":["GET"]}}],"collection":[{"href":"https:\/\/www.mebee.com.tr\/de\/wp-json\/wp\/v2\/product"}],"about":[{"href":"https:\/\/www.mebee.com.tr\/de\/wp-json\/wp\/v2\/types\/product"}],"version-history":[{"count":0,"href":"https:\/\/www.mebee.com.tr\/de\/wp-json\/wp\/v2\/product\/11144\/revisions"}],"wp:featuredmedia":[{"embeddable":true,"href":"https:\/\/www.mebee.com.tr\/de\/wp-json\/wp\/v2\/media\/11473"}],"wp:attachment":[{"href":"https:\/\/www.mebee.com.tr\/de\/wp-json\/wp\/v2\/media?parent=11144"}],"wp:term":[{"taxonomy":"product_brand","embeddable":true,"href":"https:\/\/www.mebee.com.tr\/de\/wp-json\/wp\/v2\/product_brand?post=11144"},{"taxonomy":"product_cat","embeddable":true,"href":"https:\/\/www.mebee.com.tr\/de\/wp-json\/wp\/v2\/product_cat?post=11144"},{"taxonomy":"product_tag","embeddable":true,"href":"https:\/\/www.mebee.com.tr\/de\/wp-json\/wp\/v2\/product_tag?post=11144"}],"curies":[{"name":"wp","href":"https:\/\/api.w.org\/{rel}","templated":true}]}}