{"id":11142,"date":"2024-02-11T01:52:59","date_gmt":"2024-02-10T22:52:59","guid":{"rendered":"https:\/\/mebee.com.tr\/urun\/jakarli-pink-fil-chakra-antrasit-kimono"},"modified":"2025-03-18T22:31:47","modified_gmt":"2025-03-18T19:31:47","slug":"jakarli-pink-fil-chakra-antrasit-kimono","status":"publish","type":"product","link":"https:\/\/www.mebee.com.tr\/de\/produkt\/jakarli-pink-fil-chakra-antrasit-kimono","title":{"rendered":"Jacquard Pink Fil Chakra Anthrazit Kimono"},"content":{"rendered":"<p>Jakarl\u0131 Pink Fil Chakra Antrasit Kimono ile tarz\u0131n\u0131za zarafet ve canl\u0131l\u0131k kat\u0131n. G\u00f6z al\u0131c\u0131 pembe fil motifi ve zarif jakar desenleriyle s\u00fcslenmi\u015f bu kimono, antrasit rengin sofistike ve modern havas\u0131n\u0131 yans\u0131t\u0131r. Her ortamda \u015f\u0131kl\u0131\u011f\u0131yla \u00f6ne \u00e7\u0131kan bu par\u00e7a, gard\u0131robunuzun vazge\u00e7ilmezlerinden olacak.<\/p>\n<p>Y\u00fcksek kaliteli jakar kuma\u015ftan \u00fcretilen Jakarl\u0131 Pink Fil Chakra Antrasit Kimono, yumu\u015fak dokusu ve rahat kesimi ile her mevsim keyifle kullan\u0131labilir. Plajda, evde veya d\u0131\u015far\u0131da, bu kimono ile her zaman \u015f\u0131k ve rahat hissedeceksiniz.<\/p>","protected":false},"excerpt":{"rendered":"<p>Jakarl\u0131 Pink Fil Chakra Antrasit Kimono ile tarz\u0131n\u0131za zarafet ve canl\u0131l\u0131k kat\u0131n. G\u00f6z al\u0131c\u0131 pembe fil motifi ve zarif jakar<\/p>","protected":false},"featured_media":11462,"template":"","meta":{"_joinchat":[]},"product_brand":[],"product_cat":[157],"product_tag":[],"class_list":{"0":"post-11142","1":"product","2":"type-product","3":"status-publish","4":"has-post-thumbnail","6":"product_cat-jakarli-kimono","8":"first","9":"instock","10":"sale","11":"purchasable","12":"product-type-simple"},"_links":{"self":[{"href":"https:\/\/www.mebee.com.tr\/de\/wp-json\/wp\/v2\/product\/11142","targetHints":{"allow":["GET"]}}],"collection":[{"href":"https:\/\/www.mebee.com.tr\/de\/wp-json\/wp\/v2\/product"}],"about":[{"href":"https:\/\/www.mebee.com.tr\/de\/wp-json\/wp\/v2\/types\/product"}],"version-history":[{"count":0,"href":"https:\/\/www.mebee.com.tr\/de\/wp-json\/wp\/v2\/product\/11142\/revisions"}],"wp:featuredmedia":[{"embeddable":true,"href":"https:\/\/www.mebee.com.tr\/de\/wp-json\/wp\/v2\/media\/11462"}],"wp:attachment":[{"href":"https:\/\/www.mebee.com.tr\/de\/wp-json\/wp\/v2\/media?parent=11142"}],"wp:term":[{"taxonomy":"product_brand","embeddable":true,"href":"https:\/\/www.mebee.com.tr\/de\/wp-json\/wp\/v2\/product_brand?post=11142"},{"taxonomy":"product_cat","embeddable":true,"href":"https:\/\/www.mebee.com.tr\/de\/wp-json\/wp\/v2\/product_cat?post=11142"},{"taxonomy":"product_tag","embeddable":true,"href":"https:\/\/www.mebee.com.tr\/de\/wp-json\/wp\/v2\/product_tag?post=11142"}],"curies":[{"name":"wp","href":"https:\/\/api.w.org\/{rel}","templated":true}]}}