{"id":11138,"date":"2024-02-11T01:52:59","date_gmt":"2024-02-10T22:52:59","guid":{"rendered":"https:\/\/mebee.com.tr\/urun\/jakarli-moon-eye-mor-kimono"},"modified":"2025-03-18T22:31:47","modified_gmt":"2025-03-18T19:31:47","slug":"jakarli-moon-eye-mor-kimono","status":"publish","type":"product","link":"https:\/\/www.mebee.com.tr\/de\/produkt\/jakarli-moon-eye-mor-kimono","title":{"rendered":"Jacquard Mondauge Lila Kimono"},"content":{"rendered":"<p>Jakarl\u0131 Moon Eye Mor Kimono, gizemli ve b\u00fcy\u00fcleyici bir stil sunar. Mor renk, zarafet ve derinli\u011fi temsil ederken, ay g\u00f6z motifiyle mistik bir hava kat\u0131yor. Y\u00fcksek kaliteli jakar kuma\u015f\u0131ndan \u00fcretilmi\u015f olan bu kimono, hem rahat hem de \u015f\u0131k bir kullan\u0131m sunar. Her mevsim tercih edebilece\u011finiz bu par\u00e7a, g\u00fcnl\u00fck kullan\u0131mdan \u00f6zel davetlere kadar geni\u015f bir kullan\u0131m yelpazesi sunar. Jakarl\u0131 Moon Eye Mor Kimono, dolab\u0131n\u0131zda fark yaratacak e\u015fsiz bir par\u00e7a olmaya aday.<\/p>","protected":false},"excerpt":{"rendered":"<p>Jakarl\u0131 Moon Eye Mor Kimono, gizemli ve b\u00fcy\u00fcleyici bir stil sunar. Mor renk, zarafet ve derinli\u011fi temsil ederken, ay g\u00f6z<\/p>","protected":false},"featured_media":11440,"template":"","meta":{"_joinchat":[]},"product_brand":[],"product_cat":[157],"product_tag":[],"class_list":{"0":"post-11138","1":"product","2":"type-product","3":"status-publish","4":"has-post-thumbnail","6":"product_cat-jakarli-kimono","8":"first","9":"instock","10":"sale","11":"purchasable","12":"product-type-simple"},"_links":{"self":[{"href":"https:\/\/www.mebee.com.tr\/de\/wp-json\/wp\/v2\/product\/11138","targetHints":{"allow":["GET"]}}],"collection":[{"href":"https:\/\/www.mebee.com.tr\/de\/wp-json\/wp\/v2\/product"}],"about":[{"href":"https:\/\/www.mebee.com.tr\/de\/wp-json\/wp\/v2\/types\/product"}],"version-history":[{"count":0,"href":"https:\/\/www.mebee.com.tr\/de\/wp-json\/wp\/v2\/product\/11138\/revisions"}],"wp:featuredmedia":[{"embeddable":true,"href":"https:\/\/www.mebee.com.tr\/de\/wp-json\/wp\/v2\/media\/11440"}],"wp:attachment":[{"href":"https:\/\/www.mebee.com.tr\/de\/wp-json\/wp\/v2\/media?parent=11138"}],"wp:term":[{"taxonomy":"product_brand","embeddable":true,"href":"https:\/\/www.mebee.com.tr\/de\/wp-json\/wp\/v2\/product_brand?post=11138"},{"taxonomy":"product_cat","embeddable":true,"href":"https:\/\/www.mebee.com.tr\/de\/wp-json\/wp\/v2\/product_cat?post=11138"},{"taxonomy":"product_tag","embeddable":true,"href":"https:\/\/www.mebee.com.tr\/de\/wp-json\/wp\/v2\/product_tag?post=11138"}],"curies":[{"name":"wp","href":"https:\/\/api.w.org\/{rel}","templated":true}]}}