{"id":11134,"date":"2024-02-11T01:52:59","date_gmt":"2024-02-10T22:52:59","guid":{"rendered":"https:\/\/mebee.com.tr\/urun\/jakarli-moon-eye-kavunici-kimono"},"modified":"2025-03-18T22:31:44","modified_gmt":"2025-03-18T19:31:44","slug":"jakarli-moon-eye-kavunici-kimono","status":"publish","type":"product","link":"https:\/\/www.mebee.com.tr\/de\/produkt\/jakarli-moon-eye-kavunici-kimono","title":{"rendered":"Jacquard Mondauge Melone Kimono"},"content":{"rendered":"<p>Jakarl\u0131 Moon Eye Kavuni\u00e7i Kimono, zarif ve hafif bir dokunu\u015fla stilinizi zenginle\u015ftirir. Kavuni\u00e7i rengi, ne\u015fe ve s\u0131cakl\u0131k hissi verirken, ay g\u00f6z motifiyle mistik bir atmosfer sunar. Y\u00fcksek kaliteli jakar kuma\u015ftan \u00fcretilmi\u015f olan bu kimono, zarif desenleriyle g\u00f6z al\u0131c\u0131 bir g\u00f6r\u00fcn\u00fcm kazand\u0131r\u0131r. Hafif yap\u0131s\u0131 ve rahat kesimi ile her mevsim rahatl\u0131kla kullanabilirsiniz. Jakarl\u0131 Moon Eye Kavuni\u00e7i Kimono, plajdan ak\u015fam yeme\u011fine kadar her ortamda kullanabilece\u011finiz \u00e7ok y\u00f6nl\u00fc bir par\u00e7ad\u0131r. Kendinizi \u00f6zel hissettirecek bu kimono ile her an\u0131n\u0131zda \u015f\u0131kl\u0131\u011f\u0131 ve konforu bir arada ya\u015fay\u0131n.<\/p>","protected":false},"excerpt":{"rendered":"<p>Jakarl\u0131 Moon Eye Kavuni\u00e7i Kimono, zarif ve hafif bir dokunu\u015fla stilinizi zenginle\u015ftirir. Kavuni\u00e7i rengi, ne\u015fe ve s\u0131cakl\u0131k hissi verirken, ay<\/p>","protected":false},"featured_media":11415,"template":"","meta":{"_joinchat":[]},"product_brand":[],"product_cat":[157],"product_tag":[],"class_list":{"0":"post-11134","1":"product","2":"type-product","3":"status-publish","4":"has-post-thumbnail","6":"product_cat-jakarli-kimono","8":"first","9":"instock","10":"sale","11":"purchasable","12":"product-type-simple"},"_links":{"self":[{"href":"https:\/\/www.mebee.com.tr\/de\/wp-json\/wp\/v2\/product\/11134","targetHints":{"allow":["GET"]}}],"collection":[{"href":"https:\/\/www.mebee.com.tr\/de\/wp-json\/wp\/v2\/product"}],"about":[{"href":"https:\/\/www.mebee.com.tr\/de\/wp-json\/wp\/v2\/types\/product"}],"version-history":[{"count":0,"href":"https:\/\/www.mebee.com.tr\/de\/wp-json\/wp\/v2\/product\/11134\/revisions"}],"wp:featuredmedia":[{"embeddable":true,"href":"https:\/\/www.mebee.com.tr\/de\/wp-json\/wp\/v2\/media\/11415"}],"wp:attachment":[{"href":"https:\/\/www.mebee.com.tr\/de\/wp-json\/wp\/v2\/media?parent=11134"}],"wp:term":[{"taxonomy":"product_brand","embeddable":true,"href":"https:\/\/www.mebee.com.tr\/de\/wp-json\/wp\/v2\/product_brand?post=11134"},{"taxonomy":"product_cat","embeddable":true,"href":"https:\/\/www.mebee.com.tr\/de\/wp-json\/wp\/v2\/product_cat?post=11134"},{"taxonomy":"product_tag","embeddable":true,"href":"https:\/\/www.mebee.com.tr\/de\/wp-json\/wp\/v2\/product_tag?post=11134"}],"curies":[{"name":"wp","href":"https:\/\/api.w.org\/{rel}","templated":true}]}}