{"id":11132,"date":"2024-02-11T01:52:59","date_gmt":"2024-02-10T22:52:59","guid":{"rendered":"https:\/\/mebee.com.tr\/urun\/jakarli-fil-chakra-turkuaz-kimono"},"modified":"2025-03-18T22:31:44","modified_gmt":"2025-03-18T19:31:44","slug":"jakarli-fil-chakra-turkuaz-kimono","status":"publish","type":"product","link":"https:\/\/www.mebee.com.tr\/de\/produkt\/jakarli-fil-chakra-turkuaz-kimono","title":{"rendered":"Jacquard Elefant Chakra T\u00fcrkis Kimono"},"content":{"rendered":"<p>Jakarl\u0131 Fil Chakra Turkuaz Kimono, serin ve ferahlat\u0131c\u0131 bir tarz sunar. Turkuaz rengin canl\u0131l\u0131\u011f\u0131 ve huzur veren tonu, fil chakra motifiyle birle\u015ferek hem g\u00f6rsel bir \u015f\u00f6len hem de anlaml\u0131 bir dokunu\u015f sa\u011flar. Y\u00fcksek kaliteli jakar kuma\u015ftan \u00fcretilen bu kimono, zengin desenleri ile dikkat \u00e7eker ve rahat kesimi sayesinde g\u00fcn boyu konfor sunar. \u0130ster plajda ister g\u00fcnl\u00fck kullan\u0131mda ya da \u00f6zel bir ak\u015fam etkinli\u011finde, Jakarl\u0131 Fil Chakra Turkuaz Kimono, stilinizi taze ve etkileyici bir \u015fekilde tamamlar. Her ortamda pozitif enerjiyi ve \u015f\u0131kl\u0131\u011f\u0131 yans\u0131tan bu kimono, gard\u0131robunuzda \u00f6ne \u00e7\u0131kan par\u00e7alardan biri olacak.<\/p>","protected":false},"excerpt":{"rendered":"<p>Jakarl\u0131 Fil Chakra Turkuaz Kimono, serin ve ferahlat\u0131c\u0131 bir tarz sunar. Turkuaz rengin canl\u0131l\u0131\u011f\u0131 ve huzur veren tonu, fil chakra<\/p>","protected":false},"featured_media":11402,"template":"","meta":{"_joinchat":[]},"product_brand":[],"product_cat":[157],"product_tag":[],"class_list":{"0":"post-11132","1":"product","2":"type-product","3":"status-publish","4":"has-post-thumbnail","6":"product_cat-jakarli-kimono","8":"first","9":"instock","10":"sale","11":"purchasable","12":"product-type-simple"},"_links":{"self":[{"href":"https:\/\/www.mebee.com.tr\/de\/wp-json\/wp\/v2\/product\/11132","targetHints":{"allow":["GET"]}}],"collection":[{"href":"https:\/\/www.mebee.com.tr\/de\/wp-json\/wp\/v2\/product"}],"about":[{"href":"https:\/\/www.mebee.com.tr\/de\/wp-json\/wp\/v2\/types\/product"}],"version-history":[{"count":0,"href":"https:\/\/www.mebee.com.tr\/de\/wp-json\/wp\/v2\/product\/11132\/revisions"}],"wp:featuredmedia":[{"embeddable":true,"href":"https:\/\/www.mebee.com.tr\/de\/wp-json\/wp\/v2\/media\/11402"}],"wp:attachment":[{"href":"https:\/\/www.mebee.com.tr\/de\/wp-json\/wp\/v2\/media?parent=11132"}],"wp:term":[{"taxonomy":"product_brand","embeddable":true,"href":"https:\/\/www.mebee.com.tr\/de\/wp-json\/wp\/v2\/product_brand?post=11132"},{"taxonomy":"product_cat","embeddable":true,"href":"https:\/\/www.mebee.com.tr\/de\/wp-json\/wp\/v2\/product_cat?post=11132"},{"taxonomy":"product_tag","embeddable":true,"href":"https:\/\/www.mebee.com.tr\/de\/wp-json\/wp\/v2\/product_tag?post=11132"}],"curies":[{"name":"wp","href":"https:\/\/api.w.org\/{rel}","templated":true}]}}